{"id":6526,"date":"2022-11-07T11:09:42","date_gmt":"2022-11-07T03:09:42","guid":{"rendered":"https:\/\/www.garden-kit.com\/product\/bonsai-trio-kit-2\/"},"modified":"2023-04-11T17:02:29","modified_gmt":"2023-04-11T09:02:29","slug":"bonsai-trio-kit","status":"publish","type":"product","link":"https:\/\/www.garden-kit.com\/tr\/product\/bonsai-trio-kit\/","title":{"rendered":"Bonsai \u00dc\u00e7l\u00fc Kit"},"content":{"rendered":"<h3 style=\"font-size: 19px;line-height: 1.5\"><span style=\"font-family: arial, helvetica, sans-serif;font-size: 16px\">Bu \u00fcr\u00fcn hakk\u0131nda<\/span><\/h3>\n<ul class=\"a-unordered-list a-vertical a-spacing-mini\" style=\"margin: 0px 0px 0px 18px;color: #0f1111;padding: 0px;font-family: 'Amazon Ember', Arial, sans-serif;font-size: 14px;background-color: #ffffff\">\n<li style=\"list-style-type: disc;margin: 0px\"><span class=\"a-list-item\" style=\"color: #0f1111;font-family: arial, helvetica, sans-serif;font-size: 16px\">E\u015fsiz kendi bonsai a\u011fac\u0131n\u0131 kendin yeti\u015ftir kitimiz 3 farkl\u0131 t\u00fcrde bonsai i\u00e7in tohum i\u00e7erir; G\u00fcm\u00fc\u015f Hu\u015f, K\u0131rm\u0131z\u0131 Ak\u00e7aa\u011fa\u00e7 ve Da\u011f \u00c7am\u0131.<\/span><\/li>\n<li style=\"list-style-type: disc;margin: 0px\"><span class=\"a-list-item\" style=\"color: #0f1111;font-family: arial, helvetica, sans-serif;font-size: 16px\">6 yeti\u015ftirme saks\u0131s\u0131, 6 torf diski, 6 i\u015faretleyici ve 6 kapat\u0131labilir \u00e7o\u011falt\u0131c\u0131 torba ile kendi g\u00fczel, s\u00fcs minyat\u00fcrlerinizi yeti\u015ftirmek i\u00e7in ihtiyac\u0131n\u0131z olan her \u015feye sahip olacaks\u0131n\u0131z.<\/span><\/li>\n<li style=\"list-style-type: disc;margin: 0px\"><span class=\"a-list-item\" style=\"color: #0f1111;font-family: arial, helvetica, sans-serif;font-size: 16px\">Esnek bonsai tohumlar\u0131m\u0131z i\u00e7eride veya d\u0131\u015far\u0131da yeti\u015ftirilebilir. Hem yeni hem de uzman bah\u00e7\u0131vanlar i\u00e7in harika olan yeti\u015ftirme kitimiz ile alan ve hava durumu sorun olmayacakt\u0131r.<\/span><\/li>\n<li style=\"list-style-type: disc;margin: 0px\"><span class=\"a-list-item\" style=\"color: #0f1111;font-family: arial, helvetica, sans-serif;font-size: 16px\">Kad\u0131nlar ve erkekler i\u00e7in e\u011flenceli ve s\u0131ra d\u0131\u015f\u0131 bah\u00e7e hediyeleri mi ar\u0131yorsunuz? Do\u011fum g\u00fcnleri, ev hediyeleri veya '\u00f6ylesine' i\u00e7in bu bonsai a\u011fa\u00e7lar\u0131 vermeye devam ediyor.<\/span><\/li>\n<li style=\"list-style-type: disc;margin: 0px\"><span style=\"font-family: arial, helvetica, sans-serif\"><span class=\"a-list-item\" style=\"color: #0f1111;font-size: 16px\">Bonsai kitinizle ilgili herhangi bir sorunuz varsa, her set ekim ve yeti\u015ftirme ile ilgili ipu\u00e7lar\u0131 ile birlikte gelir, ayr\u0131ca Bitki Tiyatrosu ekibimiz size yard\u0131mc\u0131 olmak i\u00e7in haz\u0131rd\u0131r.<\/span><span class=\"a-list-item\" style=\"color: #0f1111;font-size: 16px\"><\/span><\/span><\/li>\n<\/ul>\n<h3 style=\"padding: 0px 0px 4px;margin: 3px 0px 7px;line-height: 1.5;font-family: 'Amazon Ember', Arial, sans-serif;background-color: #ffffff;font-size: 19px;color: #cc6600\"><\/h3>\n<div class=\"a-row a-spacing-top-base\" style=\"width: 1464px;color: #0f1111;font-family: 'Amazon Ember', Arial, sans-serif;font-size: 14px;background-color: #ffffff;margin-top: 12px;line-height: 1.5\">\n<div class=\"a-column a-span6\" style=\"margin-right: 29.2656px;float: left;min-height: 1px;overflow: visible;width: 716.594px\">\n<div class=\"a-row a-spacing-base\" style=\"width: 716.594px;margin-bottom: 12px\">\n<div class=\"a-row a-expander-container a-expander-extend-container\" style=\"width: 716.594px\">\n<div class=\"a-row\" style=\"width: 716.594px\">\n<div class=\"a-column a-span6\" style=\"margin-right: 28.6562px;float: left;min-height: 1px;overflow: visible;width: 343.688px\">\n<h3 class=\"a-size-medium a-spacing-small\" style=\"padding: 0px;margin: 0px 0px 8px;font-size: 19px;line-height: 24px\"><span style=\"font-family: arial, helvetica, sans-serif\">Teknik detaylar<\/span><\/h3>\n<\/div>\n<\/div>\n<div class=\"a-expander-content a-expander-extend-content\">\n<div class=\"a-row a-expander-container a-expander-inline-container\" style=\"width: 716.594px\">\n<div class=\"a-expander-content a-expander-section-content a-section-expander-inner\" style=\"padding: 12px 18px\">\n<table id=\"productDetails_techSpec_section_1\" class=\"a-keyvalue prodDetTable\" role=\"presentation\" cellpadding=\"7px 14px 6px\" style=\"border-collapse: collapse;width: 100%\">\n<tbody>\n<tr>\n<th class=\"a-color-secondary a-size-base prodDetSectionEntry\" style=\"vertical-align: top;text-align: left;padding: 7px 14px 6px;color: #0f1111;background-color: #f0f2f2;border-top: 1px solid #bbbfbf;max-width: 200px;width: 340.297px;font-size: 14px;line-height: 20px\"><span style=\"font-family: arial, helvetica, sans-serif\">\u00dcr\u00fcn Boyutlar\u0131<\/span><\/th>\n<td class=\"a-size-base prodDetAttrValue\" style=\"vertical-align: top;padding: 7px 14px 6px;border-top: 1px solid #bbbfbf;color: #333333;max-width: 200px;font-size: 14px;line-height: 20px\"><span style=\"font-family: arial, helvetica, sans-serif\">12,5 x 10 x 14,5 cm; 140 Gram<\/span><\/td>\n<\/tr>\n<tr>\n<th class=\"a-color-secondary a-size-base prodDetSectionEntry\" style=\"vertical-align: top;text-align: left;padding: 7px 14px 6px;color: #0f1111;background-color: #f0f2f2;border-top: 1px solid #bbbfbf;max-width: 200px;width: 340.297px;font-size: 14px;line-height: 20px\"><span style=\"font-family: arial, helvetica, sans-serif\">Malzeme t\u00fcr\u00fc<\/span><\/th>\n<td class=\"a-size-base prodDetAttrValue\" style=\"vertical-align: top;padding: 7px 14px 6px;border-top: 1px solid #bbbfbf;color: #333333;max-width: 200px;font-size: 14px;line-height: 20px\"><span style=\"font-family: arial, helvetica, sans-serif\">Bonsai A\u011fa\u00e7 Kiti<\/span><\/td>\n<\/tr>\n<tr>\n<th class=\"a-color-secondary a-size-base prodDetSectionEntry\" style=\"vertical-align: top;text-align: left;padding: 7px 14px 6px;color: #0f1111;background-color: #f0f2f2;border-top: 1px solid #bbbfbf;max-width: 200px;width: 340.297px;font-size: 14px;line-height: 20px\"><span style=\"font-family: arial, helvetica, sans-serif\">Beklenen \u00e7i\u00e7eklenme d\u00f6nemi<\/span><\/th>\n<td class=\"a-size-base prodDetAttrValue\" style=\"vertical-align: top;padding: 7px 14px 6px;border-top: 1px solid #bbbfbf;color: #333333;max-width: 200px;font-size: 14px;line-height: 20px\"><span style=\"font-family: arial, helvetica, sans-serif\">Sonbahar<\/span><\/td>\n<\/tr>\n<tr>\n<th class=\"a-color-secondary a-size-base prodDetSectionEntry\" style=\"vertical-align: top;text-align: left;padding: 7px 14px 6px;color: #0f1111;background-color: #f0f2f2;border-top: 1px solid #bbbfbf;max-width: 200px;width: 340.297px;font-size: 14px;line-height: 20px\"><span style=\"font-family: arial, helvetica, sans-serif\">G\u00fcne\u015f \u0131\u015f\u0131\u011f\u0131na maruz kalma<\/span><\/th>\n<td class=\"a-size-base prodDetAttrValue\" style=\"vertical-align: top;padding: 7px 14px 6px;border-top: 1px solid #bbbfbf;color: #333333;max-width: 200px;font-size: 14px;line-height: 20px\"><span style=\"font-family: arial, helvetica, sans-serif\">Tam G\u00fcne\u015f, K\u0131smi G\u00f6lge<\/span><\/td>\n<\/tr>\n<tr>\n<th class=\"a-color-secondary a-size-base prodDetSectionEntry\" style=\"vertical-align: top;text-align: left;padding: 7px 14px 6px;color: #0f1111;background-color: #f0f2f2;border-top: 1px solid #bbbfbf;max-width: 200px;width: 340.297px;font-size: 14px;line-height: 20px\"><span style=\"font-family: arial, helvetica, sans-serif\">\u00dcretici firma<\/span><\/th>\n<td class=\"a-size-base prodDetAttrValue\" style=\"vertical-align: top;padding: 7px 14px 6px;border-top: 1px solid #bbbfbf;color: #333333;max-width: 200px;font-size: 14px;line-height: 20px\"><span style=\"font-family: arial, helvetica, sans-serif\">Bitki Tiyatrosu<\/span><\/td>\n<\/tr>\n<\/tbody>\n<\/table>\n<\/div>\n<\/div>\n<\/div>\n<\/div>\n<\/div>\n<\/div>\n<\/div>\n<p style=\"line-height: 1.5\">","protected":false},"excerpt":{"rendered":"<p>Plant Theatre Bonsai A\u011fac\u0131 Seti - Bonsai Tohumlar\u0131, Turba Bloklar\u0131, Saks\u0131lar ve \u0130\u015faretleyicilerle 3 A\u011fa\u00e7 Ba\u015flang\u0131\u00e7 Seti - Erkekler ve Kad\u0131nlar i\u00e7in Bah\u00e7ecilik Hediyeleri<\/p>","protected":false},"featured_media":13925,"comment_status":"closed","ping_status":"closed","template":"","meta":[],"product_cat":[40],"product_tag":[634,326,633,105,635,636,632,638,637],"acf":[],"_links":{"self":[{"href":"https:\/\/www.garden-kit.com\/tr\/wp-json\/wp\/v2\/product\/6526"}],"collection":[{"href":"https:\/\/www.garden-kit.com\/tr\/wp-json\/wp\/v2\/product"}],"about":[{"href":"https:\/\/www.garden-kit.com\/tr\/wp-json\/wp\/v2\/types\/product"}],"replies":[{"embeddable":true,"href":"https:\/\/www.garden-kit.com\/tr\/wp-json\/wp\/v2\/comments?post=6526"}],"wp:featuredmedia":[{"embeddable":true,"href":"https:\/\/www.garden-kit.com\/tr\/wp-json\/wp\/v2\/media\/13925"}],"wp:attachment":[{"href":"https:\/\/www.garden-kit.com\/tr\/wp-json\/wp\/v2\/media?parent=6526"}],"wp:term":[{"taxonomy":"product_cat","embeddable":true,"href":"https:\/\/www.garden-kit.com\/tr\/wp-json\/wp\/v2\/product_cat?post=6526"},{"taxonomy":"product_tag","embeddable":true,"href":"https:\/\/www.garden-kit.com\/tr\/wp-json\/wp\/v2\/product_tag?post=6526"}],"curies":[{"name":"wp","href":"https:\/\/api.w.org\/{rel}","templated":true}]}}