{"id":6538,"date":"2022-11-07T11:35:02","date_gmt":"2022-11-07T03:35:02","guid":{"rendered":"https:\/\/www.garden-kit.com\/product\/succulent-seed-kit\/"},"modified":"2023-03-31T14:42:21","modified_gmt":"2023-03-31T06:42:21","slug":"grow-your-own-cactus-kit","status":"publish","type":"product","link":"https:\/\/www.garden-kit.com\/tr\/product\/grow-your-own-cactus-kit\/","title":{"rendered":"Kendi Kakt\u00fcs Kitinizi Yeti\u015ftirin"},"content":{"rendered":"<p style=\"line-height: 1.5\"><span style=\"font-family: arial, helvetica, sans-serif\">Bu \u00fcr\u00fcn\u00fcn gereksinimleri kar\u015f\u0131lad\u0131\u011f\u0131ndan emin olmak i\u00e7in l\u00fctfen bizimle ileti\u015fime ge\u00e7in.<\/span><br \/><span style=\"font-family: arial, helvetica, sans-serif\">Elle se\u00e7ilmi\u015f - bir hobicinin favorisi! Tan\u0131nm\u0131\u015f bitki severler ve yeni ba\u015flayanlar, bu evde yeti\u015ftirilen sukulent tohum setlerinin zamans\u0131z g\u00fczelli\u011fini takdir ediyor ve bunlar\u0131 \"rahat bir hobinin tad\u0131n\u0131 \u00e7\u0131karman\u0131n keyifli bir yolu\" ve Babalar G\u00fcn\u00fc, do\u011fum g\u00fcnleri, tatiller veya arkada\u015flar i\u00e7in bir te\u015fekk\u00fcr hediyesi olarak \"sevilen bir hediye\" olarak ilan ediyorlar.<\/span><br \/><span style=\"font-family: arial, helvetica, sans-serif\">Sevgiyi b\u00fcy\u00fctmek i\u00e7in ihtiyac\u0131n\u0131z olan her \u015fey. Premium Kakt\u00fcs ve Sukulent Ba\u015flang\u0131\u00e7 Seti, ma\u011fazaya gitmenizi gerektirmez; saf bitki keyfini ya\u015famak i\u00e7in ihtiyac\u0131n\u0131z olan t\u00fcm g\u00fczellikleri sa\u011flar - 4 saks\u0131, 4 damlama tepsisi, 4 bitki i\u015faretleyici, 1 kakt\u00fcs tohumu kar\u0131\u015f\u0131m\u0131, 1 sukulent tohumu kar\u0131\u015f\u0131m\u0131, turba topra\u011f\u0131, perlit torbalar\u0131, kelp (g\u00fcbre) ve s\u00fcper kolay yeti\u015ftirme talimatlar\u0131.<\/span><\/p>\n<p style=\"line-height: 1.5\"><span style=\"font-family: arial, helvetica, sans-serif\"><\/span><\/p>\n<table class=\"woocommerce-product-attributes shop_attributes\" style=\"border-collapse: collapse;width: 100%;background-color: #ffffff;border-style: dotted;margin-left: auto;margin-right: auto\">\n<tbody style=\"margin: 0px;padding: 0px;border-width: 0px;font-style: inherit;font-weight: inherit;font-size: inherit;line-height: inherit;font-family: inherit;vertical-align: baseline\">\n<tr class=\"woocommerce-product-attributes-item woocommerce-product-attributes-item--attribute_pa_package-dimensions\" style=\"margin: 0px;padding: 0px;border-width: 0px;font-style: inherit;font-weight: inherit;font-size: inherit;line-height: inherit;font-family: inherit;vertical-align: baseline\">\n<th class=\"woocommerce-product-attributes-item__label\" style=\"margin: 0px;padding: 8px 20px;border-width: 0px 1px 1px 0px;border-right-style: dotted;border-bottom-style: dotted;font-style: inherit;font-weight: bold;font-size: inherit;line-height: 1.5em;font-family: inherit;vertical-align: middle;text-align: right;width: 535.141px\">Paket Boyutlar\u0131<\/th>\n<td class=\"woocommerce-product-attributes-item__value\" style=\"margin: 0px;padding: 8px 10px;border-top-width: 0px;border-right-style: none;border-left-width: 0px;font-style: inherit;font-weight: inherit;font-size: inherit;line-height: 1.5em;font-family: inherit;vertical-align: baseline\">\n<p style=\"margin: 0px;padding: 0px;border-width: 0px;font-style: inherit;font-weight: inherit;font-size: 16px;line-height: 28px;font-family: inherit;vertical-align: baseline\"><a href=\"https:\/\/healthingarden.com\/package-dimensions\/6-89-x-5-35-x-3-66-inches\/\" rel=\"tag nofollow noopener\" style=\"margin: 0px;padding: 0px;border-width: 0px;font-style: inherit;font-weight: inherit;font-size: inherit;line-height: inherit;font-family: inherit;vertical-align: baseline;color: #5cb431\" target=\"_blank\">6,89 x 5,35 x 3,66 in\u00e7<\/a><\/p>\n<\/td>\n<\/tr>\n<tr class=\"woocommerce-product-attributes-item woocommerce-product-attributes-item--attribute_pa_item-weight\" style=\"margin: 0px;padding: 0px;border-width: 0px;font-style: inherit;font-weight: inherit;font-size: inherit;line-height: inherit;font-family: inherit;vertical-align: baseline\">\n<th class=\"woocommerce-product-attributes-item__label\" style=\"margin: 0px;padding: 8px 20px;border-width: 0px 1px 1px 0px;border-right-style: dotted;border-bottom-style: dotted;font-style: inherit;font-weight: bold;font-size: inherit;line-height: 1.5em;font-family: inherit;vertical-align: middle;text-align: right;width: 535.141px\">\u00dcr\u00fcn A\u011f\u0131rl\u0131\u011f\u0131<\/th>\n<td class=\"woocommerce-product-attributes-item__value\" style=\"margin: 0px;padding: 8px 10px;border-top-width: 0px;border-right-style: none;border-left-width: 0px;font-style: inherit;font-weight: inherit;font-size: inherit;line-height: 1.5em;font-family: inherit;vertical-align: baseline\">\n<p style=\"margin: 0px;padding: 0px;border-width: 0px;font-style: inherit;font-weight: inherit;font-size: 16px;line-height: 28px;font-family: inherit;vertical-align: baseline\"><a href=\"https:\/\/healthingarden.com\/item-weight\/10-2-ounces\/\" rel=\"tag nofollow noopener\" style=\"margin: 0px;padding: 0px;border-width: 0px;font-style: inherit;font-weight: inherit;font-size: inherit;line-height: inherit;font-family: inherit;vertical-align: baseline;color: #5cb431\" target=\"_blank\">10,2 ons<\/a><\/p>\n<\/td>\n<\/tr>\n<tr class=\"woocommerce-product-attributes-item woocommerce-product-attributes-item--attribute_pa_manufacturer\" style=\"margin: 0px;padding: 0px;border-width: 0px;font-style: inherit;font-weight: inherit;font-size: inherit;line-height: inherit;font-family: inherit;vertical-align: baseline\">\n<th class=\"woocommerce-product-attributes-item__label\" style=\"margin: 0px;padding: 8px 20px;border-width: 0px 1px 1px 0px;border-right-style: dotted;border-bottom-style: dotted;font-style: inherit;font-weight: bold;font-size: inherit;line-height: 1.5em;font-family: inherit;vertical-align: middle;text-align: right;width: 535.141px\">\u00dcretici firma<\/th>\n<td class=\"woocommerce-product-attributes-item__value\" style=\"margin: 0px;padding: 8px 10px;border-top-width: 0px;border-right-style: none;border-left-width: 0px;font-style: inherit;font-weight: inherit;font-size: inherit;line-height: 1.5em;font-family: inherit;vertical-align: baseline\">\n<p style=\"margin: 0px;padding: 0px;border-width: 0px;font-style: inherit;font-weight: inherit;font-size: 16px;line-height: 28px;font-family: inherit;vertical-align: baseline\">Bah\u00e7e Kiti<\/p>\n<\/td>\n<\/tr>\n<tr class=\"woocommerce-product-attributes-item woocommerce-product-attributes-item--attribute_pa_brand\" style=\"margin: 0px;padding: 0px;border-width: 0px;font-style: inherit;font-weight: inherit;font-size: inherit;line-height: inherit;font-family: inherit;vertical-align: baseline\">\n<th class=\"woocommerce-product-attributes-item__label\" style=\"margin: 0px;padding: 8px 20px;border-width: 0px 1px 1px 0px;border-right-style: dotted;border-bottom-style: dotted;font-style: inherit;font-weight: bold;font-size: inherit;line-height: 1.5em;font-family: inherit;vertical-align: middle;text-align: right;width: 535.141px\">Marka<\/th>\n<td class=\"woocommerce-product-attributes-item__value\" style=\"margin: 0px;padding: 8px 10px;border-top-width: 0px;border-right-style: none;border-left-width: 0px;font-style: inherit;font-weight: inherit;font-size: inherit;line-height: 1.5em;font-family: inherit;vertical-align: baseline\">\n<p style=\"margin: 0px;padding: 0px;border-width: 0px;font-style: inherit;font-weight: inherit;font-size: 16px;line-height: 28px;font-family: inherit;vertical-align: baseline\"><a href=\"https:\/\/healthingarden.com\/brand\/visit-the-home-grown-store\/\" rel=\"tag nofollow noopener\" style=\"margin: 0px;padding: 0px;border-width: 0px;font-style: inherit;font-weight: inherit;font-size: inherit;line-height: inherit;font-family: inherit;vertical-align: baseline;color: #5cb431\" target=\"_blank\">Garden-Kit Ma\u011fazas\u0131n\u0131 ziyaret edin<\/a><\/p>\n<\/td>\n<\/tr>\n<\/tbody>\n<\/table>","protected":false},"excerpt":{"rendered":"<p>Dikim i\u00e7in Etli ve Kakt\u00fcs Tohum Seti \u2013 [Merakl\u0131lar\u0131n Favorileri] Premium Kakt\u00fcs ve Etli Ba\u015flang\u0131\u00e7 Seti: 4 Saks\u0131\u2026<\/p>","protected":false},"featured_media":12108,"comment_status":"open","ping_status":"closed","template":"","meta":[],"product_cat":[40],"product_tag":[477,475,466,463,328,476],"acf":[],"_links":{"self":[{"href":"https:\/\/www.garden-kit.com\/tr\/wp-json\/wp\/v2\/product\/6538"}],"collection":[{"href":"https:\/\/www.garden-kit.com\/tr\/wp-json\/wp\/v2\/product"}],"about":[{"href":"https:\/\/www.garden-kit.com\/tr\/wp-json\/wp\/v2\/types\/product"}],"replies":[{"embeddable":true,"href":"https:\/\/www.garden-kit.com\/tr\/wp-json\/wp\/v2\/comments?post=6538"}],"wp:featuredmedia":[{"embeddable":true,"href":"https:\/\/www.garden-kit.com\/tr\/wp-json\/wp\/v2\/media\/12108"}],"wp:attachment":[{"href":"https:\/\/www.garden-kit.com\/tr\/wp-json\/wp\/v2\/media?parent=6538"}],"wp:term":[{"taxonomy":"product_cat","embeddable":true,"href":"https:\/\/www.garden-kit.com\/tr\/wp-json\/wp\/v2\/product_cat?post=6538"},{"taxonomy":"product_tag","embeddable":true,"href":"https:\/\/www.garden-kit.com\/tr\/wp-json\/wp\/v2\/product_tag?post=6538"}],"curies":[{"name":"wp","href":"https:\/\/api.w.org\/{rel}","templated":true}]}}