{"id":6572,"date":"2022-11-07T14:09:03","date_gmt":"2022-11-07T06:09:03","guid":{"rendered":"https:\/\/www.garden-kit.com\/product\/cactus-growing-kit\/"},"modified":"2023-03-31T14:40:18","modified_gmt":"2023-03-31T06:40:18","slug":"cactus-growing-kit","status":"publish","type":"product","link":"https:\/\/www.garden-kit.com\/tr\/product\/cactus-growing-kit\/","title":{"rendered":"Kakt\u00fcs Yeti\u015ftirme Kiti"},"content":{"rendered":"<p style=\"line-height: 1.5\"><span style=\"font-family: arial, helvetica, sans-serif\">????TOHUMLARDAN KEND\u0130 M\u0130N\u0130 KAKT\u00dcS B\u0130TK\u0130LER\u0130N\u0130Z\u0130 YET\u0130\u015eT\u0130R\u0130N: Alt\u0131n F\u0131\u00e7\u0131, Saguaro, Kirpi, Ferocactus ve Organ Borular\u0131 \u2013 1 Stayfresh Po\u015fette 5 \u00c7e\u015fit \u2013 yakla\u015f\u0131k 70 tohum. C\u00f6mert yeti\u015ftirme kiti ayn\u0131 zamanda Kakt\u00fcs Saks\u0131lar\u0131, Bitki \u0130\u015faretleyicileri, S\u0131k\u0131\u015ft\u0131r\u0131lm\u0131\u015f Toprak, Vermik\u00fclit, Su Mister ve Ad\u0131m Ad\u0131m K\u0131lavuz i\u00e7erir<\/span><\/p>\n<p style=\"line-height: 1.5\"><span style=\"font-family: arial, helvetica, sans-serif\">????SIRADI\u015eI BAH\u00c7E HED\u0130YES\u0130: Bu Komple Kakt\u00fcs Ba\u015flang\u0131\u00e7 Seti Harika bir Hediyedir. Bah\u00e7e severler i\u00e7in g\u00fczelce paketlenmi\u015f, ideal bir Gizli Noel Baba Hediyesi veya \u00c7orap dolgusu.<\/span><\/p>\n<p style=\"line-height: 1.5\"><span style=\"font-family: arial, helvetica, sans-serif\">????\u0130HT\u0130YACINIZ OLAN HER \u015eEY BAS\u0130T B\u0130R BA\u015eLANGI\u00c7 SET\u0130NDE: Grow kiti, Kakt\u00fcs tohumlar\u0131ndan \u00e7imlenmeye kadar size rehberlik eder. Dikenli bitkileriniz i\u00e7 mekan teraryumunuza harika bir katk\u0131 sa\u011flayacak!<\/span><\/p>\n<p style=\"line-height: 1.5\"><span style=\"font-family: arial, helvetica, sans-serif\">????YE\u015e\u0130L PARMAKLAR ZORUNLU DE\u011e\u0130LD\u0130R: Daha \u00f6nce hi\u00e7 s\u0131ra d\u0131\u015f\u0131 ev bitkileri yeti\u015ftirmediyseniz endi\u015felenmeyin \u2013 bu kit yeni ba\u015flayanlar i\u00e7in tasarlanm\u0131\u015ft\u0131r. Kakt\u00fcs yeti\u015ftirmek son derece basittir ve Kapsaml\u0131 K\u0131lavuz ba\u015far\u0131n\u0131z\u0131 garanti eder. Burada durmuyoruz \u2013 B\u00fcy\u00fcme s\u00fcrecinin her a\u015famas\u0131nda yard\u0131mc\u0131 olmak i\u00e7in buraday\u0131z.<\/span><\/p>\n<p style=\"line-height: 1.5\"><span style=\"font-family: arial, helvetica, sans-serif\">????100% MEMNUN\u0130YET GARANT\u0130S\u0130: Harika bir Kakt\u00fcsler Ba\u015flang\u0131\u00e7 Kiti \u00fcretmek i\u00e7in ekstra yol kat ettik ve onu sevece\u011finizden eminiz! Herhangi bir nedenle kitinizden memnun de\u011filseniz bize bildirin<\/span><\/p>\n<p style=\"line-height: 1.5\"><span style=\"font-family: arial, helvetica, sans-serif\"><\/span><\/p>\n<p>Y\u00fcksek kaliteli kakt\u00fcs ba\u015flang\u0131\u00e7 kitleri i\u00e7in eksiksiz bir sat\u0131n alma k\u0131lavuzu<br \/>Kakt\u00fcs yeti\u015ftirmenin faydalar\u0131 nelerdir?<br \/>Kakt\u00fcsler (veya ba\u015fka bir etli bitki) yeti\u015ftirmeniz gerekip gerekmedi\u011fi, bah\u00e7ecilik merakl\u0131lar\u0131 ve benzer \u015fekilde uzmanlar aras\u0131nda temel bir tart\u0131\u015fma olmu\u015ftur. Baz\u0131lar\u0131 bu dikenli bitkilerin i\u00e7inize negatif enerji getirdi\u011fini iddia ediyor. Ayn\u0131 zamanda baz\u0131lar\u0131 \u015fifa g\u00fcc\u00fcne sahip oldu\u011funu iddia ediyor.<\/p>\n<p>Ama burada ger\u00e7eklerden ve bilimden bahsedece\u011fiz.<\/p>\n<p>Her bitki gibi kakt\u00fcs de fotosentez yoluyla nefes al\u0131r ve \u00fcr\u00fcn\u00fc olan oksijen insanlara faydal\u0131d\u0131r. Bu s\u00fcre\u00e7te kakt\u00fcs ayn\u0131 zamanda karbondioksiti de emer.<\/p>\n<p>Bu nedenle, b\u00fcy\u00fcyen kakt\u00fcsler odadaki oksijenin karbondioksite oran\u0131n\u0131n artmas\u0131na yard\u0131mc\u0131 olabilir. Dahas\u0131, artan oksijen kayna\u011f\u0131 sa\u011fl\u0131\u011f\u0131n\u0131z\u0131n iyile\u015fmesine yol a\u00e7ar. Ayr\u0131ca kendinizi yenilenmi\u015f ve enerji dolu hissedebilirsiniz.<\/p>\n<p>Bu ye\u015fil bitkileri \u00e7al\u0131\u015fma alan\u0131n\u0131z\u0131n etraf\u0131na yerle\u015ftirmenin zihniniz \u00fczerinde de olumlu bir etkisi vard\u0131r. \u0130nsanlar fark edilir derecede daha sakin, daha odaklanm\u0131\u015f ve daha \u00fcretken hissedecekler. Genel olarak, kakt\u00fcs yeti\u015ftirmenin ki\u015finin sa\u011fl\u0131\u011f\u0131na b\u00fcy\u00fck faydalar\u0131 vard\u0131r.<\/p>\n<p>En iyi kakt\u00fcs ba\u015flang\u0131\u00e7 kitlerinin \u00f6zellikleri<br \/>Piyasada \u00e7ok say\u0131da en iyi kakt\u00fcs ba\u015flang\u0131\u00e7 kitleri bulunmaktad\u0131r. Bu nedenle, \u00f6zellikle tek seferde ba\u015far\u0131l\u0131 sonu\u00e7lar elde etmek istiyorsan\u0131z do\u011fru olan\u0131 bulmak zor olabilir.<\/p>\n<p>A\u015fa\u011f\u0131da ideal kakt\u00fcs setini sat\u0131n almay\u0131 kolayla\u015ft\u0131rabilecek baz\u0131 \u00f6nemli \u00f6zellikleri derledik. Devam\u0131n\u0131 oku!<\/p>\n<p>Kakt\u00fcs t\u00fcrleri<br \/>Farkl\u0131 kakt\u00fcs yeti\u015ftirme kitleri farkl\u0131 kakt\u00fcs t\u00fcrleri i\u00e7erir. Bunlar \u015funlar\u0131 i\u00e7erir:<\/p>\n<p>Dikenli incir<br \/>Saguaro <br \/>Tav\u015fan kakt\u00fcs<br \/>Alt\u0131n varil kakt\u00fcs<br \/>Baz\u0131lar\u0131, mini bah\u00e7enizde \u00e7e\u015fitlili\u011fe sahip olman\u0131za yard\u0131mc\u0131 olmak i\u00e7in sulu meyvelerin tohumlar\u0131n\u0131 bile i\u00e7erir. Belirli bir t\u00fcr ar\u0131yorsan\u0131z, pakette ne yazd\u0131\u011f\u0131n\u0131 kontrol edin.<\/p>\n<p>Tohumlar\u0131n miktar\u0131 ve kalitesi <br \/>Baz\u0131 tohumlar\u0131n \u00e7imlenmesinde bir sak\u0131nca yoktur, baz\u0131lar\u0131nda ise yoktur. Ancak kakt\u00fcs yeti\u015ftirmek i\u00e7in bu kadar \u00e7ok zaman harcamak ve hi\u00e7birinin ba\u015far\u0131l\u0131 olamamas\u0131n\u0131 g\u00f6rmek y\u00fcrek par\u00e7alay\u0131c\u0131 olabilir. Bu nedenle test edilmi\u015f ve sertifikal\u0131 tohumlar vaat eden kakt\u00fcs ba\u015flang\u0131\u00e7 kitlerini se\u00e7ti\u011finizden emin olun.<\/p>\n<p>Bu y\u00fcksek kaliteli tohumlar\u0131n do\u011fru ko\u015fullar sa\u011fland\u0131\u011f\u0131nda b\u00fcy\u00fcmesi garanti edilir. Emin de\u011filseniz, her t\u00fcr i\u00e7in \u00e7ok say\u0131da tohum i\u00e7eren bir kit se\u00e7in. B\u00f6ylece bir hata meydana gelse bile elinizde deneme i\u00e7in bir miktar tohum kalm\u0131\u015f olacakt\u0131r.<\/p>\n<p>Kullan\u0131m kolayl\u0131\u011f\u0131 <br \/>Kakt\u00fcs yeti\u015ftirmede yeni ba\u015flayan veya uzman olman\u0131z fark etmez. Kakt\u00fcs yeti\u015ftirme kiti sat\u0131n al\u0131rken mutlaka bir k\u0131lavuz da dahil oldu\u011fundan emin olun. Bazen i\u015flenmi\u015f tohumlar, ba\u015far\u0131l\u0131 kakt\u00fcsler yeti\u015ftirmek i\u00e7in benzersiz bir y\u00f6ntem gerektirir. Firmadan bir kullan\u0131m k\u0131lavuzuna sahip olmak i\u015fleri kolayla\u015ft\u0131rabilir.<\/p>\n<p>Aksesuarlar <br \/>Buna ek olarak, yeti\u015ftirme kitinde yer alan di\u011fer alet ve malzemeleri de kontrol etmelisiniz. Bu aksesuarlar sizi ayr\u0131 ayr\u0131 sat\u0131n alma zahmetinden kurtarabilir.<\/p>\n<p>Kakt\u00fcs yeti\u015ftirme kitlerinin \u00e7o\u011fu toprak kar\u0131\u015f\u0131mlar\u0131, saks\u0131lar ve bitki i\u015faretleyicileriyle birlikte gelir. Ancak baz\u0131lar\u0131 yaln\u0131zca tohum veya toprak kar\u0131\u015f\u0131mlar\u0131n\u0131 i\u00e7erir.<\/p>\n<p>Kakt\u00fcsleri nas\u0131l yeti\u015ftirirsiniz?<br \/>B\u00fcy\u00fcyen kakt\u00fcs kitleri olduk\u00e7a basit ve kolayd\u0131r. Genellikle her kit a\u015fa\u011f\u0131dakileri i\u00e7eren ayr\u0131nt\u0131l\u0131 bir k\u0131lavuz i\u00e7erir:<\/p><\/p>","protected":false},"excerpt":{"rendered":"<p>Kakt\u00fcs Seti - Kendi Kakt\u00fcs Bitkilerinizi \u0130\u00e7 Mekanda Yeti\u015ftirin - Bah\u00e7e Hediyesi<\/p><\/p>","protected":false},"featured_media":12049,"comment_status":"open","ping_status":"closed","template":"","meta":[],"product_cat":[40],"product_tag":[464,329,470,468,467,466,463,465,469,471],"acf":[],"_links":{"self":[{"href":"https:\/\/www.garden-kit.com\/tr\/wp-json\/wp\/v2\/product\/6572"}],"collection":[{"href":"https:\/\/www.garden-kit.com\/tr\/wp-json\/wp\/v2\/product"}],"about":[{"href":"https:\/\/www.garden-kit.com\/tr\/wp-json\/wp\/v2\/types\/product"}],"replies":[{"embeddable":true,"href":"https:\/\/www.garden-kit.com\/tr\/wp-json\/wp\/v2\/comments?post=6572"}],"wp:featuredmedia":[{"embeddable":true,"href":"https:\/\/www.garden-kit.com\/tr\/wp-json\/wp\/v2\/media\/12049"}],"wp:attachment":[{"href":"https:\/\/www.garden-kit.com\/tr\/wp-json\/wp\/v2\/media?parent=6572"}],"wp:term":[{"taxonomy":"product_cat","embeddable":true,"href":"https:\/\/www.garden-kit.com\/tr\/wp-json\/wp\/v2\/product_cat?post=6572"},{"taxonomy":"product_tag","embeddable":true,"href":"https:\/\/www.garden-kit.com\/tr\/wp-json\/wp\/v2\/product_tag?post=6572"}],"curies":[{"name":"wp","href":"https:\/\/api.w.org\/{rel}","templated":true}]}}