{"id":6578,"date":"2022-11-07T14:11:51","date_gmt":"2022-11-07T06:11:51","guid":{"rendered":"https:\/\/www.garden-kit.com\/product\/plant-terrarium-kit\/"},"modified":"2023-03-31T14:45:29","modified_gmt":"2023-03-31T06:45:29","slug":"plant-terrarium-kit","status":"publish","type":"product","link":"https:\/\/www.garden-kit.com\/tr\/product\/plant-terrarium-kit\/","title":{"rendered":"Bitki Teraryum Seti"},"content":{"rendered":"<h3 style=\"font-size: 19px\"><strong>Bitki Teraryum Kiti \u0130\u00e7eri\u011fi:<\/strong><\/h3>\n<p><strong>KENDI TERARYUMUNUZU YAPIN: <\/strong>\u00d6nceden \u00f6l\u00e7\u00fclm\u00fc\u015f temel malzemeler \u015funlard\u0131r; Kakt\u00fcs Topra\u011f\u0131 250g, Drenaj \u00c7ak\u0131llar\u0131130g, Aktif K\u00f6m\u00fcr 30g, Yosun, 50g, Dekoratif \u00c7ak\u0131l 150g ve Aletler. C\u00f6mert tedarik - 15-20 cm'lik bir bal\u0131k kasesini doldurmaya yetecek kadar!!! Malzemeler d\u00f6k\u00fclmeyi \u00f6nlemek i\u00e7in a\u011f\u0131r hizmet torbalar\u0131nda m\u00fch\u00fcrlenmi\u015ftir.<\/p>\n<p style=\"text-align: center\"><img decoding=\"async\" src=\"https:\/\/data.adwebcloud.com\/public\/material\/2206293ihquj\/product\/il_1140xN.3043638372_snz1_1667801392478.jpg\" alt=\"\u00f6rnek\" width=\"1000\" title=\"\"><\/p>\n<p><strong>\u00dcST\u00dcN KALITELI KAKT\u00dcS KOMPOSTU: <\/strong>Teraryum bitkilerinizin sa\u011fl\u0131kl\u0131 kalmas\u0131n\u0131 ve geli\u015fmesini sa\u011flamak i\u00e7in \u00f6zel olarak form\u00fcle edilmi\u015f toprak. Bu kalitedeki toprak yerel bah\u00e7e merkezlerinde bulunmaz.<\/p>\n<p style=\"text-align: center\"><img decoding=\"async\" src=\"https:\/\/data.adwebcloud.com\/public\/material\/2206293ihquj\/product\/il_1140xN.3043637230_kqxu_1667801399728.jpg\" alt=\"\u00f6rnek\" width=\"1000\" title=\"\"><\/p>\n<p><strong>15 SAYFALIK REHBER: <\/strong>Minyat\u00fcr Cam Bah\u00e7enizi yapman\u0131n ard\u0131ndaki Sanat ve Bilimi \u00f6\u011frenin. Bu kendi kendine yeten eko-sistemlerin nas\u0131l \u00e7al\u0131\u015ft\u0131\u011f\u0131n\u0131 ke\u015ffedin, En iyi Bitkileri nas\u0131l se\u00e7ece\u011finizi, Teraryumunuzun bak\u0131m\u0131n\u0131 nas\u0131l yapaca\u011f\u0131n\u0131z\u0131 ve \u00e7ok daha fazlas\u0131n\u0131 \u00f6\u011frenin...<\/p>\n<\/p>\n<p><strong>E\u011eLENCELI, HIZLI VE KOLAY:<\/strong> Bir saatten k\u0131sa bir s\u00fcrede ba\u015fyap\u0131t\u0131n\u0131z\u0131 yarat\u0131n. Arkada\u015flar\u0131n\u0131zla ve ailenizle payla\u015fmak i\u00e7in m\u00fckemmel bir etkinlik!<\/p>\n<\/p>\n<p><strong>HARIKA BIR HEDIYE FIKRI: <\/strong>T\u00fcr\u00fcn\u00fcn tek \u00f6rne\u011fi bir hediye yaratmak i\u00e7in tek ihtiyac\u0131n\u0131z olan cam bir kap ve \u00e7e\u015fitli Kakt\u00fcsler veya sukulentler. Sorgula'ya t\u0131klay\u0131n ve Kitinizi Bug\u00fcn Sipari\u015f Edin!<\/p>\n<\/p>\n<h3 style=\"font-size: 19px\"><strong>Bitki Teraryum Kiti \u00d6zellikleri:<\/strong><\/h3>\n<ul>\n<li>Teraryum setimiz sadece klasik dekorasyon i\u00e7in uygun de\u011fil, ayn\u0131 zamanda \u00e7i\u00e7ek ve bitkileri sergilemek, havay\u0131 temizlemek ve ruh halinizi ne\u015felendirmek i\u00e7in de m\u00fckemmeldir.<\/li>\n<li>Sade ve zarif cam yuvarlak vazo tasar\u0131m\u0131, i\u00e7ine biraz \u00e7ak\u0131l ta\u015f\u0131, \u00e7i\u00e7ek koyarsan\u0131z daha g\u00fczel ve g\u00f6z al\u0131c\u0131 olacakt\u0131r.<\/li>\n<li>Masa \u00fcst\u00fc cam bitki yeti\u015ftirme istasyonu, y\u00fcksek kaliteli y\u00fcksek \u015feffaf camdan yap\u0131lm\u0131\u015ft\u0131r. Ayr\u0131 ah\u015fap tank ve cam saks\u0131, su de\u011fi\u015fimi ve temizlik i\u00e7in uygundur.<\/li>\n<li>\u00c7iftlik evi tarz\u0131na sahip bitki kaplar\u0131, sehpalar, yemek masalar\u0131, kitap raflar\u0131, oturma odalar\u0131 ve pencere kenarlar\u0131 i\u00e7in klasik ve modern bir eklentidir. Zarif cam \u015fi\u015fe vazolar, s\u0131k\u0131c\u0131 bir oday\u0131 daha mutlu bir alana d\u00f6n\u00fc\u015ft\u00fcr\u00fcr, her odaya zarafet ve \u015f\u0131kl\u0131k katar.<\/li>\n<li>Basit masa \u00fcst\u00fc cam hidroponik vazo, yaprak a\u011fa\u00e7lar\u0131, e\u011frelti otlar\u0131, \u015fansl\u0131 bambu, Afrika papatyalar\u0131, otlar, hidroponik bitkiler ve \u00e7i\u00e7ek kesimleri gibi \u00e7o\u011fu \u00e7o\u011faltma bitkisi i\u00e7in uygundur.<\/li>\n<\/ul>\n<h3 style=\"font-size: 19px\">Bitki Teraryum Kiti Yeti\u015ftiricili\u011fi \u0130\u00e7in Uygun Saks\u0131 Tipleri<\/h3>\n<p style=\"text-align: justify\"><strong>1. Etli saks\u0131 bitkileri<\/strong><br \/>Sukulentlerin yapraklar\u0131 \u00e7o\u011funlukla kal\u0131n ve suludur ve nispeten kuru bir ortama uyum sa\u011flayabilir. Uygun \u0131\u015f\u0131k yo\u011funlu\u011fu alt\u0131nda yapraklar farkl\u0131 \u00e7e\u015fitlere g\u00f6re \u00e7e\u015fitli renklere sahip olur. G\u00f6r\u00fcn\u00fc\u015f\u00fc, evdeki saks\u0131 bitkisi t\u00fcrlerini zenginle\u015ftirmi\u015f ve ayr\u0131ca \u00e7i\u00e7ek yeti\u015ftirme konusunda \u00e7ok iyi olmayan acemiler i\u00e7in saks\u0131 bitkileri i\u00e7in daha fazla se\u00e7enek sa\u011flam\u0131\u015ft\u0131r. Bir\u00e7ok arkada\u015f sukulent yeti\u015ftirmenin ve onlar\u0131n saks\u0131 saks\u0131 b\u00fcy\u00fcmesini izlemenin ya da daha b\u00fcy\u00fck bir bitki \u015fekline sahip bir saks\u0131 bitkisinin \u00e7i\u00e7eklenme d\u00f6nemini ba\u015flatmaktan daha tatmin edici oldu\u011funu d\u00fc\u015f\u00fcn\u00fcyor.<\/p>\n<p style=\"text-align: center\"><strong><img decoding=\"async\" src=\"https:\/\/data.adwebcloud.com\/public\/material\/2206293ihquj\/product\/image_7402854073167541083292_1675410833307.jpg\" width=\"500\" alt=\"\" title=\"\"> <img decoding=\"async\" src=\"https:\/\/data.adwebcloud.com\/public\/material\/2206293ihquj\/product\/image_1032129574167541085050_1675410850841.jpg\" width=\"500\" alt=\"\" title=\"\"><\/strong><\/p>\n<p><strong>2. Kakt\u00fcs saks\u0131 bitkisi<\/strong><br \/>Kakt\u00fcsler ge\u00e7mi\u015fte \u00e7ok az biliniyor olabilir, \u00e7\u00fcnk\u00fc bu bitkinin havay\u0131 temizlemek d\u0131\u015f\u0131nda \u00f6nemli bir kullan\u0131m alan\u0131 yok gibi g\u00f6r\u00fcn\u00fcyor. Ancak zaman\u0131n geli\u015fmesiyle birlikte insanlar farkl\u0131 kakt\u00fcslerin farkl\u0131 pratik de\u011ferlere sahip oldu\u011funu \u00f6\u011frendi.<\/p>\n<p>Baz\u0131 kakt\u00fcsler yaln\u0131zca \u00e7i\u00e7ek a\u00e7\u0131p meyve vermekle ve s\u00fcsleyici etkilere sahip olmakla kalmaz, ayn\u0131 zamanda yenilebilir etkilere ve belirli t\u0131bbi de\u011ferlere de sahiptir.<\/p>\n<p>Ancak her hal\u00fckarda, s\u0131radan bir insan olarak onu geli\u015fig\u00fczel kullanmay\u0131n ve bir bah\u00e7e merakl\u0131s\u0131 olarak onu ka\u00e7\u0131rmay\u0131n!<\/p><\/p>","protected":false},"excerpt":{"rendered":"<p>Etli Bitkiler ve Kakt\u00fcsler i\u00e7in Bitki Teraryum Seti. Kakt\u00fcs Topra\u011f\u0131, Yosun, \u00c7ak\u0131l ve Ad\u0131m Ad\u0131m K\u0131lavuz i\u00e7erir<\/p>","protected":false},"featured_media":12175,"comment_status":"open","ping_status":"closed","template":"","meta":[],"product_cat":[40],"product_tag":[330],"acf":[],"_links":{"self":[{"href":"https:\/\/www.garden-kit.com\/tr\/wp-json\/wp\/v2\/product\/6578"}],"collection":[{"href":"https:\/\/www.garden-kit.com\/tr\/wp-json\/wp\/v2\/product"}],"about":[{"href":"https:\/\/www.garden-kit.com\/tr\/wp-json\/wp\/v2\/types\/product"}],"replies":[{"embeddable":true,"href":"https:\/\/www.garden-kit.com\/tr\/wp-json\/wp\/v2\/comments?post=6578"}],"wp:featuredmedia":[{"embeddable":true,"href":"https:\/\/www.garden-kit.com\/tr\/wp-json\/wp\/v2\/media\/12175"}],"wp:attachment":[{"href":"https:\/\/www.garden-kit.com\/tr\/wp-json\/wp\/v2\/media?parent=6578"}],"wp:term":[{"taxonomy":"product_cat","embeddable":true,"href":"https:\/\/www.garden-kit.com\/tr\/wp-json\/wp\/v2\/product_cat?post=6578"},{"taxonomy":"product_tag","embeddable":true,"href":"https:\/\/www.garden-kit.com\/tr\/wp-json\/wp\/v2\/product_tag?post=6578"}],"curies":[{"name":"wp","href":"https:\/\/api.w.org\/{rel}","templated":true}]}}