{"id":6585,"date":"2022-11-07T14:17:35","date_gmt":"2022-11-07T06:17:35","guid":{"rendered":"https:\/\/www.garden-kit.com\/product\/flower-garden-kit\/"},"modified":"2023-11-10T15:08:32","modified_gmt":"2023-11-10T07:08:32","slug":"flower-garden-kit","status":"publish","type":"product","link":"https:\/\/www.garden-kit.com\/tr\/product\/flower-garden-kit\/","title":{"rendered":"\u00c7i\u00e7ek Bah\u00e7esi Seti"},"content":{"rendered":"<h1 style=\"line-height: 1.5;\">\u00c7i\u00e7ek Bah\u00e7esi Seti<\/h1>\n<p>\u00c7i\u00e7ek Bah\u00e7esi Kiti En iyi tohum ba\u015flang\u0131\u00e7 kitiniz!<\/p>\n<p>&nbsp;<\/p>\n<p>Kendi bah\u00e7e \u00e7i\u00e7eklerinizi yeti\u015ftirin:<br \/>\n12 tohum \u00e7e\u015fidi aras\u0131nda ac\u0131 bakla, nergis, sardunya, gypsophila, petunya, anemon, delphinium, alstroemeria, lavanta ve kadife \u00e7i\u00e7e\u011fi bulunur. Set ayr\u0131ca 12 saks\u0131, 12 toprak tepsisi ve ad\u0131m ad\u0131m talimatlardan olu\u015fmaktad\u0131r.<\/p>\n<p>Ye\u015fil ba\u015fparmak gerekmez:<br \/>\nDaha \u00f6nce hi\u00e7 bitki yeti\u015ftirmediyseniz endi\u015felenmeyin - bu dikim kiti yeni ba\u015flayanlar i\u00e7in m\u00fckemmel bir resimli rehber i\u00e7erir. Ayr\u0131ca, yeti\u015ftirme s\u00fcrecinin her a\u015famas\u0131nda sorular\u0131n\u0131z\u0131 yan\u0131tlamak i\u00e7in buraday\u0131z.<\/p>\n<p>\u00c7evre Dostu Hediye:<br \/>\nUrban Sprout \u00c7i\u00e7ek Bah\u00e7esi Kiti g\u00fczel bir \u015fekilde paketlenmi\u015ftir ve her durumda hediye olarak vermek i\u00e7in m\u00fckemmeldir.<\/p>\n<p>\u00fccretsiz \u00e7i\u00e7ek dikim seti k\u0131lavuzu:<br \/>\nBu bilgilendirici, resimli k\u0131lavuz ile setinizdeki \u00e7i\u00e7ek kombinasyonlar\u0131n\u0131 nas\u0131l kar\u0131\u015ft\u0131r\u0131p e\u015fle\u015ftirece\u011finizi \u00f6\u011frenin. \u0130ster yataklarda, ister kaplarda, ister asma sepetlerde \u00e7i\u00e7ek yeti\u015ftiriyor olun, \u00c7i\u00e7ek Kombinasyonu Rehberi tavsiye ve ipu\u00e7lar\u0131 sunuyor.<\/p>\n<p>\u00c7imlenme Vaadi:<br \/>\nSizi tatmin edecek tohum kitleri \u00fcretmek i\u00e7in b\u00fcy\u00fck \u00e7aba sarf ediyoruz! Kit i\u00e7indeki tohumlar \u00e7imlenmezse, bize bildirin; size daha fazlas\u0131n\u0131 g\u00f6nderece\u011fimize s\u00f6z veriyoruz!<\/p>","protected":false},"excerpt":{"rendered":"<p>\u00c7i\u00e7ek Bah\u00e7esi Seti - Kendi Yazl\u0131k Bah\u00e7enizi B\u00fcy\u00fct\u00fcn veya As\u0131l\u0131 sepetler, Onun i\u00e7in Bah\u00e7e hediye seti - 12 Bitki tohumu Paketi - Petunyalar, y\u0131ld\u0131z \u00e7i\u00e7e\u011fi<\/p>","protected":false},"featured_media":12119,"comment_status":"open","ping_status":"closed","template":"","meta":[],"product_cat":[40],"product_tag":[331],"acf":[],"_links":{"self":[{"href":"https:\/\/www.garden-kit.com\/tr\/wp-json\/wp\/v2\/product\/6585"}],"collection":[{"href":"https:\/\/www.garden-kit.com\/tr\/wp-json\/wp\/v2\/product"}],"about":[{"href":"https:\/\/www.garden-kit.com\/tr\/wp-json\/wp\/v2\/types\/product"}],"replies":[{"embeddable":true,"href":"https:\/\/www.garden-kit.com\/tr\/wp-json\/wp\/v2\/comments?post=6585"}],"wp:featuredmedia":[{"embeddable":true,"href":"https:\/\/www.garden-kit.com\/tr\/wp-json\/wp\/v2\/media\/12119"}],"wp:attachment":[{"href":"https:\/\/www.garden-kit.com\/tr\/wp-json\/wp\/v2\/media?parent=6585"}],"wp:term":[{"taxonomy":"product_cat","embeddable":true,"href":"https:\/\/www.garden-kit.com\/tr\/wp-json\/wp\/v2\/product_cat?post=6585"},{"taxonomy":"product_tag","embeddable":true,"href":"https:\/\/www.garden-kit.com\/tr\/wp-json\/wp\/v2\/product_tag?post=6585"}],"curies":[{"name":"wp","href":"https:\/\/api.w.org\/{rel}","templated":true}]}}