{"id":6754,"date":"2022-11-11T10:03:28","date_gmt":"2022-11-11T02:03:28","guid":{"rendered":"https:\/\/www.garden-kit.com\/product\/rustic-herb-garden-kit\/"},"modified":"2023-03-31T14:36:28","modified_gmt":"2023-03-31T06:36:28","slug":"rustic-herb-garden-kit","status":"publish","type":"product","link":"https:\/\/www.garden-kit.com\/tr\/product\/rustic-herb-garden-kit\/","title":{"rendered":"Rustik Bitki Bah\u00e7esi Seti"},"content":{"rendered":"<p><span class=\"s1\" style=\"font-family: 'PingFang SC', 'Microsoft YaHei', sans-serif;font-size: 16px\">Rustik bitki bah\u00e7esi kitimiz, her evde harika g\u00f6r\u00fcnen g\u00fczel, rustik bir bitki kutusu da dahil olmak \u00fczere bitki bah\u00e7ecili\u011fine ba\u015flamak i\u00e7in ihtiyac\u0131n\u0131z olan her \u015feyi i\u00e7erir! Bir pencere pervaz\u0131na, tezgah \u00fcst\u00fcne, a\u00e7\u0131k hava seras\u0131na veya balkona yerle\u015ftirin. <\/span><\/p>\n<h3 style=\"font-size: 19px\"><span class=\"s1\" style=\"font-family: 'PingFang SC', 'Microsoft YaHei', sans-serif;font-size: 16px\">Her kit \u015funlar\u0131 i\u00e7erir:<\/span><\/h3>\n<ul>\n<li><span style=\"font-family: 'PingFang SC', 'Microsoft YaHei', sans-serif;font-size: 16px\"><span class=\"s2\"><\/span><span class=\"s1\"><span>Barnwood bitki kutusu&nbsp;<\/span><\/span><\/span><\/li>\n<li><span style=\"font-family: 'PingFang SC', 'Microsoft YaHei', sans-serif;font-size: 16px\"><span class=\"s2\"><\/span><span class=\"s1\"><span>Kendi kendine sulanan astar&nbsp;<\/span><\/span><\/span><\/li>\n<li><span style=\"font-family: 'PingFang SC', 'Microsoft YaHei', sans-serif;font-size: 16px\"><span class=\"s2\"><\/span><span class=\"s1\"><span>ABD&#039;den GDO&#039;suz yadig\u00e2r tohumlar: Ki\u015fni\u015f, Fesle\u011fen, Frenk so\u011fan\u0131 ve Maydanoz.&nbsp;<\/span><\/span><\/span><\/li>\n<li><span style=\"font-family: 'PingFang SC', 'Microsoft YaHei', sans-serif;font-size: 16px\"><span class=\"s2\"><\/span><span class=\"s1\"><span>Bitki bah\u00e7esi belirte\u00e7leri&nbsp;<\/span><\/span><\/span><\/li>\n<li><span style=\"font-family: 'PingFang SC', 'Microsoft YaHei', sans-serif;font-size: 16px\"><span class=\"s2\"><\/span><span class=\"s1\"><span>S\u0131k\u0131\u015ft\u0131r\u0131lm\u0131\u015f hindistan cevizi topra\u011f\u0131<\/span><\/span><\/span><\/li>\n<li><span style=\"font-family: 'PingFang SC', 'Microsoft YaHei', sans-serif;font-size: 16px\"><span class=\"s2\"><\/span><span class=\"s1\"><span>Toprak iyile\u015ftirme ve g\u00fcbreler<\/span><\/span><\/span><\/li>\n<li><span style=\"font-family: 'PingFang SC', 'Microsoft YaHei', sans-serif;font-size: 16px\"><span class=\"s2\"><\/span><span class=\"s1\"><span>Ad\u0131m ad\u0131m talimatlar ve b\u00fcy\u00fcme k\u0131lavuzu<\/span><\/span><\/span><\/li>\n<\/ul>","protected":false},"excerpt":{"rendered":"<p class=\"p1\" style=\"margin-top: 0px;margin-bottom: 17px;color: #515151;font-family: 'Quattrocento Sans', sans-serif;font-size: 17px;background-color: #ffffff;line-height: 1.5\"><span class=\"s1\" style=\"font-family: arial, helvetica, sans-serif;font-size: 16px\"><span>Rustik bitki bah\u00e7esi kitimiz, her evde harika g\u00f6r\u00fcnen g\u00fczel, rustik bir bitki kutusu da dahil olmak \u00fczere bitki bah\u00e7ecili\u011fine ba\u015flamak i\u00e7in ihtiyac\u0131n\u0131z olan her \u015feyi i\u00e7erir! Bir pencere pervaz\u0131na, tezgah \u00fcst\u00fcne, a\u00e7\u0131k hava seras\u0131na veya balkona yerle\u015ftirin. <\/span><\/span><\/p>\n<p class=\"p3\" style=\"margin-top: 0px;margin-bottom: 17px;color: #515151;font-family: 'Quattrocento Sans', sans-serif;font-size: 17px;background-color: #ffffff;line-height: 1.5\"><span class=\"s1\" style=\"font-family: arial, helvetica, sans-serif;font-size: 16px\"><span>Her kit \u015funlar\u0131 i\u00e7erir:<\/span><\/span><\/p>\n<ul class=\"ul1\" style=\"padding: 0px;margin: 0px 0px 0px 17px;color: #515151;font-family: 'Quattrocento Sans', sans-serif;font-size: 17px;background-color: #ffffff\">\n<li class=\"li3\" style=\"margin-bottom: 0px;line-height: 1.5\"><span style=\"font-family: arial, helvetica, sans-serif;font-size: 16px\"><span class=\"s2\"><\/span><span class=\"s1\"><span>Barnwood bitki kutusu&nbsp;<\/span><\/span><\/span><\/li>\n<li class=\"li3\" style=\"margin-bottom: 0px;line-height: 1.5\"><span style=\"font-family: arial, helvetica, sans-serif;font-size: 16px\"><span class=\"s2\"><\/span><span class=\"s1\"><span>Kendi kendine sulanan astar&nbsp;<\/span><\/span><\/span><\/li>\n<li class=\"li3\" style=\"margin-bottom: 0px;line-height: 1.5\"><span style=\"font-family: arial, helvetica, sans-serif;font-size: 16px\"><span class=\"s2\"><\/span><span class=\"s1\"><span>ABD&#039;den GDO&#039;suz yadig\u00e2r tohumlar: Ki\u015fni\u015f, Fesle\u011fen, Frenk so\u011fan\u0131 ve Maydanoz.&nbsp;<\/span><\/span><\/span><\/li>\n<li class=\"li3\" style=\"margin-bottom: 0px;line-height: 1.5\"><span style=\"font-family: arial, helvetica, sans-serif;font-size: 16px\"><span class=\"s2\"><\/span><span class=\"s1\"><span>Bitki bah\u00e7esi belirte\u00e7leri&nbsp;<\/span><\/span><\/span><\/li>\n<li class=\"li3\" style=\"margin-bottom: 0px;line-height: 1.5\"><span style=\"font-family: arial, helvetica, sans-serif;font-size: 16px\"><span class=\"s2\"><\/span><span class=\"s1\"><span>S\u0131k\u0131\u015ft\u0131r\u0131lm\u0131\u015f hindistan cevizi topra\u011f\u0131<\/span><\/span><\/span><\/li>\n<li class=\"li3\" style=\"margin-bottom: 0px;line-height: 1.5\"><span style=\"font-family: arial, helvetica, sans-serif;font-size: 16px\"><span class=\"s2\"><\/span><span class=\"s1\"><span>Toprak iyile\u015ftirme ve g\u00fcbreler<\/span><\/span><\/span><\/li>\n<li class=\"li3\" style=\"margin-bottom: 0px;line-height: 1.5\"><span style=\"font-family: arial, helvetica, sans-serif;font-size: 16px\"><span class=\"s2\"><\/span><span class=\"s1\"><span>Ad\u0131m ad\u0131m talimatlar ve b\u00fcy\u00fcme k\u0131lavuzu<\/span><\/span><\/span><\/li>\n<\/ul>","protected":false},"featured_media":12008,"comment_status":"open","ping_status":"closed","template":"","meta":[],"product_cat":[50],"product_tag":[343],"acf":[],"_links":{"self":[{"href":"https:\/\/www.garden-kit.com\/tr\/wp-json\/wp\/v2\/product\/6754"}],"collection":[{"href":"https:\/\/www.garden-kit.com\/tr\/wp-json\/wp\/v2\/product"}],"about":[{"href":"https:\/\/www.garden-kit.com\/tr\/wp-json\/wp\/v2\/types\/product"}],"replies":[{"embeddable":true,"href":"https:\/\/www.garden-kit.com\/tr\/wp-json\/wp\/v2\/comments?post=6754"}],"wp:featuredmedia":[{"embeddable":true,"href":"https:\/\/www.garden-kit.com\/tr\/wp-json\/wp\/v2\/media\/12008"}],"wp:attachment":[{"href":"https:\/\/www.garden-kit.com\/tr\/wp-json\/wp\/v2\/media?parent=6754"}],"wp:term":[{"taxonomy":"product_cat","embeddable":true,"href":"https:\/\/www.garden-kit.com\/tr\/wp-json\/wp\/v2\/product_cat?post=6754"},{"taxonomy":"product_tag","embeddable":true,"href":"https:\/\/www.garden-kit.com\/tr\/wp-json\/wp\/v2\/product_tag?post=6754"}],"curies":[{"name":"wp","href":"https:\/\/api.w.org\/{rel}","templated":true}]}}