{"id":6757,"date":"2022-11-11T10:06:36","date_gmt":"2022-11-11T02:06:36","guid":{"rendered":"https:\/\/www.garden-kit.com\/product\/grow-your-own-seed-box\/"},"modified":"2023-03-31T14:15:26","modified_gmt":"2023-03-31T06:15:26","slug":"grow-your-own-seed-box","status":"publish","type":"product","link":"https:\/\/www.garden-kit.com\/tr\/product\/grow-your-own-seed-box\/","title":{"rendered":"Kendi Tohum Kutunuzu Yeti\u015ftirin"},"content":{"rendered":"<h3 class=\"a-size-base-plus a-text-bold\" style=\"padding: 0px 0px 4px;margin: 0px;color: #0f1111;font-family: 'Amazon Ember', Arial, sans-serif;background-color: #ffffff;font-size: 19px;line-height: 1.5\"><span style=\"font-family: arial, helvetica, sans-serif\">Bu \u00fcr\u00fcn hakk\u0131nda<\/span><\/h3>\n<ul>\n<li><span class=\"a-list-item\" style=\"color: #0f1111;font-family: arial, helvetica, sans-serif\">Eksiksiz yeti\u015ftirme kiti: \u00c7i\u00e7e\u011fi burnunda bah\u00e7\u0131vanlar i\u00e7in ideal ba\u015flang\u0131\u00e7 kiti. Yeti\u015fkinler i\u00e7in el i\u015fleri ve \u00e7ocuk etkinlikleri i\u00e7in m\u00fckemmel! \u00c7ok \u00e7e\u015fitli bitki tohumlar\u0131n\u0131n yan\u0131 s\u0131ra, yeti\u015ftirme kitiniz pen\u00e7eli bah\u00e7e eldivenleri ve ayr\u0131nt\u0131l\u0131 yeti\u015ftirme talimatlar\u0131 ile birlikte gelir. B\u00fcy\u00fcmek i\u00e7in ihtiyac\u0131n\u0131z olan her \u015fey<\/span><\/li>\n<li><span class=\"a-list-item\" style=\"color: #0f1111;font-family: arial, helvetica, sans-serif\">\u00c7imlenme oran\u0131 y\u00fcksek tohum kutusu: Titiz kalite kontrol ve \u00e7imlenme laboratuvar testlerimiz sayesinde, birinci s\u0131n\u0131f tohum koleksiyonumuz hayal k\u0131r\u0131kl\u0131\u011f\u0131na u\u011fratmayacakt\u0131r. Tohumlar\u0131m\u0131z \u00e7ift kalite kontroll\u00fcd\u00fcr ve GDO'suzdur. Sebze, \u00e7i\u00e7ek ve bitki bah\u00e7enize ektiklerinizin b\u00fcy\u00fcyece\u011finden emin olabilirsiniz!<\/span><\/li>\n<li><span class=\"a-list-item\" style=\"color: #0f1111;font-family: arial, helvetica, sans-serif\">B\u00fcy\u00fck de\u011ferde yeti\u015ftirme kiti: 65 farkl\u0131 sebze bitkisi, 15 \u00e7e\u015fit bitki ve 20 \u00e7e\u015fit \u00e7i\u00e7ek ile toplamda 45.000'den fazla tohum alacaks\u0131n\u0131z! Sebze, meyve ve \u00e7i\u00e7ek ekimi i\u00e7in bu kadar geni\u015f bir tohum yelpazesiyle, tek bir kutudan eksiksiz bir pazar bah\u00e7esinin tad\u0131n\u0131 \u00e7\u0131karacaks\u0131n\u0131z<\/span><\/li>\n<li><span class=\"a-list-item\" style=\"color: #0f1111;font-family: arial, helvetica, sans-serif\">M\u00fckemmel bah\u00e7ecilik hediye seti: L\u00fcks bir ah\u015fap kutu i\u00e7inde ve birinci s\u0131n\u0131f bah\u00e7e aksesuarlar\u0131yla birlikte paketlenen bu set, yeni bah\u00e7\u0131vanlar i\u00e7in ideal bir hediye fikridir. Ye\u015fil parmakl\u0131 bir arkada\u015f, bir ev \u0131s\u0131nma hediyesi ve hatta Noel hediyeleri i\u00e7in ideal olan yeti\u015fkinler ve k\u00fc\u00e7\u00fckler i\u00e7in m\u00fckemmel kendin yap kitleri.<\/span><\/li>\n<li><span class=\"a-list-item\" style=\"color: #0f1111;font-family: arial, helvetica, sans-serif\">M\u00fckemmel bah\u00e7ecilik hediye seti: L\u00fcks bir ah\u015fap kutu i\u00e7inde ve birinci s\u0131n\u0131f bah\u00e7e aksesuarlar\u0131yla birlikte paketlenen bu set, yeni bah\u00e7\u0131vanlar i\u00e7in ideal bir hediye fikridir. Ye\u015fil parmakl\u0131 bir arkada\u015f, bir ev \u0131s\u0131nma hediyesi ve hatta Noel hediyeleri i\u00e7in ideal olan yeti\u015fkinler ve k\u00fc\u00e7\u00fckler i\u00e7in m\u00fckemmel kendin yap kitleri.<\/span><\/li>\n<\/ul>","protected":false},"excerpt":{"rendered":"<p><span id=\"productTitle\" class=\"a-size-large product-title-word-break\" style=\"font-size: 16px;line-height: 32px;font-family: arial, helvetica, sans-serif;color: #000000\">Bah\u00e7e Paketiyle Kendi Kitinizi Yeti\u015ftirin \u2013 100 \u00c7e\u015fit Sebze, Bitki ve \u00c7i\u00e7ek Tohumu \u2013 Kad\u0131nlar ve Erkekler i\u00e7in Bah\u00e7ecilik Hediyeleri \u2013 Do\u011fal Ah\u015fap Hediyeye Haz\u0131r Kutu ve Aksesuarlar<\/span><\/p><\/p>","protected":false},"featured_media":11921,"comment_status":"closed","ping_status":"closed","template":"","meta":[],"product_cat":[50],"product_tag":[344],"acf":[],"_links":{"self":[{"href":"https:\/\/www.garden-kit.com\/tr\/wp-json\/wp\/v2\/product\/6757"}],"collection":[{"href":"https:\/\/www.garden-kit.com\/tr\/wp-json\/wp\/v2\/product"}],"about":[{"href":"https:\/\/www.garden-kit.com\/tr\/wp-json\/wp\/v2\/types\/product"}],"replies":[{"embeddable":true,"href":"https:\/\/www.garden-kit.com\/tr\/wp-json\/wp\/v2\/comments?post=6757"}],"wp:featuredmedia":[{"embeddable":true,"href":"https:\/\/www.garden-kit.com\/tr\/wp-json\/wp\/v2\/media\/11921"}],"wp:attachment":[{"href":"https:\/\/www.garden-kit.com\/tr\/wp-json\/wp\/v2\/media?parent=6757"}],"wp:term":[{"taxonomy":"product_cat","embeddable":true,"href":"https:\/\/www.garden-kit.com\/tr\/wp-json\/wp\/v2\/product_cat?post=6757"},{"taxonomy":"product_tag","embeddable":true,"href":"https:\/\/www.garden-kit.com\/tr\/wp-json\/wp\/v2\/product_tag?post=6757"}],"curies":[{"name":"wp","href":"https:\/\/api.w.org\/{rel}","templated":true}]}}