{"id":6769,"date":"2022-11-11T10:12:02","date_gmt":"2022-11-11T02:12:02","guid":{"rendered":"https:\/\/www.garden-kit.com\/product\/cherry-tomato-garden-growing-set\/"},"modified":"2024-03-07T10:10:03","modified_gmt":"2024-03-07T02:10:03","slug":"cherry-tomato-garden-growing-set","status":"publish","type":"product","link":"https:\/\/www.garden-kit.com\/tr\/product\/cherry-tomato-garden-growing-set\/","title":{"rendered":"Kiraz Yadigar\u0131 Domates Yeti\u015ftirme Kiti"},"content":{"rendered":"<p>Bu \u00dcr\u00fcn Hakk\u0131nda<\/p>\n<p>M\u00dcKEMMEL KAL\u0130TEDEK\u0130 K\u0130TLER\u0130M\u0130ZLE KEND\u0130 \u00c7ER\u0130 DOMATES\u0130N\u0130Z\u0130 \u0130\u00c7 MEKANDA KOLAYCA YET\u0130\u015eT\u0130REB\u0130L\u0130RS\u0130N\u0130Z - Yeti\u015ftirme kitimiz iki \u00e7e\u015fit \u00e7eri domates tohumu, jeotekstil a\u011fl\u0131 eski bir ah\u015fap ekici, 16 toprak diski, iki bambu i\u015faretleyici, budama makas\u0131 ve be\u015f dilde ad\u0131m ad\u0131m talimatlar i\u00e7erir<\/p>\n<p>DOMATES TOHUMLARI, 100% ORGAN\u0130K, \u0130SPANYA'DA DO\u011eAL OLARAK YET\u0130\u015eT\u0130R\u0130L\u0130R - Tohumlar\u0131m\u0131z 100% organik ve GDO'suzdur, hepsi \u0130spanya'n\u0131n Akdeniz k\u0131y\u0131lar\u0131nda \u00f6zenle yeti\u015ftirilmi\u015ftir. Kendi en kaliteli taze domateslerinizi evde kolayca yeti\u015ftirin ve tariflerinize ekleyin.<\/p>\n<p>EVINIZI DEKORE ETMEK I\u00c7IN VINTAGE TARZIMIZI KULLANIN. DOMATES AH\u015eAP TENCERE SET\u0130 - Kitimizin t\u00fcm bile\u015fenleri \u00e7ok y\u00fcksek kalitededir. Kitimiz i\u00e7 mekan sebze bah\u00e7esi ba\u015flang\u0131\u00e7 kiti olarak kullan\u0131labilir ve ayr\u0131ca bir tezgahta, pencere pervaz\u0131nda, balkonda, verandada veya bir \u00e7at\u0131 bah\u00e7esinde harika bir dekoratif unsur olu\u015fturur.<\/p>\n<p>E\u015eS\u0130Z HED\u0130YE F\u0130K\u0130R\u0130 - Kitimiz \u00e7ocuklar i\u00e7in, bah\u00e7e i\u015flerine yeni ba\u015flayan veya mutfakta olan arkada\u015flar i\u00e7in, ofis i\u00e7in veya evin herhangi bir yeri i\u00e7in dekoratif bir hediye olarak veya y\u00fcksek kaliteli sebze tohumlar\u0131n\u0131 \u00e7imlendirmek i\u00e7in bir yeti\u015ftirme seti olarak m\u00fckemmel bir hediyedir. .<\/p>\n<p>NAUKUA - Amac\u0131m\u0131z, yeni ba\u015flayan dostu ve s\u00fcrd\u00fcr\u00fclebilir tohum yeti\u015ftirme kitlerimizle do\u011fan\u0131n \u00f6z\u00fcn\u00fc size daha da yak\u0131nla\u015ft\u0131rmakt\u0131r. Herhangi bir sorunuz varsa veya kitinizle ilgili yard\u0131ma ihtiyac\u0131n\u0131z olursa do\u011frudan bizimle ileti\u015fime ge\u00e7mekten \u00e7ekinmeyin.<\/p>\n<\/p>\n<p>Bir <strong><a href=\"https:\/\/www.garden-kit.com\/tr\/a-beginners-guide-to-growing-heirloom-tomato-grow-kit\/\">yadig\u00e2r domates yeti\u015ftirme kiti<\/a><\/strong> bireylerin tohumdan kendi yadigar\u0131 domateslerini yeti\u015ftirmelerine yard\u0131mc\u0131 olmak i\u00e7in tasarlanm\u0131\u015f eksiksiz bir bah\u00e7e kitidir. Bu kitler tipik olarak toprak, tohumlar ve ekim kaplar\u0131 dahil olmak \u00fczere domates yeti\u015ftirmek i\u00e7in gerekli t\u00fcm bile\u015fenleri i\u00e7erir.<\/p>\n<p>Kendi yadigar\u0131 domateslerinizi yeti\u015ftirmeyi mi d\u00fc\u015f\u00fcn\u00fcyorsunuz? Yeti\u015ftirme kitimiz, organik yadig\u00e2r domates tohumlar\u0131, toprak ve bunlar\u0131 yeti\u015ftirmek i\u00e7in bir kap da dahil olmak \u00fczere, ba\u015flaman\u0131z i\u00e7in ihtiyac\u0131n\u0131z olan her \u015feye sahiptir.<\/p>\n<p>Yadigar\u0131 domatesler ev bah\u00e7\u0131vanlar\u0131 i\u00e7in m\u00fckemmel bir se\u00e7imdir \u00e7\u00fcnk\u00fc \u00e7ok \u00e7e\u015fitli renk, boyut ve tatlara sahiptirler. Ayr\u0131ca hibrit muadillerine g\u00f6re genellikle daha lezzetli ve besleyicidirler.<\/p>\n<p>Yeti\u015ftirme kitimiz, sa\u011fl\u0131kl\u0131 ve lezzetli domatesler yeti\u015ftirmenize yard\u0131mc\u0131 olacak, takip etmesi kolay talimatlar ve ipu\u00e7lar\u0131 i\u00e7erir. \u015eimdi sipari\u015f verin ve t\u00fcm sezon boyunca taze, evde yeti\u015ftirilmi\u015f aile yadigar\u0131 domateslerin tad\u0131n\u0131 \u00e7\u0131kar\u0131n!<\/p>\n<h3 style=\"font-size: 19px\">Yadigar\u0131 Domates Yeti\u015ftirme Kitlerinin Faydalar\u0131<\/h3>\n<p>1. Lezzetli Domatesler<br \/>Yeti\u015ftirme kitinden kendi yadigar\u0131 domateslerinizi yeti\u015ftirerek, bu domateslerin sundu\u011fu lezzetli ve e\u015fsiz lezzetlerin tad\u0131n\u0131 \u00e7\u0131karabilirsiniz.<\/p>\n<p>2. Uygun Maliyetli<br \/>Yadigar\u0131 domates yeti\u015ftirme kitleri genellikle bir \u00e7ift\u00e7i pazar\u0131ndan veya bakkaldan tamamen yeti\u015ftirilmi\u015f yadigar\u0131 domates sat\u0131n almaktan daha ucuzdur.<\/p>\n<p>3. \u00c7evre Dostu<br \/>Kendi yadig\u00e2r domateslerinizi yeti\u015ftirmek \u00e7evreye katk\u0131da bulunman\u0131n \u00e7evre dostu bir yoludur. Ta\u015f\u0131ma ve paketleme ihtiyac\u0131n\u0131 azaltarak karbon ayak izinizi azaltabilirsiniz.<\/p>\n<p>4. E\u011fitimsel<br \/>Tohumdan yadigar\u0131 domates yeti\u015ftirmek e\u011fitici bir deneyim olabilir. \u00c7ocuklar bitkilerin ya\u015fam d\u00f6ng\u00fcs\u00fcn\u00fc, fotosentezi ve s\u00fcrd\u00fcr\u00fclebilir tar\u0131m uygulamalar\u0131n\u0131n \u00f6nemini \u00f6\u011frenebilirler.<\/p>\n<p>5. \u00c7ok y\u00f6nl\u00fc<br \/>Ata yadigar\u0131 domates bitkileri, b\u00fcy\u00fck a\u00e7\u0131k bah\u00e7eler, y\u00fckseltilmi\u015f yataklar ve hatta balkon veya terastaki k\u00fc\u00e7\u00fck kaplar dahil olmak \u00fczere \u00e7e\u015fitli ortamlarda yeti\u015ftirilebilir.<\/p>\n<p>6. \u00c7oklu \u00c7e\u015fitler<br \/>Heirloom domates yeti\u015ftirme kitleri genellikle birden fazla tohum \u00e7e\u015fidi i\u00e7erir, bu da her bitkiden \u00e7e\u015fitli benzersiz tatlar deneyimlemenize olanak tan\u0131r.<\/p>\n<p>7. Kimyasal \u0130\u00e7ermez<br \/>Ticari olarak yeti\u015ftirilen domateslere genellikle pestisit ve di\u011fer kimyasal maddeler uygulan\u0131r. Kendi yadigar\u0131 domateslerinizi yeti\u015ftirerek bu zararl\u0131 maddelere maruz kalmaktan ka\u00e7\u0131nabilirsiniz.<\/p>\n<p>8. Dekoratif<br \/>Lezzetli meyveler sa\u011flaman\u0131n yan\u0131 s\u0131ra, yadig\u00e2r domates bitkileri her t\u00fcrl\u00fc i\u00e7 veya d\u0131\u015f mekana g\u00fczel bir katk\u0131 olabilir. Bah\u00e7eye veya pencere kenar\u0131na ilgi katan benzersiz renk ve \u015fekillere sahiptirler.<\/p>\n<p>9. Yeti\u015ftirme Ko\u015fullar\u0131n\u0131n Kontrol\u00fc<br \/>Aile yadigar\u0131 domates yeti\u015ftirme kitini kullanarak bitkilerinizin b\u00fcy\u00fcme ko\u015fullar\u0131 \u00fczerinde kontrol sahibi olursunuz. Uygun miktarda su, g\u00fcne\u015f \u0131\u015f\u0131\u011f\u0131 ve besin almalar\u0131n\u0131 sa\u011flayarak daha sa\u011fl\u0131kl\u0131 bitkiler ve daha lezzetli domatesler elde edebilirsiniz.<\/p>\n<h3 style=\"font-size: 19px\">Yadigar\u0131 Domates Yeti\u015ftirme Kitlerini Kullanmaya \u0130li\u015fkin \u0130pu\u00e7lar\u0131<\/h3>\n<ol>\n<li>Do\u011fru Kab\u0131 Se\u00e7in: Bitkilerinizin b\u00fcy\u00fcmesine uyum sa\u011flayacak kadar b\u00fcy\u00fck bir kap se\u00e7in.<\/li>\n<li>Talimatlar\u0131 Takip Edin: Ba\u015far\u0131l\u0131 \u00e7imlenmeyi sa\u011flamak i\u00e7in kit ile birlikte verilen talimatlar\u0131 dikkatlice okuyun ve uygulay\u0131n.<\/li>\n<li>Nem Seviyelerini \u0130zleyin: B\u00fcy\u00fcme s\u00fcreci boyunca topra\u011f\u0131 nemli tutun ancak doygun de\u011fil.<\/li>\n<li>Yeterli G\u00fcne\u015f I\u015f\u0131\u011f\u0131 Sa\u011flay\u0131n: Ata yadigar\u0131 domates bitkileri geli\u015fmek i\u00e7in bol miktarda g\u00fcne\u015f \u0131\u015f\u0131\u011f\u0131na ihtiya\u00e7 duyar, bu nedenle onlar\u0131 g\u00fcnde en az alt\u0131 saat do\u011frudan g\u00fcne\u015f \u0131\u015f\u0131\u011f\u0131 alan bir yere yerle\u015ftirin.<\/li>\n<li>Haz\u0131r Oldu\u011funda Nakil: Bitkiler konteyneri a\u015ft\u0131\u011f\u0131nda, b\u00fcy\u00fcmenin devam etmesini sa\u011flamak i\u00e7in onlar\u0131 daha b\u00fcy\u00fck bir tencereye veya d\u0131\u015f mekana nakledin.<\/li>\n<\/ol>\n<h3 style=\"font-size: 19px\">Ata Yadigar\u0131 Domates \u00c7e\u015fitleri<\/h3>\n<p>Aralar\u0131ndan se\u00e7im yapabilece\u011finiz, her biri kendine \u00f6zg\u00fc lezzet ve g\u00f6r\u00fcn\u00fcme sahip bir\u00e7ok yadig\u00e2r domates \u00e7e\u015fidi vard\u0131r. Aile yadigar\u0131 domates yeti\u015ftirme kiti kullan\u0131larak yeti\u015ftirilebilecek baz\u0131 pop\u00fcler \u00e7e\u015fitler \u015funlard\u0131r:<\/p>\n<ol>\n<li>Brandywine: Karma\u015f\u0131k, tatl\u0131 bir tada sahip b\u00fcy\u00fck, pembe bir domates.<\/li>\n<li>Cherokee Purple: Zengin, d\u00fcnyevi bir tada sahip, orta b\u00fcy\u00fckl\u00fckte, mor bir domates.<\/li>\n<li>Ye\u015fil Zebra: Keskin, hafif ek\u015fi bir tada sahip k\u00fc\u00e7\u00fck, ye\u015fil bir domates.<\/li>\n<li>Mortgage Lifter: Tatl\u0131 bir tada sahip b\u00fcy\u00fck, etli bir domates.<\/li>\n<li>Sar\u0131 Armut: Hafif, tatl\u0131 bir tada sahip k\u00fc\u00e7\u00fck, sar\u0131 bir domates.<\/li>\n<\/ol>\n<p>Bunlar mevcut bir\u00e7ok yadigar\u0131 domates \u00e7e\u015fidinden sadece birka\u00e7 \u00f6rnektir. Aile yadigar\u0131 domates yeti\u015ftirme kitini kullanarak bu nadir ve lezzetli domateslerin e\u015fsiz tatlar\u0131n\u0131 ve dokular\u0131n\u0131 deneyimleyebilirsiniz.<\/p>\n<\/p>\n<p>Bir kit se\u00e7erken, i\u00e7erdi\u011fi tohumlar\u0131n \u00e7e\u015fitlili\u011fini, kab\u0131n boyutunu ve topra\u011f\u0131n kalitesini g\u00f6z \u00f6n\u00fcnde bulundurun. Se\u00e7ti\u011finiz kitin y\u00fcksek kalitede oldu\u011fundan ve net talimatlar i\u00e7erdi\u011finden emin olmak i\u00e7in di\u011fer m\u00fc\u015fterilerin yorumlar\u0131n\u0131 okuyun.<\/p>\n<h3 style=\"font-size: 19px\">Sa\u011fl\u0131kl\u0131 Yadigar\u0131 Domates Yeti\u015ftirmenin \u0130pu\u00e7lar\u0131<\/h3>\n<ol>\n<li>Erken Ba\u015flay\u0131n: Ata yadigar\u0131 domateslerin \u00e7imlenmesi di\u011fer \u00e7e\u015fitlere g\u00f6re daha uzun s\u00fcrebilir, bu nedenle bol bir hasat sa\u011flamak i\u00e7in tohumlara mevsimin erken saatlerinde ba\u015flay\u0131n.<\/li>\n<li>Destek Sa\u011flay\u0131n: Aile yadigar\u0131 domates yeti\u015ftirme kiti b\u00fcy\u00fcd\u00fck\u00e7e, devrilmelerini \u00f6nlemek i\u00e7in deste\u011fe ihtiya\u00e7 duyacaklard\u0131r. Bitkileri dik tutmak i\u00e7in kaz\u0131klar, kafesler veya kafesler kullan\u0131n.<\/li>\n<li>Tutarl\u0131 Su: Domatesler, \u00f6zellikle s\u0131cak havalarda tutarl\u0131 sulama gerektirir. Haftada bir kez veya topra\u011f\u0131 nemli ancak doymam\u0131\u015f halde tutmak i\u00e7in gerekti\u011fi kadar derin sulay\u0131n.<\/li>\n<li>Uygun \u015eekilde G\u00fcbreleyin: Yadigar\u0131 domateslerin geli\u015fmesi i\u00e7in d\u00fczenli g\u00fcbreleme gerekir. Sa\u011fl\u0131kl\u0131 k\u00f6k b\u00fcy\u00fcmesi ve meyve geli\u015fimi i\u00e7in fosfor i\u00e7eri\u011fi y\u00fcksek dengeli bir g\u00fcbre kullan\u0131n.<\/li>\n<li>Zararl\u0131lar\u0131 ve Hastal\u0131klar\u0131 \u0130zleyin: Yaprak bitleri, k\u00fclleme ve \u00e7i\u00e7ek ucu \u00e7\u00fcr\u00fckl\u00fc\u011f\u00fc gibi domatesleri etkileyebilecek yayg\u0131n zararl\u0131lara ve hastal\u0131klara dikkat edin. Gerekirse bu sorunlar\u0131 kontrol alt\u0131na almak i\u00e7in organik y\u00f6ntemler kullan\u0131n.<\/li>\n<\/ol>\n<p>Sonu\u00e7 olarak, bir yeti\u015ftirme kiti kullanarak aile yadigar\u0131 domates yeti\u015ftirmek, bu nadir ve lezzetli domateslerin e\u015fsiz tatlar\u0131n\u0131 ve renklerini deneyimlemenin m\u00fckemmel bir yoludur. Y\u00fcksek kaliteli bir kit se\u00e7erek, talimatlar\u0131 dikkatli bir \u015fekilde takip ederek ve uygun bak\u0131m ve bak\u0131m\u0131 sa\u011flayarak, sa\u011fl\u0131kl\u0131, lezzetli meyvelerden olu\u015fan bol bir hasad\u0131n tad\u0131n\u0131 \u00e7\u0131karabilirsiniz.<\/p>\n<h3 style=\"font-size: 19px\">Aile yadigar\u0131 domates yeti\u015ftirme kitini i\u00e7 mekanda kullanabilir miyim yoksa d\u0131\u015f mekanda bah\u00e7e alan\u0131 m\u0131 gerektirir?<\/h3>\n<p>Evet, yadig\u00e2r domates yeti\u015ftirme kitini i\u00e7 mek\u00e2nlarda kesinlikle kullanabilirsiniz. Yadig\u00e2r domates yeti\u015ftirme kitleri, \u00e7ok y\u00f6nl\u00fc ve i\u00e7 mek\u00e2nlar da d\u00e2hil olmak \u00fczere \u00e7e\u015fitli yeti\u015ftirme ortamlar\u0131na uyarlanabilir \u015fekilde tasarlanm\u0131\u015ft\u0131r. Bu, onlar\u0131 apartman sakinleri veya bah\u00e7eye eri\u015fimi olmayanlar gibi s\u0131n\u0131rl\u0131 a\u00e7\u0131k bah\u00e7e alan\u0131na sahip ki\u015filer i\u00e7in m\u00fckemmel bir se\u00e7enek haline getirir.<\/p>\n<p>\u0130\u00e7 mekanda aile yadigar\u0131 domates yeti\u015ftirme kiti kullan\u0131rken, ak\u0131lda tutulmas\u0131 gereken birka\u00e7 \u00f6nemli nokta vard\u0131r:<\/p>\n<ol style=\"list-style-type: decimal\">\n<li>\n<p>Ayd\u0131nlatma: \u0130\u00e7 mekanda domates yeti\u015ftiricili\u011fi i\u00e7in yeterli ayd\u0131nlatma \u00e7ok \u00f6nemlidir. Domatesler her g\u00fcn en az 6-8 saat do\u011frudan g\u00fcne\u015f \u0131\u015f\u0131\u011f\u0131na veya yapay yeti\u015ftirme \u0131\u015f\u0131klar\u0131ndaki e\u015fde\u011ferine ihtiya\u00e7 duyar. Domates bitkilerinizi parlak bir pencerenin yan\u0131na yerle\u015ftirin veya sa\u011fl\u0131kl\u0131 b\u00fcy\u00fcme i\u00e7in gerekli \u0131\u015f\u0131k yo\u011funlu\u011funu sa\u011flamak i\u00e7in yeti\u015ftirme \u0131\u015f\u0131klar\u0131 kullan\u0131n.<\/p>\n<\/li>\n<li>\n<p>Alan: Domates bitkilerinin boyutuna ve y\u00fcksekli\u011fine uyum sa\u011flamak i\u00e7in i\u00e7 mekanda yeterli alana sahip oldu\u011funuzdan emin olun. Bitkilerin potansiyel b\u00fcy\u00fcmesini g\u00f6z \u00f6n\u00fcnde bulundurun ve onlara geli\u015fmek i\u00e7in yeterli alan sa\u011flayacak \u015fekilde plan yap\u0131n.<\/p>\n<\/li>\n<li>\n<p>S\u0131cakl\u0131k ve Nem: Domatesler ideal olarak 70 ila 85\u00b0F (21 ila 29\u00b0C) aras\u0131ndaki \u0131l\u0131k s\u0131cakl\u0131klar\u0131 tercih eder. Optimum b\u00fcy\u00fcme i\u00e7in sabit s\u0131cakl\u0131klara ve orta nem seviyelerine sahip uygun bir i\u00e7 ortam sa\u011flay\u0131n.<\/p>\n<\/li>\n<li>\n<p>Tozla\u015fma: Ar\u0131lar gibi do\u011fal tozlay\u0131c\u0131lar mevcut olmayabilece\u011finden, kapal\u0131 bir aile yadigar\u0131 domates yeti\u015ftirme kiti manuel tozlama gerektirebilir. Bitkileri hafif\u00e7e sallay\u0131n veya \u00e7i\u00e7ekler aras\u0131nda polen aktarmak i\u00e7in k\u00fc\u00e7\u00fck bir f\u0131r\u00e7a kullan\u0131n ve meyve olu\u015fumunu te\u015fvik edin.<\/p>\n<\/li>\n<\/ol>\n<p>Bu hususlar\u0131 g\u00f6z \u00f6n\u00fcnde bulundurarak ve yeti\u015ftirme kitiyle birlikte verilen talimatlar\u0131 izleyerek, aile yadigar\u0131 domatesleri i\u00e7 mekanda ba\u015far\u0131l\u0131 bir \u015fekilde yeti\u015ftirebilir ve kendi evinizden taze hasad\u0131n keyfini \u00e7\u0131karabilirsiniz.<\/p>\n<h3 style=\"font-size: 19px\">Yadigar\u0131 domates yeti\u015ftirme kitleri yeni ba\u015flayanlar i\u00e7in uygun mu yoksa \u00f6nceden bah\u00e7ecilik deneyimi gerektiriyor mu?<\/h3>\n<p>Yadigar\u0131 domates yeti\u015ftirme kitleri genellikle yeni ba\u015flayanlar i\u00e7in uygundur ve \u00f6nceden bah\u00e7ecilik deneyimi gerektirmez. Bu kitler, kullan\u0131c\u0131 dostu olacak ve aile yadigar\u0131 domates yeti\u015ftirme s\u00fcrecinde bireylere rehberlik edecek ad\u0131m ad\u0131m talimatlar sa\u011flayacak \u015fekilde tasarlanm\u0131\u015ft\u0131r. Yeti\u015ftirme kitlerinin yeni ba\u015flayanlar i\u00e7in harika olmas\u0131n\u0131n nedeni budur:<\/p>\n<ol style=\"list-style-type: decimal\">\n<li>\n<p>Kapsaml\u0131 Talimatlar: Yeti\u015ftirme kitleri genellikle tohum ba\u015flang\u0131c\u0131ndan hasada kadar t\u00fcm yeti\u015ftirme s\u00fcrecini \u00f6zetleyen ayr\u0131nt\u0131l\u0131 talimatlar veya bir rehber i\u00e7erir. Bu talimatlar tohumlar\u0131n ne zaman ve nas\u0131l ekilece\u011fi, bitkilerin bak\u0131m\u0131n\u0131n nas\u0131l yap\u0131laca\u011f\u0131 ve genel sorun giderme ipu\u00e7lar\u0131 konusunda net rehberlik sa\u011flar.<\/p>\n<\/li>\n<li>\n<p>Hepsi Bir Arada Paket: Yeti\u015ftirme kitleri genellikle eksiksiz paketler halinde gelir ve size tohum, toprak, kaplar ve hatta bazen g\u00fcbre veya aksesuarlar gibi ba\u015flaman\u0131z i\u00e7in gereken t\u00fcm temel bile\u015fenleri sa\u011flar. Bu, yeni ba\u015flayanlar\u0131n farkl\u0131 malzemeleri veya ara\u00e7lar\u0131 ayr\u0131 ayr\u0131 toplama ihtiyac\u0131n\u0131 ortadan kald\u0131r\u0131r.<\/p>\n<\/li>\n<li>\n<p>Ata Yadigar\u0131 Domateslere \u00d6zel: Ata yadigar\u0131 domateslere odaklanan yeti\u015ftirme kitleri, bu \u00e7e\u015fitlerin benzersiz \u00f6zelliklerine ve gereksinimlerine g\u00f6re uyarlanm\u0131\u015ft\u0131r. Sa\u011flanan talimatlar ve ipu\u00e7lar\u0131, \u00f6zellikle yadig\u00e2r domateslerin ba\u015far\u0131l\u0131 bir \u015fekilde yeti\u015ftirilmesini ama\u00e7lamaktad\u0131r; bu, bu bitkilerin \u00f6zel ihtiya\u00e7lar\u0131na a\u015fina olmayan yeni ba\u015flayanlar i\u00e7in yararl\u0131 olabilir.<\/p>\n<\/li>\n<li>\n<p>Basitle\u015ftirilmi\u015f Bah\u00e7e \u0130\u015fleri S\u00fcreci: Yeni ba\u015flayanlar, yeti\u015ftirme kitiyle birlikte verilen talimatlar\u0131 izleyerek bah\u00e7e i\u015flerinin temellerini basitle\u015ftirilmi\u015f bir \u015fekilde \u00f6\u011frenebilirler. Ad\u0131m ad\u0131m rehberlik, bireylerin domates bitkilerinin ekimi, sulanmas\u0131, g\u00fcbrelenmesi ve bak\u0131m\u0131n\u0131n temellerini anlamalar\u0131na yard\u0131mc\u0131 olur.<\/p>\n<\/li>\n<li>\n<p>\u00d6\u011frenme Deneyimi: Yeti\u015ftirme kitleri, yeni ba\u015flayanlara bitki yeti\u015ftirme konusunda uygulamal\u0131 deneyim ve bilgi edinmeleri i\u00e7in bir e\u011fitim f\u0131rsat\u0131 sunar. B\u00fcy\u00fcme s\u00fcrecinde ilerledik\u00e7e, bitki geli\u015fiminin farkl\u0131 a\u015famalar\u0131n\u0131 g\u00f6zlemleyebilir ve onlar hakk\u0131nda bilgi edinebilirsiniz, bu da bir bah\u00e7\u0131van olarak g\u00fcven ve beceri geli\u015ftirmenize yard\u0131mc\u0131 olur.<\/p>\n<\/li>\n<\/ol>\n<p>Baz\u0131 temel bah\u00e7ecilik bilgileri veya ara\u015ft\u0131rmalar\u0131 faydal\u0131 olsa da, yadig\u00e2r domates yeti\u015ftirme kitleri yeni ba\u015flayanlar d\u00fc\u015f\u00fcn\u00fclerek tasarlanm\u0131\u015ft\u0131r. \u00d6nceden bah\u00e7ecilik deneyimi \u00e7ok az olsa veya hi\u00e7 olmasa bile, bireylerin kendi yadigar\u0131 domateslerini ba\u015far\u0131l\u0131 bir \u015fekilde yeti\u015ftirmeleri i\u00e7in gerekli deste\u011fi ve rehberli\u011fi sa\u011flarlar.<\/p>","protected":false},"excerpt":{"rendered":"<p class=\"a-size-large a-spacing-none\" style=\"padding: 0px;margin: 0px;color: #0f1111;font-family: 'Amazon Ember', Arial, sans-serif;background-color: #ffffff;font-size: 16px;line-height: 32px\"><span style=\"font-family: 'PingFang SC', 'Microsoft YaHei', sans-serif\">Vintage Kiraz Domates Bah\u00e7esi Yeti\u015ftirme Seti - \u0130spanya&#039;da \u00dcretilen Organik GDO&#039;suz Domates Tohumlar\u0131 - Evde kendi kiraz domates bah\u00e7enizi yeti\u015ftirmek i\u00e7in gerekli t\u00fcm bile\u015fenler<\/span><\/p>\n<p id=\"title\" class=\"a-size-large a-spacing-none\" style=\"padding: 0px;margin: 0px;color: #0f1111;font-family: 'Amazon Ember', Arial, sans-serif;background-color: #ffffff;font-size: 16px;line-height: 32px\"><span style=\"font-family: 'PingFang SC', 'Microsoft YaHei', sans-serif\">Aile yadigar\u0131 domates yeti\u015ftirme kiti, yadig\u00e2r domates bitkileri yeti\u015ftirmek i\u00e7in ihtiyac\u0131n\u0131z olan her \u015feyi i\u00e7eren m\u00fcstakil bir pakettir. Ata yadigar\u0131 domatesler nesiller boyu aktar\u0131lan ve kendine \u00f6zg\u00fc tatlar\u0131, renkleri ve \u015fekilleriyle bilinen \u00e7e\u015fitlerdir. Aile yadigar\u0131 domates yeti\u015ftirme kiti, bu de\u011ferli bitkileri kendi evinizde veya bah\u00e7enizde kolayca yeti\u015ftirmenize olanak tan\u0131r. Kab\u0131n boyutu ve malzemesi farkl\u0131l\u0131k g\u00f6sterebilir ancak genellikle domates bitkilerinin b\u00fcy\u00fcmesi ve geli\u015fmesi i\u00e7in yeterli alan sa\u011flayacak \u015fekilde tasarlanm\u0131\u015ft\u0131r. Kit ayr\u0131ca bitkilerin g\u00fc\u00e7l\u00fc ve sa\u011fl\u0131kl\u0131 b\u00fcy\u00fcmesine yard\u0131mc\u0131 olacak g\u00fcbre veya di\u011fer malzemeleri de i\u00e7erebilir.<\/span><\/p>\n<\/p><\/p>","protected":false},"featured_media":17775,"comment_status":"closed","ping_status":"closed","template":"","meta":[],"product_cat":[50],"product_tag":[346,735,652,737,742,736,741,740,738,739],"acf":[],"_links":{"self":[{"href":"https:\/\/www.garden-kit.com\/tr\/wp-json\/wp\/v2\/product\/6769"}],"collection":[{"href":"https:\/\/www.garden-kit.com\/tr\/wp-json\/wp\/v2\/product"}],"about":[{"href":"https:\/\/www.garden-kit.com\/tr\/wp-json\/wp\/v2\/types\/product"}],"replies":[{"embeddable":true,"href":"https:\/\/www.garden-kit.com\/tr\/wp-json\/wp\/v2\/comments?post=6769"}],"wp:featuredmedia":[{"embeddable":true,"href":"https:\/\/www.garden-kit.com\/tr\/wp-json\/wp\/v2\/media\/17775"}],"wp:attachment":[{"href":"https:\/\/www.garden-kit.com\/tr\/wp-json\/wp\/v2\/media?parent=6769"}],"wp:term":[{"taxonomy":"product_cat","embeddable":true,"href":"https:\/\/www.garden-kit.com\/tr\/wp-json\/wp\/v2\/product_cat?post=6769"},{"taxonomy":"product_tag","embeddable":true,"href":"https:\/\/www.garden-kit.com\/tr\/wp-json\/wp\/v2\/product_tag?post=6769"}],"curies":[{"name":"wp","href":"https:\/\/api.w.org\/{rel}","templated":true}]}}