{"id":6775,"date":"2022-11-11T10:14:30","date_gmt":"2022-11-11T02:14:30","guid":{"rendered":"https:\/\/www.garden-kit.com\/product\/herb-growing-set\/"},"modified":"2023-03-31T14:15:44","modified_gmt":"2023-03-31T06:15:44","slug":"herb-growing-set","status":"publish","type":"product","link":"https:\/\/www.garden-kit.com\/tr\/product\/herb-growing-set\/","title":{"rendered":"Bitki Yeti\u015ftirme Seti"},"content":{"rendered":"<p>Bu \u00f6\u011fe hakk\u0131nda bilgi<\/p>\n<p>B\u0130R\u0130NC\u0130 KAL\u0130TEL\u0130 YET\u0130\u015eT\u0130RME SET\u0130M\u0130ZE A\u0130T TOHUMLARLA KEND\u0130 SEBZELER\u0130N\u0130Z\u0130 YET\u0130\u015eT\u0130RMEK KOLAY - Kitimiz 4x bitki tohumu, su ge\u00e7irmez astarl\u0131 eski bir ah\u015fap bah\u00e7\u0131van, 1x toprak kiremit, 4x bambu i\u015faretleyici, budama makas\u0131 ve 5 dilde ad\u0131m ad\u0131m talimatlar i\u00e7erir .<\/p>\n<p>100% EKOLOJ\u0130K TOHUMLAR, \u0130SPANYA&#039;DA DO\u011eAL OLARAK YET\u0130\u015eT\u0130R\u0130LEN \u2013 Tohumlar\u0131m\u0131z 100% organiktir ve GDO i\u00e7ermez ve \u0130spanya&#039;n\u0131n Akdeniz k\u0131y\u0131s\u0131nda \u00f6zenle yeti\u015ftirilir. Evde kendi en kaliteli taze sebzelerinizi yeti\u015ftirin ve tariflerinize ekleyin<\/p>\n<p>E\u015eS\u0130Z HED\u0130YE F\u0130K\u0130R\u0130 - Kitimiz \u00e7ocuklar, bah\u00e7eye veya yemek pi\u015firmeye yeni ba\u015flayan arkada\u015flar i\u00e7in m\u00fckemmel bir hediye, ofis veya evin herhangi bir yeri i\u00e7in dekoratif bir hediye veya y\u00fcksek kaliteli bitki tohumlar\u0131n\u0131 \u00e7imlendirmek i\u00e7in bir yeti\u015ftirme seti olarak m\u00fckemmel bir hediyedir.<\/p>\n<p>EV\u0130N\u0130Z\u0130 VINTAGE ST\u0130L SEBZE BAH\u00c7E K\u0130T\u0130 \u0130LE DEKORE ED\u0130N \u2013 Kitimizin t\u00fcm bile\u015fenleri \u00e7ok y\u00fcksek kalitededir. Yeti\u015ftirme kitimiz ve i\u00e7erdi\u011fi bitki tohumlar\u0131, i\u00e7 mekan sebze bah\u00e7ecili\u011fi i\u00e7in bir ba\u015flang\u0131\u00e7 seti olarak kullan\u0131labilir ve ayn\u0131 zamanda mutfak tezgah\u0131, pencere pervazlar\u0131, balkonlar, verandalar veya \u00e7at\u0131 d\u00f6\u015femeleri i\u00e7in harika bir dekoratif unsurdur.<\/p>\n<p>NAUKUA \u2013 Amac\u0131m\u0131z, ba\u015flang\u0131\u00e7 seviyesi dostu ve s\u00fcrd\u00fcr\u00fclebilir tohum yeti\u015ftirme kitlerimiz ile do\u011fan\u0131n \u00f6z\u00fcn\u00fc evinize yakla\u015ft\u0131rmak. Herhangi bir sorunuz varsa veya kitinizle ilgili yard\u0131ma ihtiyac\u0131n\u0131z varsa do\u011frudan bizimle ileti\u015fime ge\u00e7mekten \u00e7ekinmeyin.<\/p><\/p>","protected":false},"excerpt":{"rendered":"<p><span id=\"productTitle\" class=\"a-size-large product-title-word-break\" style=\"font-size: 16px;line-height: 32px\">Vintage Gem\u00fcse Anzuchtset Geschenk \u2013 (Saatgut f\u00fcr Salat, Tomaten, Radieschen und Paprika) \u2013 100% Organische, Gem\u00fcsesamen aus Spanien \u2013 Alles was du brauchst, um dein eigenes frisches Gem\u00fcse zu Hause<\/span><\/p><\/p>","protected":false},"featured_media":11919,"comment_status":"open","ping_status":"closed","template":"","meta":[],"product_cat":[50],"product_tag":[347],"acf":[],"_links":{"self":[{"href":"https:\/\/www.garden-kit.com\/tr\/wp-json\/wp\/v2\/product\/6775"}],"collection":[{"href":"https:\/\/www.garden-kit.com\/tr\/wp-json\/wp\/v2\/product"}],"about":[{"href":"https:\/\/www.garden-kit.com\/tr\/wp-json\/wp\/v2\/types\/product"}],"replies":[{"embeddable":true,"href":"https:\/\/www.garden-kit.com\/tr\/wp-json\/wp\/v2\/comments?post=6775"}],"wp:featuredmedia":[{"embeddable":true,"href":"https:\/\/www.garden-kit.com\/tr\/wp-json\/wp\/v2\/media\/11919"}],"wp:attachment":[{"href":"https:\/\/www.garden-kit.com\/tr\/wp-json\/wp\/v2\/media?parent=6775"}],"wp:term":[{"taxonomy":"product_cat","embeddable":true,"href":"https:\/\/www.garden-kit.com\/tr\/wp-json\/wp\/v2\/product_cat?post=6775"},{"taxonomy":"product_tag","embeddable":true,"href":"https:\/\/www.garden-kit.com\/tr\/wp-json\/wp\/v2\/product_tag?post=6775"}],"curies":[{"name":"wp","href":"https:\/\/api.w.org\/{rel}","templated":true}]}}