{"id":6781,"date":"2022-11-11T10:16:47","date_gmt":"2022-11-11T02:16:47","guid":{"rendered":"https:\/\/www.garden-kit.com\/product\/organic-herb-seed-set\/"},"modified":"2023-11-07T12:18:39","modified_gmt":"2023-11-07T04:18:39","slug":"organic-herb-seed-set","status":"publish","type":"product","link":"https:\/\/www.garden-kit.com\/tr\/product\/organic-herb-seed-set\/","title":{"rendered":"Organik Bitki Tohumu Seti"},"content":{"rendered":"<h3 style=\"line-height: 1.5;font-size: 19px\">Bu makale hakk\u0131nda bilgi<\/h3>\n<p style=\"line-height: 1.5\">Evde kendi bitkilerinizi yeti\u015ftirin ve tariflerinize ekleyin! - Kitimiz 6 bitki tohumu, 6 bambu \u00e7ubuk ve 5 dilde ad\u0131m ad\u0131m talimatlar ve tarif kitap\u00e7\u0131klar\u0131 i\u00e7erir.<\/p>\n<p style=\"line-height: 1.5\">100% Organik Bitki Tohumlar\u0131, Tohumlar\u0131m\u0131z 100% organik ve GDO'suzdur, hepsi \u0130spanya'n\u0131n Akdeniz k\u0131y\u0131lar\u0131nda \u00f6zenle yeti\u015ftirilmi\u015ftir. Evde kendi taze, en kaliteli bitkilerinizi kolayca yeti\u015ftirin ve tariflerinize ekleyin<\/p>\n<p style=\"line-height: 1.5\">E\u015eS\u0130Z HED\u0130YE TASARIMI - Kitlerimiz \u00e7ocuklar, bah\u00e7ecili\u011fe veya yemek pi\u015firmeye yeni ba\u015flayan arkada\u015flar veya y\u00fcksek kaliteli bitki tohumlar\u0131n\u0131 filizlendirmek i\u00e7in bir yeti\u015ftirme kiti olarak m\u00fckemmel bir hediyedir.<\/p>\n<p style=\"line-height: 1.5\">Amac\u0131m\u0131z, yeni ba\u015flayan dostu ve s\u00fcrd\u00fcr\u00fclebilir tohum ekim kitlerimizle do\u011fan\u0131n en iyisini evinize getirmektir. Herhangi bir sorunuz varsa veya yard\u0131ma ihtiyac\u0131n\u0131z olursa, l\u00fctfen do\u011frudan bizimle ileti\u015fime ge\u00e7mekten \u00e7ekinmeyin.<\/p>\n<\/p>\n<p>Organik Bitki Tohumu Seti, arka bah\u00e7enizde veya pencere kenar\u0131n\u0131zda kendi mutfak \u015faheserinizi yaratman\u0131za olanak tan\u0131yan bir tat ve koku hazinesi olan do\u011fadan bir hediyedir. Bu kapsaml\u0131 \u00fcr\u00fcn a\u00e7\u0131klamas\u0131, Organik Bitki Tohumu Setinin neler sundu\u011funu, organik bitki yeti\u015ftirmenin b\u00fcy\u00fcs\u00fcn\u00fc ve bu k\u00fc\u00e7\u00fck ye\u015fil harikalar\u0131 kucaklamay\u0131 se\u00e7ti\u011finizde sizi bekleyen mutfak yolculu\u011funu ke\u015ffedecek.<\/p>\n<h3 style=\"font-size: 19px\"><strong>Organik Bitkiler D\u00fcnyas\u0131n\u0131n Kilidini A\u00e7mak<\/strong><\/h3>\n<p>Organik otlar, aromatik yapraklar\u0131, ho\u015f kokulu \u00e7i\u00e7ekleri ve \u00e7ok y\u00f6nl\u00fc tatlar\u0131 i\u00e7in yeti\u015ftirilen eski bir gelenektir. Y\u00fczy\u0131llard\u0131r d\u00fcnyan\u0131n d\u00f6rt bir yan\u0131ndaki mutfak geleneklerinde kullan\u0131lm\u0131\u015f, yemeklere derinlik ve karakter katm\u0131\u015flard\u0131r. Ancak organik bitkileri ger\u00e7ekten \u00f6zel k\u0131lan \u015fey, sentetik kimyasallar, b\u00f6cek ila\u00e7lar\u0131 ve genetik modifikasyonlardan ar\u0131nm\u0131\u015f olmalar\u0131n\u0131 sa\u011flayan yeti\u015ftirilme ve beslenme \u015fekilleridir. Organik Bitki Tohum Seti, bu gelene\u011fi kap\u0131n\u0131za kadar getirerek kendi organik bitki yeti\u015ftirme yolculu\u011funuza \u00e7\u0131kman\u0131z\u0131 sa\u011flar.<\/p>\n<h3 style=\"font-size: 19px\"><strong>Organik Bitki Tohum Setinin \u0130\u00e7inde Neler Var?<\/strong><\/h3>\n<p>Organik Bitki Tohumu Seti, her biri benzersiz nitelikleri ve mutfak potansiyeli i\u00e7in se\u00e7ilmi\u015f organik bitki tohumlar\u0131n\u0131n \u00f6zenle se\u00e7ilmi\u015f bir koleksiyonudur. Her biri kendine \u00f6zg\u00fc tat, aroma ve kullan\u0131ma sahip \u00e7e\u015fitli bitkileri i\u00e7eren kapsaml\u0131 bir pakettir. \u0130\u015fte sette bulaca\u011f\u0131n\u0131z organik bitki tohumlar\u0131ndan baz\u0131lar\u0131:<\/p>\n<ul>\n<li>\n<p><strong>Reyhan:<\/strong> \"Bitkilerin kral\u0131\" olarak bilinen fesle\u011fen, tatl\u0131, biberli bir tada sahip \u00e7ok y\u00f6nl\u00fc bir bitkidir. \u0130talyan mutfa\u011f\u0131n\u0131n vazge\u00e7ilmezidir ve domatesle harika bir uyum sa\u011flayarak pesto gibi yemeklerde \u00f6nemli bir bile\u015fen haline gelir.<\/p>\n<\/li>\n<li>\n<p><strong>Maydanoz:<\/strong> Hafif, taze bir tada sahip klasik bir bitki olan maydanoz, \u00e7orba ve g\u00fcve\u00e7lerden salata ve soslara kadar \u00e7ok \u00e7e\u015fitli yemekleri s\u00fcslemek ve tatland\u0131rmak i\u00e7in olmazsa olmazd\u0131r.<\/p>\n<\/li>\n<li>\n<p><strong>Ki\u015fni\u015f:<\/strong> Ki\u015fni\u015fin parlak, narenciye notalar\u0131 Meksika ve G\u00fcneydo\u011fu Asya yemeklerinin vazge\u00e7ilmezidir. Salsalarda, k\u00f6rilerde, tacolarda ve di\u011fer yemeklerde garnit\u00fcr olarak kullan\u0131l\u0131r.<\/p>\n<\/li>\n<li>\n<p><strong>Rosemary:<\/strong> Biberiyenin g\u00fc\u00e7l\u00fc, \u00e7am benzeri aromas\u0131 onu kavrulmu\u015f etler ve patatesler i\u00e7in vazge\u00e7ilmez bir bitki yapar. \u00c7e\u015fitli yemeklere ho\u015f bir toprak rengi katar.<\/p>\n<\/li>\n<li>\n<p><strong>Nane \u015fekeri:<\/strong> Ferahlat\u0131c\u0131 ve canland\u0131r\u0131c\u0131 nane, i\u00e7ecekler, tatl\u0131lar ve tuzlu yemekler i\u00e7in m\u00fckemmeldir. \u00c7ay, mojito ve Akdeniz salatalar\u0131 yapmak i\u00e7in pop\u00fcler bir se\u00e7imdir.<\/p>\n<\/li>\n<li>\n<p><strong>Kekik:<\/strong> Keki\u011fin topraks\u0131 ve hafif \u00e7i\u00e7eksi aromas\u0131 kavrulmu\u015f etleri, g\u00fcve\u00e7leri ve Akdeniz mutfa\u011f\u0131n\u0131 tamamlar. Genellikle Herbes de Provence gibi bitki kar\u0131\u015f\u0131mlar\u0131nda kullan\u0131l\u0131r.<\/p>\n<\/li>\n<li>\n<p><strong>Kekik:<\/strong> Kekik, \u0130talyan ve Yunan yemeklerine keskin, hafif ac\u0131 bir tat katar. Pizza sosu, makarna ve Akdeniz tariflerinin vazge\u00e7ilmezidir.<\/p>\n<\/li>\n<li>\n<p><strong>Frenk so\u011fan\u0131:<\/strong> Frenk so\u011fan\u0131 hafif bir so\u011fan aromas\u0131 sunar ve \u00e7orbalar\u0131, salatalar\u0131 ve f\u0131r\u0131nlanm\u0131\u015f patatesleri s\u00fcslemek i\u00e7in m\u00fckemmeldir. Bir\u00e7ok mutfak uygulamas\u0131n\u0131n favorisidir.<\/p>\n<\/li>\n<li>\n<p><strong>Sage:<\/strong> G\u00fc\u00e7l\u00fc, topraks\u0131 aromas\u0131yla ada\u00e7ay\u0131, \u015e\u00fckran G\u00fcn\u00fc dolmas\u0131n\u0131n \u00f6nemli bir bile\u015fenidir ve k\u00fcmes hayvanlar\u0131 ve domuz eti yemekleriyle iyi uyum sa\u011flar.<\/p>\n<\/li>\n<li>\n<p><strong>Dereotu:<\/strong> Dereotunun t\u00fcyl\u00fc yapraklar\u0131 ve anason benzeri aromas\u0131 onu tur\u015fular, bal\u0131k yemekleri ve salatalar i\u00e7in m\u00fckemmel bir katk\u0131 haline getirir. \u0130skandinav ve Do\u011fu Avrupa mutfa\u011f\u0131nda da kullan\u0131l\u0131r.<\/p>\n<\/li>\n<\/ul>\n<h3 style=\"font-size: 19px\"><strong>Organik Bitki Yeti\u015ftirmenin B\u00fcy\u00fcs\u00fc<\/strong><\/h3>\n<p>Organik bitki yeti\u015ftirmenin keyfi, son yeme\u011fin \u00e7ok \u00f6tesine uzan\u0131r. Bu d\u00f6n\u00fc\u015ft\u00fcr\u00fcc\u00fc bir deneyimdir - sizi do\u011fayla ve hayat\u0131n basit zevkleriyle yeniden bulu\u015fturan bir yolculuk. \u0130\u015fte organik bitki tohumu setinizi yeti\u015ftirdi\u011finizde ortaya \u00e7\u0131kan sihre bir bak\u0131\u015f:<\/p>\n<ul>\n<li>\n<p><strong>Do\u011fa ile Ba\u011flant\u0131:<\/strong> Organik bitki yeti\u015ftirmek, do\u011fal d\u00fcnya ile ba\u011f kurman\u0131n bir yoludur. Minik tohumlar filizlenip canl\u0131 bitkilere d\u00f6n\u00fc\u015f\u00fcrken ya\u015fam\u0131n mucizesine tan\u0131k olmak i\u00e7in bir f\u0131rsatt\u0131r.<\/p>\n<\/li>\n<li>\n<p><strong>Tazelik ve Lezzet:<\/strong> Yemeklerinizde taze otlar\u0131n tad\u0131 gibisi yoktur. Tatlar daha canl\u0131, aromalar daha belirgin ve memnuniyet daha derindir.<\/p>\n<\/li>\n<li>\n<p><strong>S\u00fcrd\u00fcr\u00fclebilirlik:<\/strong> Evde organik bitki yeti\u015ftirmek karbon ayak izinizi azalt\u0131r. Ma\u011fazadan sat\u0131n al\u0131nan bitkilerin plastik ambalajlar\u0131na elveda diyebilir ve g\u0131da israf\u0131n\u0131 azaltabilirsiniz.<\/p>\n<\/li>\n<li>\n<p><strong>Sa\u011fl\u0131k Faydalar\u0131:<\/strong> Organik bitkiler temel besin maddeleri ve antioksidanlarla doludur. Sadece yemeklerinizin lezzetini artt\u0131rmakla kalmaz, ayn\u0131 zamanda genel sa\u011fl\u0131\u011f\u0131n\u0131za da katk\u0131da bulunurlar.<\/p>\n<\/li>\n<li>\n<p><strong>Estetik \u00c7ekicilik:<\/strong> Yemye\u015fil bitkilerle dolu bir bah\u00e7e veya pencere kenar\u0131 g\u00f6zler i\u00e7in bir ziyafettir. Ya\u015fam alan\u0131n\u0131za do\u011fal bir g\u00fczellik katar.<\/p>\n<\/li>\n<li>\n<p><strong>Bir Ba\u015far\u0131 Hissi:<\/strong> Bitkilerinizin geli\u015fmesine tan\u0131kl\u0131k etmek son derece \u00f6d\u00fcllendiricidir. Bir ba\u015far\u0131 duygusu ve kendi kendine yeterlilik hissi a\u015f\u0131lar.<\/p>\n<\/li>\n<\/ul>\n<h3 style=\"font-size: 19px\"><strong>Organik Otlarla Mutfakta Yarat\u0131c\u0131l\u0131k<\/strong><\/h3>\n<p>Organik Bitki Tohumu Seti, mutfakta yarat\u0131c\u0131l\u0131\u011fa bir davettir. Elinizin alt\u0131ndaki \u00e7ok \u00e7e\u015fitli otlarla, bir dizi lezzeti deneyebilir ve yemeklerinize ki\u015filik kazand\u0131rabilirsiniz. \u0130\u015fte bu organik bitkilerle yaratabilece\u011finiz mutfak lezzetlerinden sadece birka\u00e7\u0131:<\/p>\n<ul>\n<li>\n<p><strong>Pesto M\u00fckemmelli\u011fi:<\/strong> Taze fesle\u011fen yapraklar\u0131n\u0131 \u00e7am f\u0131st\u0131\u011f\u0131, sar\u0131msak, Parmesan peyniri ve zeytinya\u011f\u0131 ile kar\u0131\u015ft\u0131rarak makarna, sandvi\u00e7 veya dip sos olarak kullanabilece\u011finiz a\u011f\u0131z suland\u0131ran bir pesto sos elde edin.<\/p>\n<\/li>\n<li>\n<p><strong>Bitkilerle A\u015f\u0131lanm\u0131\u015f Ya\u011flar ve Sirkeler:<\/strong> Ya\u011flar\u0131 ve sirkeleri en sevdi\u011finiz bitkilerle a\u015f\u0131layarak yemeklerinizi geli\u015ftirin. Keyifli salata soslar\u0131 ve dald\u0131rma soslar\u0131 yaparlar.<\/p>\n<\/li>\n<li>\n<p><strong>Lezzetli K\u0131zartmalar:<\/strong> Yeme\u011finizi yeni bir seviyeye y\u00fckselten bir lezzet patlamas\u0131 i\u00e7in k\u0131zarm\u0131\u015f tavuk, kuzu veya s\u0131\u011f\u0131r etinize biberiye, kekik ve sar\u0131msak s\u00fcr\u00fcn.<\/p>\n<\/li>\n<li>\n<p><strong>Naneli Tatl\u0131lar:<\/strong> Nane yapraklar\u0131 s\u0131radan tatl\u0131lar\u0131 ola\u011fan\u00fcst\u00fc lezzetlere d\u00f6n\u00fc\u015ft\u00fcrebilir. \u00c7ikolatal\u0131 mus, dondurma veya meyve salatalar\u0131na eklemeyi deneyin.<\/p>\n<\/li>\n<li>\n<p><strong>Tuzlu omletler:<\/strong> Bitkisel tazelik patlamas\u0131 i\u00e7in sabah omletinize taze frenk so\u011fan\u0131, maydanoz ve dereotu ekleyin.<\/p>\n<\/li>\n<li>\n<p><strong>Ev Yap\u0131m\u0131 Baharat Kar\u0131\u015f\u0131mlar\u0131:<\/strong> Kekik ve kekik ile \u0130talyan baharat\u0131 veya biberiye, kekik ve lavanta ile klasik Herbes de Provence kar\u0131\u015f\u0131m\u0131 gibi kendi bitki kar\u0131\u015f\u0131mlar\u0131n\u0131z\u0131 olu\u015fturun.<\/p>\n<\/li>\n<li>\n<p><strong>Otlu Tereya\u011f\u0131:<\/strong> Ada\u00e7ay\u0131, biberiye ve keki\u011fi yumu\u015fat\u0131lm\u0131\u015f tereya\u011f\u0131nda kar\u0131\u015ft\u0131rarak ekmek, patates veya \u0131zgara sebzeler i\u00e7in nefis bir sos elde edin.<\/p>\n<\/li>\n<li>\n<p><strong>Ferahlat\u0131c\u0131 Bitki \u00c7ay\u0131:<\/strong> Nane yapraklar\u0131n\u0131z\u0131 toplayarak s\u0131cak veya so\u011fuk olarak t\u00fcketilebilecek rahatlat\u0131c\u0131 bitki \u00e7aylar\u0131 yap\u0131n.<\/p>\n<\/li>\n<\/ul>\n<h3 style=\"font-size: 19px\"><strong>Neden Organik Bitki Tohum Setini Se\u00e7melisiniz?<\/strong><\/h3>\n<p>Organik Bitki Tohumu Setini se\u00e7mek, bah\u00e7ecili\u011fin keyfini, yemek pi\u015firmenin zevkini ve s\u00fcrd\u00fcr\u00fclebilir ya\u015fam\u0131n \u00f6d\u00fcllerini kucaklamak i\u00e7in bir karard\u0131r. \u0130\u015fte bu se\u00e7imi yapmak i\u00e7in baz\u0131 ikna edici nedenler:<\/p>\n<ul>\n<li>\n<p><strong>\u00c7ok Y\u00f6nl\u00fc Bir Koleksiyon:<\/strong> Organik Bitki Tohum Seti, \u00e7ok \u00e7e\u015fitli mutfak ve sa\u011fl\u0131k uygulamalar\u0131n\u0131 ke\u015ffetmenize olanak tan\u0131yan \u00e7ok y\u00f6nl\u00fc bir bitki koleksiyonu sunar.<\/p>\n<\/li>\n<li>\n<p><strong>GDO i\u00e7ermez:<\/strong> Bu setteki t\u00fcm tohumlar GDO'suzdur ve bitkileri do\u011fal, de\u011fi\u015ftirilmemi\u015f formlar\u0131nda yeti\u015ftirmenizi sa\u011flar.<\/p>\n<\/li>\n<li>\n<p><strong>Sertifikal\u0131 Organik:<\/strong> Tohumlar organik sertifikal\u0131d\u0131r, bu da organik tar\u0131m uygulamalar\u0131na uygun olarak \u00fcretildiklerini g\u00f6sterir.<\/p>\n<\/li>\n<li>\n<p><strong>S\u00fcrd\u00fcr\u00fclebilir Ya\u015fam:<\/strong> Organik bitkiler yeti\u015ftirmek karbon ayak izinizi azalt\u0131r, s\u00fcrd\u00fcr\u00fclebilir tar\u0131m\u0131 te\u015fvik eder ve gezegenin refah\u0131n\u0131 destekler.<\/p>\n<\/li>\n<li>\n<p><strong>Lezzetli Yemekler:<\/strong> Taze organik otlar, e\u015fsiz lezzet ve aroma ile mutfak kreasyonlar\u0131n\u0131z\u0131 y\u00fckseltir ve her yeme\u011fi unutulmaz bir deneyim haline getirir.<\/p>\n<\/li>\n<li>\n<p><strong>Sa\u011fl\u0131k ve Zindelik:<\/strong> Organik bitkiler, sindirimin iyile\u015ftirilmesinden ba\u011f\u0131\u015f\u0131kl\u0131\u011f\u0131n g\u00fc\u00e7lendirilmesine kadar say\u0131s\u0131z sa\u011fl\u0131k faydas\u0131 sunarak do\u011fal ila\u00e7lar\u0131n parmaklar\u0131n\u0131z\u0131n ucunda olmas\u0131n\u0131 sa\u011flar.<\/p>\n<\/li>\n<\/ul>\n<p>Organik Bitki Tohumu Seti, mutfak yarat\u0131c\u0131l\u0131\u011f\u0131, s\u00fcrd\u00fcr\u00fclebilir ya\u015fam ve do\u011fal sa\u011fl\u0131k d\u00fcnyas\u0131na a\u00e7\u0131lan bir kap\u0131d\u0131r. Organik bitkilerinizi yeti\u015ftirmenin, taze ve lezzetli yemeklerin faydalar\u0131ndan yararlanman\u0131n ve sa\u011fl\u0131\u011f\u0131n\u0131z ve \u00e7evre i\u00e7in bilin\u00e7li bir se\u00e7im yapman\u0131n keyfini kucaklamak i\u00e7in bir davettir.<\/p>\n<p>Organik bitki yeti\u015ftiricili\u011fi yolculu\u011funuza \u00e7\u0131karken, do\u011fan\u0131n arma\u011fanlar\u0131na ve se\u00e7imlerinizin derin etkisine kar\u015f\u0131 yenilenmi\u015f bir takdir ke\u015ffedeceksiniz. \u0130ster deneyimli bir bah\u00e7\u0131van ister acemi olun, Organik Bitki Tohumu Seti olas\u0131l\u0131klar ve \u00f6d\u00fcller a\u00e7\u0131s\u0131ndan zengin, tatmin edici bir deneyim sunar. Sizi as\u0131rl\u0131k bitki yeti\u015ftirme geleneklerine ba\u011flayarak mutfak kreasyonlar\u0131n\u0131z\u0131 ger\u00e7ekten ola\u011fan\u00fcst\u00fc hale getirir.<\/p>","protected":false},"excerpt":{"rendered":"<p id=\"title\" class=\"a-size-large a-spacing-none\" style=\"padding: 0px;margin: 0px;color: #0f1111;font-family: 'Amazon Ember', Arial, sans-serif;background-color: #ffffff;font-size: 16px;line-height: 1.5\"><span style=\"font-family: arial, helvetica, sans-serif\">Bitki Tohumu Seti - 6x bambu i\u015faretleyici, ad\u0131m ad\u0131m talimatlar ve bir tarif kitap\u00e7\u0131\u011f\u0131 (e-Kitap) i\u00e7erir!<\/span><\/p>","protected":false},"featured_media":17203,"comment_status":"open","ping_status":"closed","template":"","meta":[],"product_cat":[50],"product_tag":[180,352,483,482,348],"acf":[],"_links":{"self":[{"href":"https:\/\/www.garden-kit.com\/tr\/wp-json\/wp\/v2\/product\/6781"}],"collection":[{"href":"https:\/\/www.garden-kit.com\/tr\/wp-json\/wp\/v2\/product"}],"about":[{"href":"https:\/\/www.garden-kit.com\/tr\/wp-json\/wp\/v2\/types\/product"}],"replies":[{"embeddable":true,"href":"https:\/\/www.garden-kit.com\/tr\/wp-json\/wp\/v2\/comments?post=6781"}],"wp:featuredmedia":[{"embeddable":true,"href":"https:\/\/www.garden-kit.com\/tr\/wp-json\/wp\/v2\/media\/17203"}],"wp:attachment":[{"href":"https:\/\/www.garden-kit.com\/tr\/wp-json\/wp\/v2\/media?parent=6781"}],"wp:term":[{"taxonomy":"product_cat","embeddable":true,"href":"https:\/\/www.garden-kit.com\/tr\/wp-json\/wp\/v2\/product_cat?post=6781"},{"taxonomy":"product_tag","embeddable":true,"href":"https:\/\/www.garden-kit.com\/tr\/wp-json\/wp\/v2\/product_tag?post=6781"}],"curies":[{"name":"wp","href":"https:\/\/api.w.org\/{rel}","templated":true}]}}