{"id":6793,"date":"2022-11-11T10:22:28","date_gmt":"2022-11-11T02:22:28","guid":{"rendered":"https:\/\/www.garden-kit.com\/product\/rainbow-salad-kit\/"},"modified":"2023-03-31T14:33:56","modified_gmt":"2023-03-31T06:33:56","slug":"rainbow-salad-kit","status":"publish","type":"product","link":"https:\/\/www.garden-kit.com\/tr\/product\/rainbow-salad-kit\/","title":{"rendered":"G\u00f6kku\u015fa\u011f\u0131 Salata Seti"},"content":{"rendered":"<p style=\"line-height: 1.5\"><span style=\"color: #222222;font-family: arial, helvetica, sans-serif;font-size: 16px;background-color: #ffffff;float: none\">KEND\u0130 SALATA SEBZELER\u0130N\u0130Z\u0130 YET\u0130\u015eT\u0130R\u0130N: Kit ba\u015f\u0131na 1500'den fazla Tohum. 12 Tohum \u00c7e\u015fidi; Rezene, Domates (sar\u0131), Havu\u00e7 - Paris Round, Pak choi, Rhubard Chard, Kar\u0131\u015f\u0131k marul - K\u0131rm\u0131z\u0131 Salata kasesi, Ispanak - Securo, Pancar - Chioggia (k\u0131rm\u0131z\u0131 ve beyaz), Taze so\u011fan, Roka, Turp - Cherry Belle, Dolmal\u0131k Biber Capsicum annumAyr\u0131ca 12 saks\u0131 12 toprak diski ve ad\u0131m ad\u0131m talimatlar i\u00e7erir.<\/span><br style=\"margin: 0px;color: #222222;font-family: 'Graphik Webfont', -apple-system, 'Helvetica Neue', 'Droid Sans', Arial, sans-serif;font-size: 16px;background-color: #ffffff\" \/><span style=\"color: #222222;font-family: arial, helvetica, sans-serif;font-size: 16px;background-color: #ffffff;float: none\">YE\u015eIL PARMAKLAR GEREKLI DE\u011eILDIR: Daha \u00f6nce hi\u00e7bir \u015fey yeti\u015ftirmediyseniz endi\u015felenmeyin - bu Yeti\u015ftirme kiti Yeni Ba\u015flayanlar i\u00e7in m\u00fckemmel olan Resimli bir K\u0131lavuz i\u00e7erir. Dahas\u0131, yeti\u015ftirme s\u00fcrecinin her a\u015famas\u0131nda sorular\u0131n\u0131z\u0131 yan\u0131tlamak i\u00e7in buraday\u0131z.<\/span><br style=\"margin: 0px;color: #222222;font-family: 'Graphik Webfont', -apple-system, 'Helvetica Neue', 'Droid Sans', Arial, sans-serif;font-size: 16px;background-color: #ffffff\" \/><span style=\"color: #222222;font-family: arial, helvetica, sans-serif;font-size: 16px;background-color: #ffffff;float: none\">C\u00d6MERT MIKTARDA TOHUM: Paket ba\u015f\u0131na 1.000'den fazla tohum ile 12 \u00e7e\u015fit tohum ekledik. 2-3 deneme i\u00e7in YETER\u0130NCE FAZLA!<\/span><br style=\"margin: 0px;color: #222222;font-family: 'Graphik Webfont', -apple-system, 'Helvetica Neue', 'Droid Sans', Arial, sans-serif;font-size: 16px;background-color: #ffffff\" \/><span style=\"color: #222222;font-family: arial, helvetica, sans-serif;font-size: 16px;background-color: #ffffff;float: none\">SIRADI\u015eI YILBA\u015eI HEDI\u0307YESI\u0307 FI\u0307KRI\u0307: Urban Sprout G\u00f6kku\u015fa\u011f\u0131 Kiti, \u00e7ekici bir ambalaj i\u00e7inde g\u00fczel bir \u015fekilde sunulmu\u015ftur ve harika bir Noel, Gizli Noel Baba veya \u00c7orap Dolgusu hediyesidir<\/span><br style=\"margin: 0px;color: #222222;font-family: 'Graphik Webfont', -apple-system, 'Helvetica Neue', 'Droid Sans', Arial, sans-serif;font-size: 16px;background-color: #ffffff\" \/><span style=\"color: #222222;font-family: arial, helvetica, sans-serif;font-size: 16px;background-color: #ffffff;float: none\">\u00c7IMLENME S\u00d6Z\u00dc: Memnun kalaca\u011f\u0131n\u0131z bir Tohum kiti \u00fcretmek i\u00e7in fazladan yol kat ettik! Kitinizdeki tohumlar \u00e7imlenmezse bize bildirin, size daha fazla tohum g\u00f6nderece\u011fimize s\u00f6z veriyoruz! \u015eimdi Sepete Ekle'ye t\u0131klay\u0131n ve b\u00fcy\u00fcmeye ba\u015flayal\u0131m<\/span><\/p><\/p>","protected":false},"excerpt":{"rendered":"<p>G\u00f6kku\u015fa\u011f\u0131 Salata Seti \u2013 Kendi Salata Sebzelerinizi Yeti\u015ftirin \u2013 Bah\u00e7ecilik Hediye Seti \u2013 Dikim i\u00e7in 10 Tohum Paketi \u00c7e\u015fitleri&nbsp;<\/p><\/p>","protected":false},"featured_media":11988,"comment_status":"open","ping_status":"closed","template":"","meta":[],"product_cat":[50],"product_tag":[350],"acf":[],"_links":{"self":[{"href":"https:\/\/www.garden-kit.com\/tr\/wp-json\/wp\/v2\/product\/6793"}],"collection":[{"href":"https:\/\/www.garden-kit.com\/tr\/wp-json\/wp\/v2\/product"}],"about":[{"href":"https:\/\/www.garden-kit.com\/tr\/wp-json\/wp\/v2\/types\/product"}],"replies":[{"embeddable":true,"href":"https:\/\/www.garden-kit.com\/tr\/wp-json\/wp\/v2\/comments?post=6793"}],"wp:featuredmedia":[{"embeddable":true,"href":"https:\/\/www.garden-kit.com\/tr\/wp-json\/wp\/v2\/media\/11988"}],"wp:attachment":[{"href":"https:\/\/www.garden-kit.com\/tr\/wp-json\/wp\/v2\/media?parent=6793"}],"wp:term":[{"taxonomy":"product_cat","embeddable":true,"href":"https:\/\/www.garden-kit.com\/tr\/wp-json\/wp\/v2\/product_cat?post=6793"},{"taxonomy":"product_tag","embeddable":true,"href":"https:\/\/www.garden-kit.com\/tr\/wp-json\/wp\/v2\/product_tag?post=6793"}],"curies":[{"name":"wp","href":"https:\/\/api.w.org\/{rel}","templated":true}]}}