{"id":6802,"date":"2022-11-11T10:24:24","date_gmt":"2022-11-11T02:24:24","guid":{"rendered":"https:\/\/www.garden-kit.com\/product\/chilli-seeds-kit\/"},"modified":"2023-06-14T15:02:34","modified_gmt":"2023-06-14T07:02:34","slug":"chilli-seeds-kit","status":"publish","type":"product","link":"https:\/\/www.garden-kit.com\/tr\/product\/chilli-seeds-kit\/","title":{"rendered":"Biber Tohumu Seti"},"content":{"rendered":"<p><span style=\"color: #222222; font-family: 'Graphik Webfont', -apple-system, 'Helvetica Neue', 'Droid Sans', Arial, sans-serif; font-size: 16px; background-color: #ffffff; float: none;\">???? TOHUMDAN KEND\u0130 B\u0130BER B\u0130TK\u0130LER\u0130N\u0130Z\u0130 YET\u0130\u015eT\u0130R\u0130N: C\u00f6mert Ba\u015flang\u0131\u00e7 seti, 250&#039;DEN FAZLA TOHUMLA 10 B\u0130BER \u00c7E\u015e\u0130T\u0130N\u0130 i\u00e7erir! Ayr\u0131ca 10 saks\u0131, 10 toprak pelet, 10 Bitki \u0130\u015faretleyici! Kalem ve Ad\u0131m Ad\u0131m Talimat K\u0131lavuzu<\/span><br style=\"margin: 0px; color: #222222; font-family: 'Graphik Webfont', -apple-system, 'Helvetica Neue', 'Droid Sans', Arial, sans-serif; font-size: 16px; background-color: #ffffff;\" \/><br style=\"margin: 0px; color: #222222; font-family: 'Graphik Webfont', -apple-system, 'Helvetica Neue', 'Droid Sans', Arial, sans-serif; font-size: 16px; background-color: #ffffff;\" \/><span style=\"color: #222222; font-family: 'Graphik Webfont', -apple-system, 'Helvetica Neue', 'Droid Sans', Arial, sans-serif; font-size: 16px; background-color: #ffffff; float: none;\">???? BAZILARI AKIL ALMAZ DERECEDE SICAK SEV\u0130YOR: Hafiften Ak\u0131l Almayacak Kadar S\u0131cakl\u0131\u011fa Kadar De\u011fi\u015fiyor!!! Her \u0130knan\u0131n Biberli Kafalar\u0131 i\u00e7in Bir \u015eeyler Var; Hafif Jalape\u00f1o, Habernero, Padron, Macar Siyah\u0131, \u00d6zel C\u00fcce, S\u0131cak \u015eeytanlar, But Jolokia, De Cayenne, Biquino Hot, Prairie Fire<\/span><br style=\"margin: 0px; color: #222222; font-family: 'Graphik Webfont', -apple-system, 'Helvetica Neue', 'Droid Sans', Arial, sans-serif; font-size: 16px; background-color: #ffffff;\" \/><br style=\"margin: 0px; color: #222222; font-family: 'Graphik Webfont', -apple-system, 'Helvetica Neue', 'Droid Sans', Arial, sans-serif; font-size: 16px; background-color: #ffffff;\" \/><span style=\"color: #222222; font-family: 'Graphik Webfont', -apple-system, 'Helvetica Neue', 'Droid Sans', Arial, sans-serif; font-size: 16px; background-color: #ffffff; float: none;\">???? YE\u015e\u0130L PARMAKLAR GEREKL\u0130 DE\u011e\u0130L: Daha \u00f6nce hi\u00e7 yeti\u015ftirmediyseniz endi\u015felenmeyin; bu seti yeni ba\u015flayanlar\u0131 d\u00fc\u015f\u00fcnerek tasarlad\u0131k. Ad\u0131m ad\u0131m k\u0131lavuz ba\u015far\u0131n\u0131z\u0131 garanti eder. Burada durmuyoruz \u2013 B\u00fcy\u00fcme s\u00fcrecinin her a\u015famas\u0131nda yard\u0131mc\u0131 olmak i\u00e7in buraday\u0131z<\/span><br style=\"margin: 0px; color: #222222; font-family: 'Graphik Webfont', -apple-system, 'Helvetica Neue', 'Droid Sans', Arial, sans-serif; font-size: 16px; background-color: #ffffff;\" \/><br style=\"margin: 0px; color: #222222; font-family: 'Graphik Webfont', -apple-system, 'Helvetica Neue', 'Droid Sans', Arial, sans-serif; font-size: 16px; background-color: #ffffff;\" \/><span style=\"color: #222222; font-family: 'Graphik Webfont', -apple-system, 'Helvetica Neue', 'Droid Sans', Arial, sans-serif; font-size: 16px; background-color: #ffffff; float: none;\">???? HAR\u0130KA HED\u0130YE F\u0130K\u0130R\u0130: Ac\u0131 Biber Ba\u015flang\u0131\u00e7 setiniz Sevgiyle El \u0130\u015fi ile \u00dcretilmi\u015ftir ve \u015e\u0131k Bir Hediye Kutusunda G\u00fczelce Paketlenmi\u015f olarak teslim edilir; bu, listenizdeki \u00d6zel Ki\u015fiyi Kesinlikle \u015ea\u015f\u0131rtacak ve Memnun Edecektir.<\/span><br style=\"margin: 0px; color: #222222; font-family: 'Graphik Webfont', -apple-system, 'Helvetica Neue', 'Droid Sans', Arial, sans-serif; font-size: 16px; background-color: #ffffff;\" \/><br style=\"margin: 0px; color: #222222; font-family: 'Graphik Webfont', -apple-system, 'Helvetica Neue', 'Droid Sans', Arial, sans-serif; font-size: 16px; background-color: #ffffff;\" \/><span style=\"color: #222222; font-family: 'Graphik Webfont', -apple-system, 'Helvetica Neue', 'Droid Sans', Arial, sans-serif; font-size: 16px; background-color: #ffffff; float: none;\">???? MEMNUN\u0130YET GARANT\u0130L\u0130: Sevece\u011finizden emin oldu\u011fumuz bir kit \u00fcretmek i\u00e7in ekstra yol kat ettik! Sepete Ekle&#039;ye t\u0131klay\u0131n<\/span><\/p>","protected":false},"excerpt":{"rendered":"<p>Biber Tohumlar\u0131 Seti, Kendi Ac\u0131 Biberlerinizi \u0130\u00e7 Mekanda Yeti\u015ftirin, S\u00fcrd\u00fcr\u00fclebilir Eko Bah\u00e7ecilik Hediye Seti 10 K\u0131rm\u0131z\u0131 Ac\u0131 \u00c7e\u015fit \u0130\u00e7erir<\/p>","protected":false},"featured_media":6794,"comment_status":"closed","ping_status":"closed","template":"","meta":[],"product_cat":[50],"product_tag":[351],"acf":[],"_links":{"self":[{"href":"https:\/\/www.garden-kit.com\/tr\/wp-json\/wp\/v2\/product\/6802"}],"collection":[{"href":"https:\/\/www.garden-kit.com\/tr\/wp-json\/wp\/v2\/product"}],"about":[{"href":"https:\/\/www.garden-kit.com\/tr\/wp-json\/wp\/v2\/types\/product"}],"replies":[{"embeddable":true,"href":"https:\/\/www.garden-kit.com\/tr\/wp-json\/wp\/v2\/comments?post=6802"}],"wp:featuredmedia":[{"embeddable":true,"href":"https:\/\/www.garden-kit.com\/tr\/wp-json\/wp\/v2\/media\/6794"}],"wp:attachment":[{"href":"https:\/\/www.garden-kit.com\/tr\/wp-json\/wp\/v2\/media?parent=6802"}],"wp:term":[{"taxonomy":"product_cat","embeddable":true,"href":"https:\/\/www.garden-kit.com\/tr\/wp-json\/wp\/v2\/product_cat?post=6802"},{"taxonomy":"product_tag","embeddable":true,"href":"https:\/\/www.garden-kit.com\/tr\/wp-json\/wp\/v2\/product_tag?post=6802"}],"curies":[{"name":"wp","href":"https:\/\/api.w.org\/{rel}","templated":true}]}}