{"id":6807,"date":"2022-11-11T10:24:32","date_gmt":"2022-11-11T02:24:32","guid":{"rendered":"https:\/\/www.garden-kit.com\/product\/chilli-seeds-kit-2\/"},"modified":"2023-11-24T14:05:03","modified_gmt":"2023-11-24T06:05:03","slug":"chilli-seeds-kit-2","status":"publish","type":"product","link":"https:\/\/www.garden-kit.com\/tr\/product\/chilli-seeds-kit-2\/","title":{"rendered":"Biber Yeti\u015ftirme Kiti"},"content":{"rendered":"<p style=\"line-height: 1.5\"><span style=\"color: #222222;font-family: arial, helvetica, sans-serif;font-size: 16px;background-color: #ffffff;float: none\">KEND\u0130 \u00c7\u0130LL\u0130 B\u0130TK\u0130LER\u0130N\u0130Z\u0130 TOHUMDAN YET\u0130\u015eT\u0130R\u0130N: C\u00f6mert Ba\u015flang\u0131\u00e7 Kiti, 250'den Fazla Tohum ile 10 Biber \u00c7e\u015fidi i\u00e7erir! Ayr\u0131ca, 10 saks\u0131, 10 toprak peleti ve 10 bitki i\u015faretleyici! Kalem ve Ad\u0131m Ad\u0131m Talimat K\u0131lavuzu<\/span><br style=\"margin: 0px;color: #222222;font-family: 'Graphik Webfont', -apple-system, 'Helvetica Neue', 'Droid Sans', Arial, sans-serif;font-size: 16px;background-color: #ffffff\" \/><br style=\"margin: 0px;color: #222222;font-family: 'Graphik Webfont', -apple-system, 'Helvetica Neue', 'Droid Sans', Arial, sans-serif;font-size: 16px;background-color: #ffffff\" \/><span style=\"color: #222222;font-family: arial, helvetica, sans-serif;font-size: 16px;background-color: #ffffff;float: none\">BAZILARI AKIL ALMAZ SICAKLIKTA SEVER: Hafiften Ak\u0131l Almaz Ac\u0131ya Kadar De\u011fi\u015fir! A\u015fa\u011f\u0131dakiler de dahil olmak \u00fczere her t\u00fcrden ac\u0131 seven i\u00e7in bir \u015feyler var: Hafif Jalape\u00f1o, Habanero, Padron, Hungarian Black, Special Dwarf, Hot Devils, Bhut Jolokia, De Cayenne, Biquino Hot ve Prairie Fire<\/span><br style=\"margin: 0px;color: #222222;font-family: 'Graphik Webfont', -apple-system, 'Helvetica Neue', 'Droid Sans', Arial, sans-serif;font-size: 16px;background-color: #ffffff\" \/><br style=\"margin: 0px;color: #222222;font-family: 'Graphik Webfont', -apple-system, 'Helvetica Neue', 'Droid Sans', Arial, sans-serif;font-size: 16px;background-color: #ffffff\" \/><span style=\"color: #222222;font-family: arial, helvetica, sans-serif;font-size: 16px;background-color: #ffffff;float: none\">YE\u015e\u0130L PARMAKLAR GEREKL\u0130 DE\u011e\u0130L: Daha \u00f6nce hi\u00e7bir \u015fey yeti\u015ftirmediyseniz endi\u015felenmeyin; bu kiti yeni ba\u015flayanlar\u0131 d\u00fc\u015f\u00fcnerek tasarlad\u0131k. Ad\u0131m ad\u0131m k\u0131lavuz ba\u015far\u0131n\u0131z\u0131 garanti eder. Bununla da kalm\u0131yoruz. Yeti\u015ftirme s\u00fcrecinin her a\u015famas\u0131nda yard\u0131mc\u0131 olmak i\u00e7in buraday\u0131z<\/span><br style=\"margin: 0px;color: #222222;font-family: 'Graphik Webfont', -apple-system, 'Helvetica Neue', 'Droid Sans', Arial, sans-serif;font-size: 16px;background-color: #ffffff\" \/><span style=\"color: #222222;font-family: arial, helvetica, sans-serif;font-size: 16px;background-color: #ffffff;float: none\"><\/span><\/p>\n<p style=\"line-height: 1.5\"><span style=\"color: #222222;font-family: arial, helvetica, sans-serif;font-size: 16px;background-color: #ffffff;float: none\"><\/span><\/p>\n<p style=\"line-height: 1.5\"><span style=\"color: #222222;font-family: arial, helvetica, sans-serif;font-size: 16px;background-color: #ffffff;float: none\">Harika Hediye Fikri: Ac\u0131 Biber Ba\u015flang\u0131\u00e7 Kitiniz sevgiyle el yap\u0131m\u0131d\u0131r ve listenizdeki o \u00f6zel ki\u015fiyi \u015fa\u015f\u0131rtaca\u011f\u0131 ve memnun edece\u011fi kesin olan \u015f\u0131k bir hediye kutusunda g\u00fczelce paketlenmi\u015ftir.<\/span><br style=\"margin: 0px;color: #222222;font-family: 'Graphik Webfont', -apple-system, 'Helvetica Neue', 'Droid Sans', Arial, sans-serif;font-size: 16px;background-color: #ffffff\" \/><br style=\"margin: 0px;color: #222222;font-family: 'Graphik Webfont', -apple-system, 'Helvetica Neue', 'Droid Sans', Arial, sans-serif;font-size: 16px;background-color: #ffffff\" \/><span style=\"color: #222222;font-family: arial, helvetica, sans-serif;font-size: 16px;background-color: #ffffff;float: none\">MEMNUN\u0130YET GARANT\u0130L\u0130: Sevece\u011finizden emin oldu\u011fumuz bir kit \u00fcretmek i\u00e7in fazladan yol kat ettik! Sepete Ekle'ye t\u0131klay\u0131n<\/span><\/p>\n<p style=\"line-height: 1.5\"><span style=\"color: #222222;font-family: 'Graphik Webfont', -apple-system, 'Helvetica Neue', 'Droid Sans', Arial, sans-serif;font-size: 16px;background-color: #ffffff;float: none\"><\/span><\/p>\n<p style=\"line-height: 1.5\">\u00dcr\u00fcn\u00fcn \u0131s\u0131s\u0131. Hafif ila \u00e7ok s\u0131cak<br \/>Bu biber yeti\u015ftirme kiti, en sevdi\u011fimiz d\u00f6rt biber \u00e7e\u015fidini bir pencere kenar\u0131nda veya bir serada yeti\u015ftirmeye ba\u015flamak i\u00e7in ihtiyac\u0131n\u0131z olan her \u015feye sahiptir. Kit, her \u00e7e\u015fitten 5 tohum i\u00e7erir; biber \u00e7e\u015fitleri hafiften \u00e7ok ac\u0131ya kadar de\u011fi\u015fir.<\/p>\n<p style=\"line-height: 1.5\">Envantere ba\u011fl\u0131 olarak, tipik tohum \u00e7e\u015fitleri Apache, Jalape\u00f1o, Habanero, Lazamataz, Serrano, Big Bomb ve Pepperoni i\u00e7erebilir ve bunlar kutunun yan taraf\u0131ndaki a\u00e7\u0131klamadan farkl\u0131 olabilir.<\/p>\n<p style=\"line-height: 1.5\">Biberler yeti\u015ftirmek i\u00e7in harika bitkilerdir - harika g\u00f6r\u00fcn\u00fcrler ve b\u00fcy\u00fck bir \u00fcr\u00fcn \u00fcretebilirler. Bu kit, \u015f\u0131k bir hediye kutusunda tohumdan kendi biberlerinizi yeti\u015ftirmek i\u00e7in ihtiyac\u0131n\u0131z olan her \u015feyi i\u00e7erir. Kit \u015funlar\u0131 i\u00e7erir.<\/p>\n<p style=\"line-height: 1.5\">1 kapakl\u0131 \u00e7o\u011falt\u0131c\u0131 (8 kompost t\u0131kac\u0131 al\u0131r)<br \/>8 hindistan cevizi kabu\u011fu kompost t\u0131kac\u0131 (torfsuz)<br \/>4 bitki etiketi<br \/>1 x i\u015faretleyici<br \/>1 x kutu \u00fczerinde tam talimatlar<br \/>4 \u00e7e\u015fit biber tohumu (her \u00e7e\u015fitten 5 tohum: toplam 20 tohum - her tohumun \u00fczerine biber \u00e7e\u015fidi bas\u0131lm\u0131\u015f g\u00fcm\u00fc\u015f folyo bir torba i\u00e7inde g\u00f6nderilir)<\/p>\n<p>Tohumlar\u0131n\u0131z \u00e7imlenip 2 veya 3 yaprakl\u0131 sa\u011fl\u0131kl\u0131 fideler haline geldikten sonra, John Innes'in #2 tarifi veya hindistan cevizi hindistan cevizi kompostu gibi bir miktar serbest drenajl\u0131 saks\u0131 kompostu i\u00e7eren 1 litrelik bir saks\u0131ya t\u00fcm fi\u015f yerle\u015ftirilerek kolayca saklanabilir. Saks\u0131lar ve kompost web sitemizde bulunabilir.<br \/>Kitteki \u00e7o\u011falt\u0131c\u0131 8 adet Coir kompost t\u0131kac\u0131 (torfsuz) al\u0131r; fideler saks\u0131ya dikildikten sonra daha fazla kompost t\u0131kac\u0131 sat\u0131n alabilir ve \u00e7o\u011falt\u0131c\u0131y\u0131 yeniden kullanabilirsiniz.<\/p>\n<p style=\"line-height: 1.5\">Bu kitin kalem ve bitki i\u015faretleyicileri hari\u00e7 t\u00fcm bile\u015fenleri ayr\u0131 olarak sat\u0131n al\u0131nabilir. Biber tohumlar\u0131 \u00e7imlenme ve bitki b\u00fcy\u00fcmesi i\u00e7in en az 20\u00b0C s\u0131cakl\u0131\u011fa ihtiya\u00e7 duyar. So\u011fuk aylarda \u00e7imlenme oran\u0131n\u0131 ve fide b\u00fcy\u00fcmesini art\u0131rmak i\u00e7in, \u00e7o\u011falt\u0131c\u0131 \u0131s\u0131t\u0131c\u0131, \u0131s\u0131tma yast\u0131\u011f\u0131 veya termostatik \u0131s\u0131tma yast\u0131\u011f\u0131 gibi bir \u0131s\u0131 kayna\u011f\u0131 \u00fczerine yerle\u015ftirilebilir.<\/p>\n<p style=\"line-height: 1.5\">Tohumlar\u0131n \u00e7o\u011falt\u0131c\u0131lar\u0131m\u0131zda rehidre edilmesi ve ekilmesi ile ilgili talimatlar i\u00e7in ayr\u0131 \"Yeti\u015ftirme Kiti Talimatlar\u0131\" b\u00f6l\u00fcm\u00fcm\u00fcze bak\u0131n<\/p>\n<p style=\"line-height: 1.5\">Kutu boyutlar\u0131: geni\u015flik: 11 cm, y\u00fckseklik: 19 cm, uzunluk: 7 cm<\/p>\n<\/p>\n<p>Biber yeti\u015ftirme kitleri, \u00f6zellikle evde kendi baharatl\u0131 biberlerini yeti\u015ftirmekten ho\u015flananlar i\u00e7in bah\u00e7e merakl\u0131lar\u0131 aras\u0131nda pop\u00fclerdir. Bu kitler genellikle biber bitkisi yeti\u015ftirmek i\u00e7in gereken her \u015feyi i\u00e7erir. \u0130\u015fte bir biber yeti\u015ftirme kitinde bulabilecekleriniz:<\/p>\n<ul>\n<li>\n<p><strong>Biber tohumu:<\/strong> Kit genellikle jalape\u00f1o, habanero, serrano, Thai chili veya \u0131s\u0131 ve lezzetleriyle bilinen di\u011fer pop\u00fcler t\u00fcrler gibi \u00e7e\u015fitli ac\u0131 biber tohumlar\u0131 i\u00e7erir.<\/p>\n<\/li>\n<li>\n<p><strong>Yeti\u015ftirme Ortam\u0131 veya Toprak:<\/strong> Biber bitkisi yeti\u015ftirmek i\u00e7in optimize edilmi\u015f \u00f6zel olarak form\u00fcle edilmi\u015f toprak veya saks\u0131 kar\u0131\u015f\u0131m\u0131. Sa\u011fl\u0131kl\u0131 bitki b\u00fcy\u00fcmesi i\u00e7in gerekli besinleri ve drenaj\u0131 sa\u011flar.<\/p>\n<\/li>\n<li>\n<p><strong>Saks\u0131lar veya Yeti\u015ftirme Torbalar\u0131:<\/strong> Biber tohumlar\u0131n\u0131 dikmek ve bitkilerin b\u00fcy\u00fcmesine izin vermek i\u00e7in k\u00fc\u00e7\u00fck saks\u0131lar, kaplar veya yeti\u015ftirme torbalar\u0131 kullan\u0131n. Bu kaplar tipik olarak su basmas\u0131n\u0131 \u00f6nlemek i\u00e7in drenaj deliklerine sahiptir.<\/p>\n<\/li>\n<li>\n<p><strong>Talimatlar veya Yeti\u015ftirme K\u0131lavuzu:<\/strong> Dikim, sulama, \u0131\u015f\u0131k gereksinimleri, s\u0131cakl\u0131k tercihleri ve biber bitkileri i\u00e7in devam eden bak\u0131m ad\u0131mlar\u0131n\u0131 kapsayan ayr\u0131nt\u0131l\u0131 talimatlar veya bir rehber kitap. Bu k\u0131lavuz ayn\u0131 zamanda biberlerin nas\u0131l hasat edilece\u011fi ve kullan\u0131laca\u011f\u0131na dair bilgiler de i\u00e7erebilir.<\/p>\n<\/li>\n<li>\n<p><strong>G\u00fcbre:<\/strong> Baz\u0131 kitler, b\u00fcy\u00fcmelerini ve meyve \u00fcretimini desteklemek amac\u0131yla biber bitkileri i\u00e7in \u00f6zel olarak tasarlanm\u0131\u015f az miktarda g\u00fcbre veya bitki besini i\u00e7erebilir.<\/p>\n<\/li>\n<li>\n<p><strong>Etiketler veya \u0130\u015faretleyiciler:<\/strong> Baz\u0131 kitler, b\u00fcy\u00fcd\u00fck\u00e7e farkl\u0131 ac\u0131 biber \u00e7e\u015fitlerini tan\u0131mlamaya yard\u0131mc\u0131 olmak i\u00e7in i\u015faretleyiciler veya etiketler sa\u011flar.<\/p>\n<\/li>\n<li>\n<p><strong>Opsiyonel Aksesuarlar:<\/strong> Sete ba\u011fl\u0131 olarak, bitki bak\u0131m\u0131na yard\u0131mc\u0131 olmak i\u00e7in bitki i\u015faretleyicileri, sulama kutular\u0131 veya nem \u00f6l\u00e7erler gibi ek aksesuarlar da bulunabilir.<\/p>\n<\/li>\n<\/ul>\n<p>Bir biber yeti\u015ftirme kiti se\u00e7erken, tercih etti\u011finiz biber t\u00fcrlerini, yeti\u015ftirme i\u00e7in mevcut alan\u0131 ve i\u00e7 mekan veya d\u0131\u015f mekan yeti\u015ftiricili\u011fini tercih edip etmedi\u011finizi g\u00f6z \u00f6n\u00fcnde bulundurun. Ayr\u0131ca, kitte sa\u011flanan tohumlar\u0131n ve toprak kar\u0131\u015f\u0131m\u0131n\u0131n kalitesini ve yeti\u015ftirme talimatlar\u0131n\u0131n eksiksizli\u011fini de g\u00f6z \u00f6n\u00fcnde bulundurun.<\/p>\n<p>Ac\u0131 biber yeti\u015ftirmek \u00f6d\u00fcllendirici bir deneyim olabilir. Genellikle bol g\u00fcne\u015f \u0131\u015f\u0131\u011f\u0131 alan s\u0131cak ko\u015fullarda geli\u015firler ve kompakt boyutlar\u0131 onlar\u0131 kaplarda i\u00e7 veya d\u0131\u015f mekan yeti\u015ftiricili\u011fi i\u00e7in uygun hale getirir. Uygun bak\u0131m ve dikkatle, biber bitkileri bol miktarda baharatl\u0131 biber hasad\u0131 \u00fcretebilir.<\/p>","protected":false},"excerpt":{"rendered":"<p>Biber Tohumlar\u0131 Seti, Kendi Ac\u0131 Biberlerinizi \u0130\u00e7 Mekanda Yeti\u015ftirin, S\u00fcrd\u00fcr\u00fclebilir Eko Bah\u00e7ecilik Hediye Seti 10 K\u0131rm\u0131z\u0131 Ac\u0131 \u00c7e\u015fit \u0130\u00e7erir<\/p><\/p>","protected":false},"featured_media":17448,"comment_status":"closed","ping_status":"closed","template":"","meta":[],"product_cat":[50],"product_tag":[442,445,351,444],"acf":[],"_links":{"self":[{"href":"https:\/\/www.garden-kit.com\/tr\/wp-json\/wp\/v2\/product\/6807"}],"collection":[{"href":"https:\/\/www.garden-kit.com\/tr\/wp-json\/wp\/v2\/product"}],"about":[{"href":"https:\/\/www.garden-kit.com\/tr\/wp-json\/wp\/v2\/types\/product"}],"replies":[{"embeddable":true,"href":"https:\/\/www.garden-kit.com\/tr\/wp-json\/wp\/v2\/comments?post=6807"}],"wp:featuredmedia":[{"embeddable":true,"href":"https:\/\/www.garden-kit.com\/tr\/wp-json\/wp\/v2\/media\/17448"}],"wp:attachment":[{"href":"https:\/\/www.garden-kit.com\/tr\/wp-json\/wp\/v2\/media?parent=6807"}],"wp:term":[{"taxonomy":"product_cat","embeddable":true,"href":"https:\/\/www.garden-kit.com\/tr\/wp-json\/wp\/v2\/product_cat?post=6807"},{"taxonomy":"product_tag","embeddable":true,"href":"https:\/\/www.garden-kit.com\/tr\/wp-json\/wp\/v2\/product_tag?post=6807"}],"curies":[{"name":"wp","href":"https:\/\/api.w.org\/{rel}","templated":true}]}}