{"id":6813,"date":"2022-11-11T10:26:00","date_gmt":"2022-11-11T02:26:00","guid":{"rendered":"https:\/\/www.garden-kit.com\/product\/herb-garden-kit\/"},"modified":"2023-03-31T14:16:18","modified_gmt":"2023-03-31T06:16:18","slug":"herb-garden-kit","status":"publish","type":"product","link":"https:\/\/www.garden-kit.com\/tr\/product\/herb-garden-kit\/","title":{"rendered":"Bitki Bah\u00e7esi Seti"},"content":{"rendered":"<p style=\"line-height: 1.5\"><span style=\"color: #222222;font-family: arial, helvetica, sans-serif;font-size: 16px;background-color: #ffffff;float: none\">KEND\u0130 PENCERE E\u015e\u0130\u011e\u0130 B\u0130TK\u0130 BAH\u00c7EN\u0130Z\u0130 YET\u0130\u015eT\u0130R\u0130N: Bitki tohumlar\u0131 koleksiyonu 6 tohum po\u015feti i\u00e7erirFesle\u011fen, Kekik tohumlar\u0131, Ki\u015fni\u015f, Maydanoz ve Frenk so\u011fan\u0131, 12 saks\u0131, 12 bitki i\u015faretleyici, 12 toprak peleti art\u0131 Bonus Bitki Kesme Makas\u0131<\/span><\/p>\n<p style=\"line-height: 1.5\"><span style=\"color: #222222;font-family: arial, helvetica, sans-serif;font-size: 16px;background-color: #ffffff;float: none\">????BOL B\u0130TK\u0130 TOHUMU: Bu c\u00f6mert hediye seti her pakette 100'den fazla tohum i\u00e7erir - birka\u00e7 deneme i\u00e7in fazlas\u0131yla yeterli!<\/span><\/p>\n<p style=\"line-height: 1.5\"><span style=\"color: #222222;font-family: arial, helvetica, sans-serif;font-size: 16px;background-color: #ffffff;float: none\">????YE\u015e\u0130L PARMAKLARA \u0130HT\u0130YACINIZ YOK: Daha \u00f6nce hi\u00e7 mutfak bitkisi yeti\u015ftirmediyseniz endi\u015felenmeyin - bu Yeti\u015ftirme kiti Yeni Ba\u015flayanlar i\u00e7in m\u00fckemmel Resimli K\u0131lavuz i\u00e7erir. Dahas\u0131, yeti\u015ftirme s\u00fcrecinin herhangi bir a\u015famas\u0131nda sorular\u0131n\u0131z\u0131 yan\u0131tlamak i\u00e7in buraday\u0131z.<\/span><\/p>\n<p style=\"line-height: 1.5\"><span style=\"color: #222222;font-family: arial, helvetica, sans-serif;font-size: 16px;background-color: #ffffff;float: none\">????E\u015eSI\u0307Z HEDI\u0307YE FI\u0307KRI\u0307: Urban Sprout Bitki Bah\u00e7esi Kiti, \u00e7ekici ambalaj\u0131nda g\u00fczel bir \u015fekilde sunulmu\u015ftur ve onun i\u00e7in harika bir bah\u00e7e hediyesi olur.<\/span><\/p>\n<p style=\"line-height: 1.5\"><span style=\"color: #222222;font-family: arial, helvetica, sans-serif;font-size: 16px;background-color: #ffffff;float: none\">????100% MEMNUN\u0130YET GARANT\u0130S\u0130: Sevece\u011finizi bildi\u011fimiz bir i\u00e7 mekan bitki bah\u00e7esi kiti \u00fcretmek i\u00e7in fazladan yol kat ettik. Herhangi bir nedenle kitinizden memnun kalmazsan\u0131z - bize bildirin, d\u00fczeltelim veya paran\u0131z\u0131 geri verelim!<\/span><\/p><\/p>","protected":false},"excerpt":{"rendered":"<p class=\"wt-text-body-03 wt-line-height-tight wt-break-word\" data-buy-box-listing-title=\"true\" style=\"margin: 0px;line-height: 1.5;font-size: 16px;font-weight: 300;font-family: Guardian-EgypTT, Charter, 'Charter Bitstream', Cambria, 'Noto Serif Light', 'Droid Serif', Georgia, serif;color: #222222;background-color: #ffffff\"><span style=\"font-family: arial, helvetica, sans-serif;font-size: 16px\">Kendi Mutfak Bitkilerinizi \u0130\u00e7 Mekanda Yeti\u015ftirin - Bah\u00e7\u0131van Hediye Seti - Fesle\u011fen, Maydanoz, Kekik, Ki\u015fni\u015f, Dereotu ve Bitki Makas\u0131<\/span><\/p><\/p>","protected":false},"featured_media":11920,"comment_status":"open","ping_status":"closed","template":"","meta":[],"product_cat":[50],"product_tag":[352],"acf":[],"_links":{"self":[{"href":"https:\/\/www.garden-kit.com\/tr\/wp-json\/wp\/v2\/product\/6813"}],"collection":[{"href":"https:\/\/www.garden-kit.com\/tr\/wp-json\/wp\/v2\/product"}],"about":[{"href":"https:\/\/www.garden-kit.com\/tr\/wp-json\/wp\/v2\/types\/product"}],"replies":[{"embeddable":true,"href":"https:\/\/www.garden-kit.com\/tr\/wp-json\/wp\/v2\/comments?post=6813"}],"wp:featuredmedia":[{"embeddable":true,"href":"https:\/\/www.garden-kit.com\/tr\/wp-json\/wp\/v2\/media\/11920"}],"wp:attachment":[{"href":"https:\/\/www.garden-kit.com\/tr\/wp-json\/wp\/v2\/media?parent=6813"}],"wp:term":[{"taxonomy":"product_cat","embeddable":true,"href":"https:\/\/www.garden-kit.com\/tr\/wp-json\/wp\/v2\/product_cat?post=6813"},{"taxonomy":"product_tag","embeddable":true,"href":"https:\/\/www.garden-kit.com\/tr\/wp-json\/wp\/v2\/product_tag?post=6813"}],"curies":[{"name":"wp","href":"https:\/\/api.w.org\/{rel}","templated":true}]}}