{"id":6819,"date":"2022-11-11T18:25:08","date_gmt":"2022-11-11T10:25:08","guid":{"rendered":"https:\/\/www.garden-kit.com\/product\/medicinal-herb-seeds-collections\/"},"modified":"2023-03-31T14:17:02","modified_gmt":"2023-03-31T06:17:02","slug":"medicinal-herb-seeds-collections","status":"publish","type":"product","link":"https:\/\/www.garden-kit.com\/tr\/product\/medicinal-herb-seeds-collections\/","title":{"rendered":"\u015eifal\u0131 Bitki Tohumlar\u0131 Koleksiyonlar\u0131"},"content":{"rendered":"<h3 class=\"a-size-base-plus a-text-bold\" style=\"padding: 0px 0px 4px;margin: 0px;color: #0f1111;font-family: 'Amazon Ember', Arial, sans-serif;background-color: #ffffff;font-size: 19px;line-height: 1.5\"><span style=\"font-family: arial, helvetica, sans-serif\">Bu \u00fcr\u00fcn hakk\u0131nda<\/span><\/h3>\n<ul class=\"a-unordered-list a-vertical a-spacing-mini\" style=\"margin: 0px 0px 0px 18px;color: #0f1111;padding: 0px;font-family: 'Amazon Ember', Arial, sans-serif;font-size: 14px;background-color: #ffffff\">\n<li style=\"list-style-type: disc;margin: 0px;line-height: 1.5\">\n<p style=\"font-size: 16px\"><span class=\"a-list-item\" style=\"color: #0f1111;font-family: arial, helvetica, sans-serif\">90+% GERM\u0130NASYON ORANI, HEIRLOOM ve GDO'SUZ - Tohumlar\u0131n\u0131z piyasaya s\u00fcr\u00fclmeden \u00f6nce yerel olarak yeti\u015ftirilir, hasat edilir ve test edilir. Dikim i\u00e7in kaliteli bitki tohumlar\u0131m\u0131zla sahte tohumlara elveda deyin.<\/span><\/p>\n<\/li>\n<li style=\"list-style-type: disc;margin: 0px;line-height: 1.5\">\n<p style=\"font-size: 16px\"><span class=\"a-list-item\" style=\"color: #0f1111;font-family: arial, helvetica, sans-serif\">6 \u00c7E\u015e\u0130T Bitki \u00c7ay\u0131 Tohumu - Kendi \u00e7ay bah\u00e7enizi yeti\u015ftirmek i\u00e7in ihtiyac\u0131n\u0131z olan her \u015feye sahiptir. Bu tohumlarla en taze bitki \u00e7aylar\u0131n\u0131 do\u011frudan kendi bah\u00e7enizden yap\u0131n: Alman Papatyas\u0131, Vera Lavanta, Adi Nane, Melisa, Nane, Mor Koni \u00c7i\u00e7e\u011fi Ekinezya<\/span><\/p>\n<\/li>\n<li style=\"list-style-type: disc;margin: 0px;line-height: 1.5\">\n<p style=\"font-size: 16px\"><span class=\"a-list-item\" style=\"color: #0f1111;font-family: arial, helvetica, sans-serif\">BA\u015eLANGI\u00c7 DOSTU - Dijital yeti\u015ftirme k\u0131lavuzunuzla bol miktarda hasat yeti\u015ftirmek ve kullanmak i\u00e7in bilmeniz gereken her \u015feyi \u00f6\u011frenin. Bitki ekicilerinizi birlikte verilen etiketlerle i\u015faretleyin, b\u00f6ylece bir sonraki ad\u0131mda neyin filizlenece\u011fini bilirsiniz. Herkesin ye\u015fil bir parma\u011f\u0131 yoktur, bu y\u00fczden bu DIY kitinin hem hobiciler hem de yeni ba\u015flayanlar i\u00e7in harika oldu\u011fundan emin olduk.<\/span><\/p>\n<\/li>\n<li style=\"list-style-type: disc;margin: 0px;line-height: 1.5\">\n<p style=\"font-size: 16px\"><span class=\"a-list-item\" style=\"color: #0f1111;font-family: arial, helvetica, sans-serif\">Tohumlar\u0131n\u0131z\u0131 TAZE Tutun - Yedek bah\u00e7e tohumlar\u0131n\u0131z\u0131, tek tek paketlenmi\u015f tohum paketleri ile yeniden kapat\u0131labilir, su ge\u00e7irmez mylar torba i\u00e7inde gelecek y\u0131lki ekim i\u00e7in g\u00fcvenli ve kuru tutun. GDO'suz, aile yadigar\u0131 tohumlar\u0131n\u0131z y\u0131llarca ekiminizi sa\u011flamaya haz\u0131r<\/span><\/p>\n<\/li>\n<li style=\"list-style-type: disc;margin: 0px;line-height: 1.5\">\n<p style=\"font-size: 16px\"><span class=\"a-list-item\" style=\"color: #0f1111;font-family: arial, helvetica, sans-serif\">S\u0130ZE S\u00d6Z\u00dcM\u00dcZ - Tohumlar ve toprak ABD'de yeti\u015ftirilir, hasat edilir ve paketlenir. Kendi bitki bah\u00e7enizi evinizde kolayca kurabilece\u011finizden emin olduk. Bitki tohumlar\u0131n\u0131z\u0131n b\u00fcy\u00fcd\u00fc\u011f\u00fcn\u00fc g\u00f6rmeyi \u00e7ok istedi\u011fimiz i\u00e7in deste\u011fimiz burada bitmiyor. Ekibimiz, ekim yolculu\u011funuz boyunca size cevap vermeye ve yard\u0131mc\u0131 olmaya \u00e7al\u0131\u015facakt\u0131r. Tohumlar\u0131n\u0131zdan herhangi biri filizlenmezse, bize bildirin ve size yeni bir tane g\u00f6nderelim.<\/span><\/p>\n<\/li>\n<li style=\"list-style-type: disc;margin: 0px;line-height: 1.5\">\n<p style=\"font-size: 16px\"><span class=\"a-list-item\" style=\"color: #0f1111;font-family: arial, helvetica, sans-serif\">Evde kendi \u015fifal\u0131 bitki \u00e7ay\u0131 bitkilerinizi yeti\u015ftirin<\/span><\/p>\n<\/li>\n<li style=\"list-style-type: disc;margin: 0px;line-height: 1.5\">\n<p style=\"font-size: 16px\"><span class=\"a-list-item\" style=\"color: #0f1111;font-family: arial, helvetica, sans-serif\">100% ABD'de Tedarik Edilmi\u015f ve Paketlenmi\u015ftir<\/span><span class=\"a-list-item\" style=\"color: #0f1111;font-family: arial, helvetica, sans-serif\"><\/span><span class=\"a-list-item\" style=\"color: #0f1111;font-family: arial, helvetica, sans-serif\"><\/span><\/p>\n<p style=\"line-height: 1.4\"><span style=\"font-family: arial, helvetica, sans-serif;font-size: 16px\">Yararl\u0131 Talimatlar<\/span><br \/><span style=\"font-family: arial, helvetica, sans-serif;font-size: 16px\">Her sebzeyi a\u00e7\u0131klayan renkli eklerin yan\u0131 s\u0131ra kullan\u0131\u015fl\u0131 ekim tablomuzu da ekledik. Dikim tablosu tohum derinli\u011fi, tohum aral\u0131\u011f\u0131 ve s\u0131ra aral\u0131\u011f\u0131 gibi temel bilgiler i\u00e7in harika bir referanst\u0131r.<\/span><\/p>\n<p style=\"line-height: 1.4\"><span style=\"font-family: arial, helvetica, sans-serif;font-size: 16px\">Ak\u0131ll\u0131 Paketleme<\/span><br \/><span style=\"font-family: arial, helvetica, sans-serif;font-size: 16px\">Dikim talimatlar\u0131 ve dikim ipu\u00e7lar\u0131 do\u011frudan tohum paketinin \u00fczerine bas\u0131lm\u0131\u015ft\u0131r. Bu, tam ihtiyac\u0131n\u0131z olan yerde yararl\u0131 bilgilerdir. Tohum ve talimatlar\u0131n birbirinden ayr\u0131lmamas\u0131 gerekti\u011fine inan\u0131yoruz. Bu stressiz bir ekimdir.<\/span><\/p>\n<p style=\"line-height: 1.4\"><span style=\"font-family: arial, helvetica, sans-serif;font-size: 16px\">Harika bir hediye olur<\/span><br \/><span style=\"font-family: arial, helvetica, sans-serif;font-size: 16px\">Stressiz sebze tohumu setleri harika bir hediyedir. Neden hayat\u0131n\u0131zdaki bah\u00e7\u0131van i\u00e7in fazladan bir veya iki set daha eklemiyorsunuz?<\/span><\/p>\n<\/li>\n<\/ul>","protected":false},"excerpt":{"rendered":"<p><span id=\"productTitle\" class=\"a-size-large product-title-word-break\" style=\"font-size: 16px;line-height: 32px\">\u015eifal\u0131 Bitki Tohumlar\u0131 Koleksiyonu | 6 Yadigar\u0131 \u00c7ay Tohumlar\u0131 | D\u0131\u015f Mekan ve \u0130\u00e7 Mekan Ekimi i\u00e7in GDO&#039;suz Lavanta, Papatya, Nane Tohumlar\u0131 \u2013 Melisa, Nane, Ekinezya | Kad\u0131nlar ve Erkekler i\u00e7in Bah\u00e7e Hediyeleri<\/span><\/p><\/p>","protected":false},"featured_media":11945,"comment_status":"closed","ping_status":"closed","template":"","meta":[],"product_cat":[59],"product_tag":[427,353,426],"acf":[],"_links":{"self":[{"href":"https:\/\/www.garden-kit.com\/tr\/wp-json\/wp\/v2\/product\/6819"}],"collection":[{"href":"https:\/\/www.garden-kit.com\/tr\/wp-json\/wp\/v2\/product"}],"about":[{"href":"https:\/\/www.garden-kit.com\/tr\/wp-json\/wp\/v2\/types\/product"}],"replies":[{"embeddable":true,"href":"https:\/\/www.garden-kit.com\/tr\/wp-json\/wp\/v2\/comments?post=6819"}],"wp:featuredmedia":[{"embeddable":true,"href":"https:\/\/www.garden-kit.com\/tr\/wp-json\/wp\/v2\/media\/11945"}],"wp:attachment":[{"href":"https:\/\/www.garden-kit.com\/tr\/wp-json\/wp\/v2\/media?parent=6819"}],"wp:term":[{"taxonomy":"product_cat","embeddable":true,"href":"https:\/\/www.garden-kit.com\/tr\/wp-json\/wp\/v2\/product_cat?post=6819"},{"taxonomy":"product_tag","embeddable":true,"href":"https:\/\/www.garden-kit.com\/tr\/wp-json\/wp\/v2\/product_tag?post=6819"}],"curies":[{"name":"wp","href":"https:\/\/api.w.org\/{rel}","templated":true}]}}