{"id":6823,"date":"2022-11-11T18:31:07","date_gmt":"2022-11-11T10:31:07","guid":{"rendered":"https:\/\/www.garden-kit.com\/product\/calm-and-cosy-soy-candle-making-kit\/"},"modified":"2024-03-07T10:12:22","modified_gmt":"2024-03-07T02:12:22","slug":"calm-and-cosy-soy-candle-making-kit","status":"publish","type":"product","link":"https:\/\/www.garden-kit.com\/tr\/product\/calm-and-cosy-soy-candle-making-kit\/","title":{"rendered":"Sakin ve Rahat Eko Soya Mumu Yapma Seti"},"content":{"rendered":"<h3 class=\"ProductDescription___StyledH-sc-1qg02ks-3 fmSbyk\" style=\"font-family: 'NOTHS Sans No3';font-weight: 600;font-size: 19px;line-height: 2rem;margin-top: 2rem;margin-bottom: 1.25rem;color: #1e1e29\"><span style=\"font-family: 'PingFang SC', 'Microsoft YaHei', sans-serif\">\u00dcr\u00fcn A\u00e7\u0131klamas\u0131<\/span><\/h3>\n<p style=\"line-height: 28px\"><span style=\"font-family: 'PingFang SC', 'Microsoft YaHei', sans-serif\">Yeni Ba\u015flayanlar \u0130\u00e7in Sakin ve Rahat Soya Mumu Yapma Seti<\/span><\/p>\n<p style=\"line-height: 28px\"><span style=\"font-family: 'PingFang SC', 'Microsoft YaHei', sans-serif\">Kendi Sakin ve Rahat Soya Mumu Yapma Setinizi yap\u0131n, yarat\u0131c\u0131 olmay\u0131 seven herkes i\u00e7in m\u00fckemmel bir hediyedir. \u00c7evre dostu, geri d\u00f6n\u00fc\u015ft\u00fcr\u00fclebilir kraft kutumuzda g\u00fczel bir \u015fekilde sunulan bu hediyede, iki soya kokulu mum yapmak i\u00e7in ihtiya\u00e7 duyduklar\u0131 t\u00fcm malzemeleri alacaklar.<\/span><\/p>\n<p style=\"line-height: 28px\"><span style=\"font-family: 'PingFang SC', 'Microsoft YaHei', sans-serif\">Sakin ve rahat evler i\u00e7in, \u00f6zel olarak harmanlanm\u0131\u015f mum ya\u011flar\u0131m\u0131z\u0131 ve s\u00fcrd\u00fcr\u00fclebilir \u00e7evre dostu malzemelerimizi kullanarak dinlendirici ve sakinle\u015ftirici bir alan\u0131 yeniden yarat\u0131n. Sedir a\u011fac\u0131 ve sardunya ya\u011flar\u0131m\u0131z evinizde rahat ve dingin bir aroma yaratman\u0131z i\u00e7in \u00f6zel olarak harmanlanm\u0131\u015ft\u0131r.<\/span><\/p>\n<p style=\"font-size: 1rem;line-height: 1.75rem\"><span style=\"font-family: 'PingFang SC', 'Microsoft YaHei', sans-serif\">Nas\u0131l \u00e7al\u0131\u015f\u0131r: Bu, kullan\u0131m\u0131 kolay talimatlar\u0131m\u0131z ve s\u00fcrd\u00fcr\u00fclebilir do\u011fal \u00e7evre dostu malzemelerimizle yeni ba\u015flayanlar i\u00e7in bir eko soya mumu yapma kitidir. Her \u015fey tart\u0131l\u0131r, kullan\u0131m\u0131 kolay talimatlar\u0131m\u0131z\u0131 takip edin ve mum yap\u0131m s\u00fcrecinin tad\u0131n\u0131 \u00e7\u0131kar\u0131n. Kendi mumlar\u0131n\u0131z\u0131 d\u00f6kt\u00fckten sonra kendi mum etiketlerinizi ki\u015fiselle\u015ftirebileceksiniz!<\/span><\/p>\n<h3 class=\"ProductDescription___StyledH2-sc-1qg02ks-4 ezcLRJ\" style=\"font-family: 'NOTHS Sans No3';font-weight: 600;font-size: 19px;line-height: 2rem;margin-top: 2rem;margin-bottom: 1.25rem;color: #1e1e29\"><span style=\"font-family: 'PingFang SC', 'Microsoft YaHei', sans-serif\">Varyasyonlar<\/span><\/h3>\n<p style=\"line-height: 28px\"><span style=\"font-family: 'PingFang SC', 'Microsoft YaHei', sans-serif\">Kit \u015funlar\u0131 i\u00e7erir: 2 adet geri d\u00f6n\u00fc\u015ft\u00fcr\u00fclebilir cam kap, 2 adet geri d\u00f6n\u00fc\u015ft\u00fcr\u00fclebilir al\u00fcminyum kapak, 100% do\u011fal soya mumu, 2 adet do\u011fal pamuk ve keten fitil, 2 adet fitil stabilizat\u00f6r\u00fc, esans veya parf\u00fcm ya\u011flar\u0131, 2 adet ki\u015fiselle\u015ftirilmi\u015f etiket, 2 adet ah\u015fap mandal, t\u00fcm talimatlar, Pozitif teklif kart\u0131, Ad\u0131m ad\u0131m video e\u011fitiminin ba\u011flant\u0131s\u0131.<\/span><\/p>\n<p style=\"line-height: 28px\"><span style=\"font-family: 'PingFang SC', 'Microsoft YaHei', sans-serif\">Vejetaryenler ve veganlar i\u00e7in uygundur.<\/span><\/p>\n<p style=\"line-height: 28px\"><span style=\"font-family: 'PingFang SC', 'Microsoft YaHei', sans-serif\">Kitinizde bulunmas\u0131 gereken esansiyel veya parf\u00fcml\u00fc ya\u011flar\u0131m\u0131z aras\u0131ndan se\u00e7im yap\u0131n.<\/span><\/p>\n<p style=\"line-height: 28px\"><span style=\"font-family: 'PingFang SC', 'Microsoft YaHei', sans-serif\">Her kit 2 soya kokulu mum yapar<\/span><\/p>\n<p style=\"line-height: 28px\"><span style=\"font-family: 'PingFang SC', 'Microsoft YaHei', sans-serif\">Mutfak termometresi \u2013 iste\u011fe ba\u011fl\u0131 ekstra<\/span><\/p>\n<p style=\"line-height: 28px\"><span style=\"font-family: 'PingFang SC', 'Microsoft YaHei', sans-serif\">Kitinizi ki\u015fiselle\u015ftirin:<\/span><\/p>\n<p style=\"line-height: 28px\"><span style=\"font-family: 'PingFang SC', 'Microsoft YaHei', sans-serif\">Mum yap\u0131m\u0131 kitlerimizin m\u00fcmk\u00fcn oldu\u011funca ekstra \u00f6zel olmas\u0131n\u0131 istiyoruz, bu nedenle onlar\u0131 biraz daha benzersiz k\u0131lmak i\u00e7in, soya kokulu mumunuzu kitte bulunan \u00f6zel ki\u015fiselle\u015ftirme mum etiketlerimizle bile ki\u015fiselle\u015ftirebilirsiniz.<\/span><\/p>\n<p style=\"line-height: 28px\"><span style=\"font-family: 'PingFang SC', 'Microsoft YaHei', sans-serif\">Kitinizle birlikte ki\u015fiselle\u015ftirilmi\u015f bir hediye kart\u0131 almay\u0131 se\u00e7erseniz, ad\u0131n\u0131z\u0131 ve mesaj\u0131n\u0131z\u0131 girin; biz bunu sizin i\u00e7in \u00f6zel botanik tasar\u0131ml\u0131 hediye kart\u0131m\u0131za el yaz\u0131s\u0131yla yaz\u0131p kit kutusunun i\u00e7ine yerle\u015ftirelim.<\/span><\/p>\n<p style=\"line-height: 28px\"><span style=\"font-family: 'PingFang SC', 'Microsoft YaHei', sans-serif\">L\u00fctfen karakter s\u0131n\u0131r\u0131n\u0131n 100 oldu\u011funu unutmay\u0131n. T\u00fcm ki\u015fiselle\u015ftirmeler siyah m\u00fcrekkeple yap\u0131lacakt\u0131r.<\/span><\/p>\n<p style=\"line-height: 28px\"><span style=\"font-family: 'PingFang SC', 'Microsoft YaHei', sans-serif\">Soya mum yap\u0131m kitlerimiz sevdiklerinizle, ailenizle ve arkada\u015flar\u0131n\u0131zla payla\u015fmak i\u00e7in harikad\u0131r ve eviniz i\u00e7in m\u00fckemmel kokulu aksesuard\u0131r.<\/span><\/p>\n<p style=\"line-height: 28px\"><span style=\"font-family: 'PingFang SC', 'Microsoft YaHei', sans-serif\"><\/span><\/p>\n<p>Eko soya mumu yap\u0131m kiti, soya mumlar\u0131n\u0131 \u00e7evre dostu bir \u015fekilde yapmak i\u00e7in gerekli t\u00fcm malzemeleri ve talimatlar\u0131 i\u00e7eren bir DIY (kendin yap) paketidir. Soya mumlar\u0131 \u00e7evre dostu olarak kabul edilir \u00e7\u00fcnk\u00fc yenilenebilir ve s\u00fcrd\u00fcr\u00fclebilir bir kaynak olan soya fasulyesi ya\u011f\u0131ndan yap\u0131l\u0131rlar ve geleneksel parafin mumlar\u0131na k\u0131yasla yak\u0131ld\u0131klar\u0131nda daha az kurum ve toksin \u00fcretirler.<\/p>\n<p>Tipik bir eko soya mumu yap\u0131m seti a\u015fa\u011f\u0131daki \u00f6\u011feleri i\u00e7erebilir:<\/p>\n<ol>\n<li>Soya mumu: Mum yap\u0131m\u0131nda kullan\u0131lan ana maddedir. Genellikle pul veya blok \u015feklindedir ve soya fasulyesi ya\u011f\u0131ndan yap\u0131l\u0131r.<\/li>\n<li>Mum fitilleri: Mumun ortas\u0131ndaki fitili olu\u015fturmak i\u00e7in kullan\u0131lan iplerdir. Tipik olarak pamuktan veya di\u011fer do\u011fal elyaflardan yap\u0131l\u0131rlar.<\/li>\n<li>Mum kaplar\u0131: Bunlar cam kavanozlar, teneke kaplar veya mumlar\u0131n d\u00f6k\u00fcl\u00fcp yak\u0131laca\u011f\u0131 di\u011fer kaplar olabilir.<\/li>\n<li>Koku ya\u011flar\u0131: Bunlar iste\u011fe ba\u011fl\u0131d\u0131r ve mumlara ho\u015f bir koku katmak i\u00e7in kullan\u0131labilir. Lavanta, vanilya, narenciye vb. gibi \u00e7e\u015fitli kokularda gelirler.<\/li>\n<li>Renklendirici maddeler: Bunlar da iste\u011fe ba\u011fl\u0131d\u0131r ve mumlara renk katmak i\u00e7in kullan\u0131labilir. Mum yap\u0131m\u0131 i\u00e7in \u00f6zel olarak form\u00fcle edilmi\u015f s\u0131v\u0131 veya kat\u0131 boyalar formunda olabilirler.<\/li>\n<li>Talimatlar: Soya mumunun eritilmesi, koku ve renk eklenmesi, mumun kaplara d\u00f6k\u00fclmesi ve fitillerin ayarlanmas\u0131 da dahil olmak \u00fczere mum yap\u0131m s\u00fcrecinde size yol g\u00f6sterecek ayr\u0131nt\u0131l\u0131 talimatlar seti.<\/li>\n<li>Ek ara\u00e7lar: Baz\u0131 kitler ayn\u0131 zamanda eritme potas\u0131, termometre, kar\u0131\u015ft\u0131rma \u00e7ubu\u011fu gibi di\u011fer ara\u00e7lar\u0131 ve mum yap\u0131m\u0131 s\u00fcrecinde yard\u0131mc\u0131 olabilecek di\u011fer \u00f6\u011feleri de i\u00e7erebilir.<\/li>\n<\/ol>\n<h3 style=\"font-size: 19px\">Eko soya mum yapma kitinin avantajlar\u0131<\/h3>\n<p>Eko soya mum yap\u0131m kiti kullanman\u0131n baz\u0131 avantajlar\u0131 \u015funlard\u0131r:<\/p>\n<ol>\n<li>\u00c7evre dostu: Soya mumu biyolojik olarak par\u00e7alanabilen ve karbon n\u00f6tr olan do\u011fal ve yenilenebilir bir kaynakt\u0131r, bu da onu \u00e7evresel a\u00e7\u0131dan s\u00fcrd\u00fcr\u00fclebilir bir se\u00e7im haline getirir.<\/li>\n<li>Temiz yanma: Soya mumlar\u0131 temiz bir \u015fekilde yanar ve geleneksel parafin mumlar\u0131na g\u00f6re daha az kurum yayar; bu da i\u00e7 mekan hava kirlili\u011fini azaltabilir ve hava kalitesini art\u0131rabilir.<\/li>\n<li>Uygun maliyetli: Soya mumu genellikle di\u011fer mum t\u00fcrlerine g\u00f6re daha uygun maliyetlidir, bu da onu mum yap\u0131m\u0131 i\u00e7in uygun maliyetli bir se\u00e7enek haline getirir.<\/li>\n<li>Kullan\u0131m\u0131 kolay: Eko soya mum yap\u0131m kitinin eritilmesi, d\u00f6k\u00fclmesi ve \u00fczerinde \u00e7al\u0131\u015f\u0131lmas\u0131 kolayd\u0131r, bu da onu yeni ba\u015flayanlar veya mum yap\u0131m\u0131na yeni ba\u015flayanlar i\u00e7in ideal bir se\u00e7enek haline getirir.<\/li>\n<li>Ki\u015fiselle\u015ftirilebilir: \u00c7e\u015fitli koku ya\u011flar\u0131, renkleri ve kap se\u00e7enekleriyle, ki\u015fiselle\u015ftirme olanaklar\u0131 sonsuzdur ve benzersiz ve ki\u015fiselle\u015ftirilmi\u015f mumlar olu\u015fturman\u0131za olanak tan\u0131r.<\/li>\n<\/ol>\n<h3 style=\"font-size: 19px\">Soya mumu yapma kiti i\u00e7in \u00f6nlemler<\/h3>\n<p>Eko soya mum yap\u0131m kitini kullan\u0131rken al\u0131nmas\u0131 gereken baz\u0131 \u00f6nlemler \u015funlard\u0131r:<\/p>\n<ol>\n<li>Talimatlar\u0131 dikkatle izleyin: Kitle birlikte verilen talimatlar\u0131 her zaman dikkatle okuyun ve uygulay\u0131n; aksi takdirde kazalar veya yetersiz sonu\u00e7lar meydana gelebilir.<\/li>\n<li>Uygun ekipman\u0131 kullan\u0131n: Di\u011ferlerinin yan\u0131 s\u0131ra \u00e7ift kazan, termometre ve \u0131s\u0131ya dayan\u0131kl\u0131 kaplar dahil olmak \u00fczere mum yap\u0131m\u0131 i\u00e7in gerekli t\u00fcm ekipman ve ara\u00e7lara sahip oldu\u011funuzdan emin olun.<\/li>\n<li>\u0130yi havaland\u0131r\u0131lm\u0131\u015f bir alanda \u00e7al\u0131\u015f\u0131n: Soya mumu eritildi\u011finde duman \u00fcretebilir, bu nedenle zararl\u0131 buharlar\u0131n solunmas\u0131n\u0131 \u00f6nlemek i\u00e7in iyi havaland\u0131r\u0131lm\u0131\u015f bir alanda \u00e7al\u0131\u015fmak \u00f6nemlidir.<\/li>\n<li>S\u0131cak a\u011fdaya kar\u015f\u0131 dikkatli olun: Erimi\u015f a\u011fda a\u015f\u0131r\u0131 s\u0131cak olabilir ve dikkatli kullan\u0131lmazsa yan\u0131klara neden olabilir. Daima koruyucu eldiven giyin ve s\u0131cak balmumunu dikkatli bir \u015fekilde kullan\u0131n.<\/li>\n<li>\u00c7ocuklardan ve evcil hayvanlardan uzak tutun: Mum yap\u0131m\u0131nda kullan\u0131lan balmumu, parf\u00fcm ya\u011flar\u0131 ve di\u011fer malzemelerin \u00e7ocuklar veya evcil hayvanlar taraf\u0131ndan yutulmas\u0131 halinde tehlikeli olabilir. Bu malzemeleri ula\u015famayacaklar\u0131 yerde saklay\u0131n.<\/li>\n<\/ol>\n<p>Bir eko soya mum yap\u0131m kitinin belirli \u00f6zelliklerinin ve bile\u015fenlerinin markaya veya \u00fcreticiye ba\u011fl\u0131 olarak de\u011fi\u015febilece\u011fini unutmamak \u00f6nemlidir; bu nedenle, bir sat\u0131n alma i\u015flemi yapmadan \u00f6nce kitin i\u00e7eri\u011fini dikkatlice incelemek her zaman iyi bir fikirdir. Ayr\u0131ca g\u00fcvenli ve keyifli bir mum yapma deneyimi sa\u011flamak i\u00e7in kitte sa\u011flanan t\u00fcm talimatlara ve g\u00fcvenlik \u00f6nlemlerine uyman\u0131z \u00f6nerilir. Mutlu mum yap\u0131m\u0131!<\/p>\n<\/p>\n<h3 style=\"font-size: 19px\">Soya mumu yap\u0131m kitleri evcil hayvanlar ve \u00e7ocuklar i\u00e7in g\u00fcvenli midir?<\/h3>\n<p>Eko soya mumu yap\u0131m kitleri, do\u011fru kullan\u0131ld\u0131\u011f\u0131nda genellikle evcil hayvanlar ve \u00e7ocuklar i\u00e7in g\u00fcvenlidir. Ancak g\u00fcvenliklerini sa\u011flamak i\u00e7in baz\u0131 \u00f6nlemlerin al\u0131nmas\u0131 \u00f6nemlidir.<\/p>\n<p>ile mum yaparken<a> eko soya mum yapma seti<\/a>, evcil hayvanlar\u0131 ve \u00e7ocuklar\u0131 s\u0131cak balmumundan ve ate\u015ften uzak tuttu\u011funuzdan emin olun. Se\u00e7mek de \u00f6nemlidir&nbsp;<a>do\u011fal koku ya\u011flar\u0131<\/a>&nbsp;evcil hayvanlar i\u00e7in g\u00fcvenli olan ve kullanmaktan ka\u00e7\u0131n\u0131n&nbsp;<a>u\u00e7ucu ya\u011flar<\/a>&nbsp;baz\u0131 hayvanlar i\u00e7in zehirli olabilir.<\/p>\n<p>Ek olarak, eko soya mum yap\u0131m seti ile yap\u0131lan mumlar\u0131 yakarken, onlar\u0131 \u00e7ocuklar\u0131n ve evcil hayvanlar\u0131n eri\u015femeyece\u011fi bir yerde saklad\u0131\u011f\u0131n\u0131zdan emin olun. Mumlar\u0131 daima sabit ve \u0131s\u0131ya dayan\u0131kl\u0131 bir y\u00fczey \u00fczerinde yak\u0131n ve yanan bir mumu asla g\u00f6zetimsiz b\u0131rakmay\u0131n.<\/p>\n<p>Baz\u0131 ki\u015filerin belirli kokulara kar\u015f\u0131 olumsuz reaksiyonlar\u0131 olabilece\u011finden, evcil hayvanlar\u0131n veya \u00e7ocuklar\u0131n belirli kokulara kar\u015f\u0131 alerjisi veya hassasiyeti olabilece\u011fi konusunda dikkatli olmak da \u00f6nemlidir.<\/p>\n<p>Genel olarak ise<a>&nbsp;soya mum yapma kitleri<\/a> T\u00fcm aile i\u00e7in g\u00fcvenli ve keyifli bir aktivite olabilece\u011finden, evcil hayvanlar\u0131n ve \u00e7ocuklar\u0131n g\u00fcvenli\u011fini sa\u011flamak i\u00e7in uygun \u00f6nlemlerin al\u0131nmas\u0131 \u00f6nemlidir.<\/p>\n<h3 style=\"font-size: 19px\">Eko soya mum yap\u0131m kitiyle yap\u0131lan mumlar genellikle ne kadar dayan\u0131r?<\/h3>\n<p>The&nbsp;<a>yanma s\u00fcresi<\/a> ile yap\u0131lan mumlar\u0131n<a> eko soya mum yapma seti<\/a>&nbsp;mumun boyutu, kullan\u0131lan fitilin t\u00fcr\u00fc, mumun nas\u0131l yak\u0131ld\u0131\u011f\u0131 gibi \u00e7e\u015fitli fakt\u00f6rlere ba\u011fl\u0131 olarak de\u011fi\u015fiklik g\u00f6sterebilir.<\/p>\n<p>Genel bir kural olarak, mumlar&nbsp;<a>eko soya balmumu<\/a>&nbsp;di\u011fer mum t\u00fcrleriyle yap\u0131lan mumlara g\u00f6re daha uzun yanma e\u011filimindedir.&nbsp;<a>Soya mumlar\u0131<\/a>&nbsp;tipik olarak geleneksel parafin mumlar\u0131ndan 30-50% daha uzun yanma s\u00fcresine sahiptir.<\/p>\n<p>Mumun boyutu ve kullan\u0131lan fitilin t\u00fcr\u00fc de yanma s\u00fcresini etkileyebilir. Daha kal\u0131n fitili olan daha b\u00fcy\u00fck bir mum, daha ince fitili olan daha k\u00fc\u00e7\u00fck bir mumdan daha h\u0131zl\u0131 yanacakt\u0131r. Ek olarak belirli&nbsp;<a>fitil t\u00fcrleri<\/a>pamuk gibi veya&nbsp;<a>kenevir fitilleri<\/a>, di\u011fer fitil t\u00fcrlerine g\u00f6re daha yava\u015f yanabilir.<\/p>\n<p>ile yap\u0131lan mumlar\u0131 yakarken&nbsp;<a>eko soya mumu<\/a>&nbsp;Kit yaparken, daha uzun bir yanma s\u00fcresi sa\u011flamak i\u00e7in uygun mum yakma tekniklerini takip etmek \u00f6nemlidir. Bu, her kullan\u0131mdan \u00f6nce fitilin kesilmesini, tam bir mum sa\u011flamak i\u00e7in mumun \u00e7ap\u0131n\u0131n in\u00e7 ba\u015f\u0131na en az bir saat yak\u0131lmas\u0131n\u0131 i\u00e7erir.&nbsp;<a>erime havuzu<\/a>ve d\u00fczensiz yanmaya neden olabilecek hava ak\u0131mlar\u0131ndan ka\u00e7\u0131n\u0131n.<\/p>\n<p>Genel olarak, eko soya mum yap\u0131m kiti ile yap\u0131lan mumlar geleneksel mumlardan daha uzun yanma s\u00fcresine sahip olabilir, ancak yanma s\u00fcresi \u00e7e\u015fitli fakt\u00f6rlere ba\u011fl\u0131 olarak de\u011fi\u015febilir.<\/p>\n<h3 style=\"font-size: 19px\">Soya mumu yap\u0131m kitiyle y\u00fcksek kaliteli mumlar yaratman\u0131n baz\u0131 ipu\u00e7lar\u0131 nelerdir?<\/h3>\n<p>\u0130\u015fte y\u00fcksek kaliteli mumlar yaratmak i\u00e7in baz\u0131 ipu\u00e7lar\u0131<a> eko soya mum yapma seti<\/a>:<\/p>\n<ol style=\"list-style-type: decimal\">\n<li>\n<p>Malzemeleri do\u011fru \u015fekilde \u00f6l\u00e7\u00fcn: Balmumu, parf\u00fcm ya\u011f\u0131 ve boya da dahil olmak \u00fczere malzemeleri do\u011fru \u015fekilde \u00f6l\u00e7\u00fcn.&nbsp;<a>tutarl\u0131 kalite<\/a>&nbsp;mumlar\u0131n i\u00e7inde.<\/p>\n<\/li>\n<li>\n<p>Balmumunu do\u011fru s\u0131cakl\u0131kta eritin: A\u015f\u0131r\u0131 \u0131s\u0131nmay\u0131 \u00f6nlemek ve p\u00fcr\u00fczs\u00fcz ve e\u015fit bir erime sa\u011flamak i\u00e7in balmumunu do\u011fru s\u0131cakl\u0131kta, genellikle 71-82\u00b0C (160-180\u00b0F) aras\u0131nda eritin.<\/p>\n<\/li>\n<li>\n<p>Koku ya\u011flar\u0131n\u0131 ve boyay\u0131 do\u011fru zamanda ekleyin: Kokunun veya rengin zarar g\u00f6rmesini \u00f6nlemek i\u00e7in, balmumuna, genellikle 85\u00b0C (185\u00b0F) civar\u0131nda, do\u011fru zamanda koku ya\u011flar\u0131 ve boya ekleyin.<\/p>\n<\/li>\n<li>\n<p>Balmumunu iyice kar\u0131\u015ft\u0131r\u0131n: Koku ya\u011f\u0131n\u0131n ve boyan\u0131n e\u015fit \u015fekilde da\u011f\u0131ld\u0131\u011f\u0131ndan emin olmak i\u00e7in balmumunu iyice kar\u0131\u015ft\u0131r\u0131n.<\/p>\n<\/li>\n<li>\n<p>Do\u011fru fitili se\u00e7in: Temiz ve e\u015fit bir yanma sa\u011flamak i\u00e7in mumunuz i\u00e7in do\u011fru boyut ve t\u00fcrde fitili se\u00e7in.<\/p>\n<\/li>\n<li>\n<p>Bir termometre kullan\u0131n: A\u015f\u0131r\u0131 \u0131s\u0131nmay\u0131 veya a\u015f\u0131r\u0131 \u0131s\u0131nmay\u0131 \u00f6nlemek i\u00e7in mum yap\u0131m s\u00fcreci boyunca balmumunun s\u0131cakl\u0131\u011f\u0131n\u0131 izlemek i\u00e7in bir termometre kullan\u0131n.<\/p>\n<\/li>\n<li>\n<p>Mumlar\u0131 yava\u015f\u00e7a so\u011fumaya b\u0131rak\u0131n: \u00c7atlamay\u0131 veya d\u00fcz olmayan y\u00fczeyleri \u00f6nlemek i\u00e7in mumlar\u0131n yava\u015f ve do\u011fal bir \u015fekilde so\u011fumas\u0131n\u0131 bekleyin.<\/p>\n<\/li>\n<li>\n<p>Fitili kesin: Sigara i\u00e7meyi \u00f6nlemek ve e\u015fit bir yan\u0131k sa\u011flamak i\u00e7in yakmadan \u00f6nce fitili 1\/4 in\u00e7 (6 mm) kadar kesin.<\/p>\n<\/li>\n<li>\n<p>Mumu \u00e7ap\u0131n\u0131n in\u00e7 ba\u015f\u0131na en az bir saat yak\u0131n: Tam bir mum sa\u011flamak i\u00e7in mumu \u00e7ap\u0131n\u0131n in\u00e7 ba\u015f\u0131na en az bir saat yak\u0131n.&nbsp;<a>erime havuzu<\/a>&nbsp;ve t\u00fcnel a\u00e7may\u0131 \u00f6nleyin.<\/p>\n<\/li>\n<\/ol>\n<p>Bu ipu\u00e7lar\u0131n\u0131 takip ederek y\u00fcksek kaliteli mumlar olu\u015fturabilirsiniz.&nbsp;<a>eko soya mum yapma seti<\/a>&nbsp;temiz, e\u015fit bir \u015fekilde yanan ve harika bir performansa sahip olan&nbsp;<a>koku atmak<\/a>.<\/p>\n<h3 style=\"font-size: 19px\">Eko soya mum yap\u0131m kiti ile yap\u0131lan mumlar\u0131n bak\u0131m\u0131 ve bak\u0131m\u0131 nas\u0131l yap\u0131l\u0131r?<\/h3>\n<p>ile yap\u0131lan mumlar\u0131n bak\u0131m\u0131 ve bak\u0131m\u0131 <a>soya mum yapma seti<\/a>&nbsp;uzun \u00f6m\u00fcrlerini ve optimum performanslar\u0131n\u0131 sa\u011flamak \u00f6nemlidir. Eko soya mum yap\u0131m kitiyle yap\u0131lan mumlar\u0131n bak\u0131m\u0131 ve bak\u0131m\u0131yla ilgili baz\u0131 ipu\u00e7lar\u0131:<\/p>\n<ol style=\"list-style-type: decimal\">\n<li>\n<p>Fitili kesin: Sigara i\u00e7meyi \u00f6nlemek ve e\u015fit bir yan\u0131k sa\u011flamak i\u00e7in her kullan\u0131mdan \u00f6nce fitili 1\/4 in\u00e7 (6 mm) kadar kesin.<\/p>\n<\/li>\n<li>\n<p>Mumu \u00e7ap\u0131n\u0131n in\u00e7 ba\u015f\u0131na en az bir saat yak\u0131n: Tam bir mum sa\u011flamak i\u00e7in mumu \u00e7ap\u0131n\u0131n in\u00e7 ba\u015f\u0131na en az bir saat yak\u0131n.&nbsp;<a>erime havuzu<\/a>&nbsp;ve t\u00fcnel a\u00e7may\u0131 \u00f6nleyin.<\/p>\n<\/li>\n<li>\n<p>Mumu hava ak\u0131mlar\u0131ndan uzak tutun: Mumu hava ak\u0131m\u0131 olan alanlarda yakmaktan ka\u00e7\u0131n\u0131n; bu, d\u00fczensiz yanmaya neden olabilir ve yanma s\u00fcresini k\u0131saltabilir.<\/p>\n<\/li>\n<li>\n<p>Bir s\u00f6nd\u00fcr\u00fcc\u00fc kullan\u0131n: Mumu s\u00f6nd\u00fcrmek i\u00e7in bir s\u00f6nd\u00fcr\u00fcc\u00fc veya kapak kullan\u0131n, \u00e7\u00fcnk\u00fc onu \u00fcflemek duman ve is birikmesine neden olabilir.<\/p>\n<\/li>\n<li>\n<p>Mumu d\u00fczg\u00fcn bir \u015fekilde saklay\u0131n: Erimeyi veya renginin solmas\u0131n\u0131 \u00f6nlemek i\u00e7in mumu do\u011frudan g\u00fcne\u015f \u0131\u015f\u0131\u011f\u0131ndan uzak, serin ve kuru bir yerde saklay\u0131n.<\/p>\n<\/li>\n<li>\n<p>Kab\u0131 temizleyin: Mum bir kaptaysa&nbsp;<a>yeniden kullan\u0131labilir konteyner<\/a>, kalan balmumu ve kal\u0131nt\u0131lar\u0131 gidermek i\u00e7in kullan\u0131mdan sonra temizleyin. Bu, kab\u0131 bir sonraki kullan\u0131ma haz\u0131rlayacakt\u0131r.<\/p>\n<\/li>\n<li>\n<p>A\u015f\u0131r\u0131 yanmaktan ka\u00e7\u0131n\u0131n: Mumu tek seferde 4 saatten uzun s\u00fcre yakmay\u0131n; bu, fitilin mantarlanmas\u0131na ve d\u00fczensiz yanmaya neden olabilir.<\/p>\n<\/li>\n<\/ol>\n<p>Bu ipu\u00e7lar\u0131n\u0131 takip ederek, uzun \u00f6m\u00fcrlerini ve optimum performanslar\u0131n\u0131 garantilemek i\u00e7in eko soya mum yap\u0131m kitiyle yap\u0131lan mumlar\u0131n bak\u0131m\u0131n\u0131 ve bak\u0131m\u0131n\u0131 yapabilirsiniz.<\/p>\n<h3 style=\"font-size: 19px\">Mum yapmak i\u00e7in eko soya mum yap\u0131m kitini nas\u0131l kullan\u0131yorsunuz?<\/h3>\n<p>Kullanmak i\u00e7in genel ad\u0131mlar \u015funlard\u0131r:&nbsp;<a>eko soya mum yapma seti<\/a>&nbsp;mum yapmak i\u00e7in:<\/p>\n<ol style=\"list-style-type: decimal\">\n<li>\n<p>\u00c7al\u0131\u015fma alan\u0131n\u0131z\u0131 haz\u0131rlay\u0131n: Kit, ikili kazan veya mikrodalgaya dayan\u0131kl\u0131 kap, termometre, \u0131s\u0131t\u0131c\u0131 gibi gerekli t\u00fcm malzemelerle temiz ve d\u00fczenli bir \u00e7al\u0131\u015fma alan\u0131 olu\u015fturun.&nbsp;<a>kar\u0131\u015ft\u0131rma aleti<\/a>ve di\u011fer koku ya\u011flar\u0131 veya boyalar\u0131.<\/p>\n<\/li>\n<li>\n<p>Balmumunu eritin: Eritin&nbsp;<a>soya balmumu<\/a>&nbsp;\u00e7ift kazanda veya mikrodalgaya dayan\u0131kl\u0131 bir kapta, yakla\u015f\u0131k 160-180\u00b0F (71-82\u00b0C) s\u0131cakl\u0131\u011fa ula\u015fana kadar ara s\u0131ra kar\u0131\u015ft\u0131rarak.<\/p>\n<\/li>\n<li>\n<p>Koku ya\u011flar\u0131 ve boya ekleyin: Balmumu eridikten sonra ocaktan al\u0131n ve istedi\u011finiz koku ya\u011flar\u0131n\u0131 ve boyay\u0131 ekleyin. Kokunun ve rengin e\u015fit \u015fekilde da\u011f\u0131lmas\u0131n\u0131 sa\u011flamak i\u00e7in kar\u0131\u015f\u0131m\u0131 iyice kar\u0131\u015ft\u0131r\u0131n.<\/p>\n<\/li>\n<li>\n<p>Kab\u0131 ve fitili haz\u0131rlay\u0131n: Balmumu so\u011furken, fitili ortas\u0131na yerle\u015ftirerek ve bir fitil tutucu veya bantla yerine sabitleyerek kab\u0131 haz\u0131rlay\u0131n.<\/p>\n<\/li>\n<li>\n<p>Balmumu d\u00f6k\u00fcn: Balmumu yakla\u015f\u0131k 120\u00b0&#039;ye so\u011fuduktan sonra<a>F<\/a>&nbsp;(49\u00b0C), \u00fcstte yakla\u015f\u0131k 1\/4 in\u00e7 (6 mm) bo\u015fluk b\u0131rakarak haz\u0131rlanan kaba d\u00f6k\u00fcn.<\/p>\n<\/li>\n<li>\n<p>Mumu so\u011fumaya b\u0131rak\u0131n: Mumu birka\u00e7 saat, tercihen gece boyunca so\u011fumaya ve kat\u0131la\u015fmaya b\u0131rak\u0131n.<\/p>\n<\/li>\n<li>\n<p>Fitili kesin: Mumu yakmadan \u00f6nce fitili 1\/4 in\u00e7 (6 mm) olacak \u015fekilde kesin.<\/p>\n<\/li>\n<\/ol>\n<p>Bu ad\u0131mlar\u0131 izleyerek, y\u00fcksek kaliteli, \u00e7evre dostu ve kullan\u0131m\u0131 g\u00fcvenli mumlar yapmak i\u00e7in eko soya mum yap\u0131m kitini kullanabilirsiniz. En iyi sonu\u00e7lar\u0131 elde etmek i\u00e7in kitle birlikte verilen \u00f6zel talimatlar\u0131 takip etmek \u00f6nemlidir.<\/p>","protected":false},"excerpt":{"rendered":"<p>Boyutlar<\/p>\n<p style=\"font-size: 1rem;line-height: 1.75rem\">Kutu Boyutu: Uzunluk: 20cm x Y\u00fckseklik: 9cm x Derinlik: 15cm<\/p>\n<p>Den imal edilmi\u015f<\/p>\n<p style=\"font-size: 1rem;line-height: 1.75rem\">100% \u00e7evre dostu geri d\u00f6n\u00fc\u015ft\u00fcr\u00fclebilir ambalaj\u0131m\u0131zda s\u00fcrd\u00fcr\u00fclebilir ve etik kaynakl\u0131 do\u011fal i\u00e7erikler<\/p>\n<p style=\"font-size: 1rem;line-height: 1.75rem\">Eko soya mumu yap\u0131m seti, zararl\u0131 kimyasallar i\u00e7ermeyen, do\u011fal, yenilenebilir soya mumu kullanarak mum olu\u015fturmaya y\u00f6nelik malzemeler ve talimatlar i\u00e7erir. Kit tipik olarak mum yapmak i\u00e7in gereken di\u011fer ara\u00e7lar\u0131n yan\u0131 s\u0131ra soya mumu pullar\u0131, fitiller, kaplar, koku ya\u011flar\u0131 ve bir termometre i\u00e7erir. Temiz bir \u015fekilde yanan ve minimum d\u00fczeyde kurum yayan, \u00e7evre dostu ve s\u00fcrd\u00fcr\u00fclebilir mumlar olu\u015fturman\u0131za olanak tan\u0131r.<\/p>\n<\/p><\/p>","protected":false},"featured_media":17799,"comment_status":"closed","ping_status":"closed","template":"","meta":[],"product_cat":[225],"product_tag":[354,770,775,778,771,773,777,772,776,774],"acf":[],"_links":{"self":[{"href":"https:\/\/www.garden-kit.com\/tr\/wp-json\/wp\/v2\/product\/6823"}],"collection":[{"href":"https:\/\/www.garden-kit.com\/tr\/wp-json\/wp\/v2\/product"}],"about":[{"href":"https:\/\/www.garden-kit.com\/tr\/wp-json\/wp\/v2\/types\/product"}],"replies":[{"embeddable":true,"href":"https:\/\/www.garden-kit.com\/tr\/wp-json\/wp\/v2\/comments?post=6823"}],"wp:featuredmedia":[{"embeddable":true,"href":"https:\/\/www.garden-kit.com\/tr\/wp-json\/wp\/v2\/media\/17799"}],"wp:attachment":[{"href":"https:\/\/www.garden-kit.com\/tr\/wp-json\/wp\/v2\/media?parent=6823"}],"wp:term":[{"taxonomy":"product_cat","embeddable":true,"href":"https:\/\/www.garden-kit.com\/tr\/wp-json\/wp\/v2\/product_cat?post=6823"},{"taxonomy":"product_tag","embeddable":true,"href":"https:\/\/www.garden-kit.com\/tr\/wp-json\/wp\/v2\/product_tag?post=6823"}],"curies":[{"name":"wp","href":"https:\/\/api.w.org\/{rel}","templated":true}]}}