{"id":6829,"date":"2022-11-11T18:35:27","date_gmt":"2022-11-11T10:35:27","guid":{"rendered":"https:\/\/www.garden-kit.com\/product\/couples-candle-making-kit\/"},"modified":"2024-03-07T10:48:23","modified_gmt":"2024-03-07T02:48:23","slug":"couples-candle-making-kit","status":"publish","type":"product","link":"https:\/\/www.garden-kit.com\/tr\/product\/couples-candle-making-kit\/","title":{"rendered":"Tohum Ka\u011f\u0131t Mum Toz Kapaklar\u0131"},"content":{"rendered":"<h3 style=\"font-size: 19px\">\u00dcr\u00fcn A\u00e7\u0131klamas\u0131<\/h3>\n<p style=\"line-height: 1.5\"><span style=\"font-family: 'PingFang SC', 'Microsoft YaHei', sans-serif;font-size: 16px\">\u00c7iftler \u0130\u00e7in Soya Mumu Yap\u0131m Kiti<\/span><\/p>\n<div style=\"line-height: 1.5\">\n<p><span style=\"font-family: 'PingFang SC', 'Microsoft YaHei', sans-serif;font-size: 16px\">Sevgilinizle birlikte kendi \u00e7evre dostu soya mumlar\u0131n\u0131z\u0131 yaparak kaliteli zaman ge\u00e7irmekten daha iyi ne olabilir?<\/span><\/p>\n<\/div>\n<h3 style=\"font-size: 19px\">Varyasyonlar<\/h3>\n<p style=\"line-height: 1.5\"><span style=\"font-family: 'PingFang SC', 'Microsoft YaHei', sans-serif;font-size: 16px\">Notonthehighstreet, yetenekli Ortaklar\u0131n\u0131 i\u015fbirli\u011fi yapmalar\u0131 ve en e\u015fsiz hediyelerden olu\u015fan bir yelpazeyi birlikte yaratmalar\u0131 i\u00e7in \u00f6zel olarak e\u015fle\u015ftirdi<\/span><\/p>\n<p style=\"line-height: 1.5\"><span style=\"font-family: 'PingFang SC', 'Microsoft YaHei', sans-serif;font-size: 16px\">Kar\u015f\u0131n\u0131zda Hazel &amp; Blue ve Gemma wightman Ceramics, yarat\u0131c\u0131 g\u00fc\u00e7lerini birle\u015ftirerek size bu \u00e7arp\u0131c\u0131 ve l\u00fcks \u00e7ift soya mumu yap\u0131m setini sunuyorlar<\/span><\/p>\n<p style=\"line-height: 1.5\"><span style=\"font-family: 'PingFang SC', 'Microsoft YaHei', sans-serif;font-size: 16px\">Bu e\u015fsiz kit \u00fc\u00e7 koku i\u00e7ermektedir: Mumlar\u0131 Gemma Wightman Ceramics'in g\u00fczel el yap\u0131m\u0131 porselen kaplar\u0131nda olu\u015fturun; birinde Hazel &amp; Blue'nun rahatlat\u0131c\u0131 Bergamot ve Amber kokusu, di\u011ferinde ise Lavanta'n\u0131n yumu\u015fak rahatlat\u0131c\u0131 kokusu. Mumlar ayr\u0131 ayr\u0131 yak\u0131labilir veya \u00fc\u00e7\u00fcnc\u00fc bir koku yaratmak istiyorsan\u0131z her iki mumu ayn\u0131 anda yakarak her iki kokunun lezzetli ve benzersiz bir f\u00fczyonunu yaratabilirsiniz<\/span><\/p>\n<p style=\"line-height: 1.5\"><span style=\"font-family: 'PingFang SC', 'Microsoft YaHei', sans-serif;font-size: 16px\">Bu muhte\u015fem soya mumlar\u0131n\u0131 yaparken birlikte ge\u00e7irdi\u011finiz e\u011flenceli ve mutlu zamanlar, mumlar\u0131n\u0131z\u0131 her yakt\u0131\u011f\u0131n\u0131zda akl\u0131n\u0131za gelecek sevgi dolu an\u0131lara d\u00f6n\u00fc\u015fecek. Evinizi ve kalplerinizi sevgiyle dolduracak kal\u0131c\u0131 bir hediye<\/span><\/p>\n<p style=\"line-height: 1.5\"><span style=\"font-family: 'PingFang SC', 'Microsoft YaHei', sans-serif;font-size: 16px\">Kit \u015funlar\u0131 i\u00e7erir: 2 hat\u0131ra el yap\u0131m\u0131 porselen mum kab\u0131, 100% do\u011fal soya mumu, 2 do\u011fal fitil ve sabitleyici, do\u011fal mum ya\u011flar\u0131, 2 ah\u015fap mandal, tam talimatlar, Pozitif al\u0131nt\u0131 kart\u0131<\/span><\/p>\n<p style=\"line-height: 1.5\"><span style=\"font-family: 'PingFang SC', 'Microsoft YaHei', sans-serif;font-size: 16px\">Vejetaryenler ve veganlar i\u00e7in uygundur<\/span><\/p>\n<p style=\"line-height: 24px\"><span style=\"font-family: 'PingFang SC', 'Microsoft YaHei', sans-serif;font-size: 16px\">Her kit 2 soya kokulu mum yapar<\/span><\/p>\n<p style=\"line-height: 24px\"><span style=\"font-family: 'PingFang SC', 'Microsoft YaHei', sans-serif;font-size: 16px\">Kitinizi ki\u015fiselle\u015ftirin:<\/span><\/p>\n<p style=\"line-height: 24px\"><span style=\"font-family: 'PingFang SC', 'Microsoft YaHei', sans-serif;font-size: 16px\">Mum yap\u0131m kitlerimizin olabildi\u011fince \u00f6zel olmas\u0131n\u0131 istiyoruz, bu nedenle onlar\u0131 biraz daha benzersiz k\u0131lmak i\u00e7in ki\u015fiselle\u015ftirilmi\u015f bir hediye kart\u0131 se\u00e7ebilirsiniz, sadece ad\u0131n\u0131z\u0131 ve mesaj\u0131n\u0131z\u0131 girin ve botanik bir hediye kart\u0131na el yaz\u0131s\u0131yla yazal\u0131m<\/span><\/p>\n<p style=\"line-height: 1.5\"><span style=\"font-family: 'PingFang SC', 'Microsoft YaHei', sans-serif;font-size: 16px\">L\u00fctfen karakter s\u0131n\u0131r\u0131n\u0131n 20 oldu\u011funu unutmay\u0131n. T\u00fcm ki\u015fiselle\u015ftirmeler siyah m\u00fcrekkeple yap\u0131lacakt\u0131r.<\/span><\/p>\n<h3 style=\"font-size: 19px\">Do\u011fal Soya Mumu, G\u00fcvenlik Dolu<\/h3>\n<p style=\"line-height: 1.5\"><span style=\"font-family: 'PingFang SC', 'Microsoft YaHei', sans-serif;font-size: 16px\">Kokulu mumlar\u0131 se\u00e7erken, bak\u0131lmas\u0131 gereken ilk \u015fey balmumu baz bile\u015fimidir. Do\u011fal balmumu en iyisidir, bunu parafin balmumu takip eder.<\/span><br \/><span style=\"font-family: 'PingFang SC', 'Microsoft YaHei', sans-serif;font-size: 16px\">Do\u011fal balmumlar\u0131 aras\u0131nda soya fasulyesi balmumu ve balmumunun her ikisi de iyidir. Yand\u0131klar\u0131nda siyah duman \u00e7\u0131karmazlar ve insan v\u00fccuduna ve \u00e7evreye zarars\u0131zd\u0131rlar.<\/span><br \/><span style=\"font-family: 'PingFang SC', 'Microsoft YaHei', sans-serif;font-size: 16px\">Parafin mumu petrolden elde edilir ve ar\u0131tma derecesine g\u00f6re farkl\u0131 s\u0131n\u0131flara ayr\u0131l\u0131r. Y\u00fcksek safl\u0131k daha iyidir, d\u00fc\u015f\u00fck safl\u0131k ise insan sa\u011fl\u0131\u011f\u0131 i\u00e7in iyi olmayan kanserojen maddeler i\u00e7erebilir.<\/span><br \/><span style=\"font-family: 'PingFang SC', 'Microsoft YaHei', sans-serif;font-size: 16px\">Y\u00fcksek kaliteli soya fasulyesi mumu, soya fasulyesinden elde edilen 100%, mum s\u0131v\u0131s\u0131 su kadar berrakt\u0131r, duvara as\u0131lmaz ve yanarken siyah duman \u00e7\u0131karmaz.<\/span><br \/><span style=\"font-family: 'PingFang SC', 'Microsoft YaHei', sans-serif;font-size: 16px\">\u00dcstelik soya balmumunun erime noktas\u0131 parafin balmumuna k\u0131yasla sadece 30\u00b0C'dir, ha\u015flanma konusunda endi\u015felenmenize gerek yoktur.<\/span><\/p>\n<p style=\"line-height: 1.5\"><span style=\"font-family: 'PingFang SC', 'Microsoft YaHei', sans-serif;font-size: 16px\"><\/span><\/p>\n<p style=\"line-height: 1.5\"><span style=\"font-family: 'PingFang SC', 'Microsoft YaHei', sans-serif;font-size: 16px\">Mumlar, her mekana s\u0131cakl\u0131k, ambiyans ve koku sa\u011flayabilen sevilen bir ev e\u015fyas\u0131d\u0131r. Peki mum ambalajlar\u0131n\u0131n \u00e7evresel etkilerini hi\u00e7 d\u00fc\u015f\u00fcnd\u00fcn\u00fcz m\u00fc? Mumlar\u0131n \u00e7o\u011fu plastik veya geri d\u00f6n\u00fc\u015ft\u00fcr\u00fclemeyen ambalajlarda gelir ve \u00e7\u00f6pl\u00fcklerimizde zaten \u015fa\u015f\u0131rt\u0131c\u0131 miktarda olan at\u0131k miktar\u0131na katk\u0131da bulunur. Neyse ki bunun bir \u00e7\u00f6z\u00fcm\u00fc var: tohum ka\u011f\u0131t mum toz \u00f6rt\u00fcleri.<\/span><\/p>\n<h3 style=\"font-size: 19px\">Tohum Ka\u011f\u0131d\u0131 Mum Toz \u00d6rt\u00fcleri Nedir?<\/h3>\n<p>Tohum ka\u011f\u0131t mum toz \u00f6rt\u00fcleri, geleneksel mum ambalajlar\u0131na s\u00fcrd\u00fcr\u00fclebilir ve \u00e7evre dostu bir alternatiftir. Geri d\u00f6n\u00fc\u015ft\u00fcr\u00fclm\u00fc\u015f ka\u011f\u0131ttan \u00fcretilen bu kapaklar, topra\u011fa ekildiklerinde \u00e7i\u00e7ek, bitki veya sebze olarak b\u00fcy\u00fcyecek tohumlarla kapl\u0131d\u0131r. Sadece at\u0131klar\u0131 azaltmak ve faydal\u0131 bir i\u015flev sa\u011flamakla kalmaz, ayn\u0131 zamanda s\u00fcrd\u00fcr\u00fclebilirli\u011fi ve \u00e7evre bilincini de te\u015fvik ederler.<\/p>\n<h3 style=\"font-size: 19px\">Tohum Ka\u011f\u0131d\u0131 Mum Toz \u00d6rt\u00fcs\u00fc Nas\u0131l \u00c7al\u0131\u015f\u0131r?<\/h3>\n<p>Mum yak\u0131ld\u0131\u011f\u0131nda, balmumu sonunda eriyecek ve mumun \u00fcst\u00fcnde bir toz tabakas\u0131 olu\u015fturacakt\u0131r. Geleneksel ambalajlar bu tozun silinmesini veya at\u0131lmas\u0131n\u0131 gerektirir, ancak tohum ka\u011f\u0131d\u0131 mum toz \u00f6rt\u00fcleri ile bu, tohumlar\u0131 ekmek i\u00e7in m\u00fckemmel bir f\u0131rsatt\u0131r. Sadece toz kapa\u011f\u0131n\u0131 \u00e7\u0131kar\u0131n ve toprakl\u0131 bir saks\u0131ya yerle\u015ftirin. D\u00fczenli olarak sulay\u0131n ve yeni bitkinizin b\u00fcy\u00fcmesini izleyin!<\/p>\n<h3 style=\"font-size: 19px\">Tohum Ka\u011f\u0131d\u0131 Mum Toz \u00d6rt\u00fclerinin Faydalar\u0131<\/h3>\n<ol>\n<li>S\u00fcrd\u00fcr\u00fclebilir Ambalaj: Tohum ka\u011f\u0131d\u0131 toz \u00f6rt\u00fcleri mumlar geri d\u00f6n\u00fc\u015ft\u00fcr\u00fclm\u00fc\u015f ka\u011f\u0131ttan yap\u0131l\u0131r ve tohumlarla g\u00f6m\u00fcl\u00fcr. Tamamen biyolojik olarak par\u00e7alanabilir ve \u00e7\u00f6p sahalar\u0131ndaki at\u0131klara katk\u0131da bulunmazlar.<\/li>\n<li>\u00c7evre Bilincini Te\u015fvik Edin: Tohum ka\u011f\u0131d\u0131 mum toz \u00f6rt\u00fcs\u00fc kullanarak, s\u00fcrd\u00fcr\u00fclebilir uygulamalar\u0131 te\u015fvik ediyor ve at\u0131klar\u0131 azaltman\u0131n \u00f6nemi konusunda fark\u0131ndal\u0131k yarat\u0131yorsunuz.<\/li>\n<li>\u0130kinci Bir \u0130\u015flev Yarat\u0131n: Yanan mumlar\u0131n tozunu atmak yerine, tohum k\u00e2\u011f\u0131d\u0131 mum tozu \u00f6rt\u00fcleri bitki yeti\u015ftirme ortam\u0131 olarak faydal\u0131 bir ikinci i\u015flev sa\u011flar.<\/li>\n<li>Mekan\u0131n\u0131za G\u00fczellik Kat\u0131n: Tohumlar \u00e7i\u00e7eklere, bitkilere veya sebzelere d\u00f6n\u00fc\u015ft\u00fck\u00e7e, alan\u0131n\u0131za do\u011fal bir g\u00fczellik ve ba\u015far\u0131 hissi katacakt\u0131r.<\/li>\n<li>Taze Otlar ve Sebzeler Sa\u011flay\u0131n: Ka\u011f\u0131da g\u00f6m\u00fcl\u00fc tohumlara ba\u011fl\u0131 olarak, yeni bitkinizden taze otlar veya sebzeler hasat edebilirsiniz.<\/li>\n<\/ol>\n<h3 style=\"font-size: 19px\">Tohum Ka\u011f\u0131d\u0131 Mum Toz \u00d6rt\u00fcleri Nas\u0131l Kullan\u0131l\u0131r<\/h3>\n<p>Tohum k\u00e2\u011f\u0131d\u0131 mum toz \u00f6rt\u00fclerini kullanmak basit ve kolayd\u0131r. Sadece a\u015fa\u011f\u0131daki ad\u0131mlar\u0131 izleyin:<\/p>\n<ol>\n<li>Mumunuzu her zamanki gibi yak\u0131n.<\/li>\n<li>Balmumu eriyip mumun \u00fczerinde bir toz tabakas\u0131 olu\u015fturdu\u011funda, toz \u00f6rt\u00fcs\u00fcn\u00fc \u00e7\u0131kar\u0131n.<\/li>\n<li>Toz \u00f6rt\u00fcs\u00fcn\u00fc toprakl\u0131 bir saks\u0131ya yerle\u015ftirin ve d\u00fczenli olarak sulay\u0131n.<\/li>\n<li>Yeni bitkinizin b\u00fcy\u00fcmesini izleyin!<\/li>\n<\/ol>\n<h3 style=\"font-size: 19px\">Tohum Ka\u011f\u0131t Mum Toz \u00d6rt\u00fcs\u00fc Kimler \u0130\u00e7in Uygundur?<\/h3>\n<p>Tohum ka\u011f\u0131t mum toz \u00f6rt\u00fcleri, s\u00fcrd\u00fcr\u00fclebilir ve \u00e7evre dostu uygulamalar\u0131 te\u015fvik etmek isteyen bireyler veya i\u015fletmeler i\u00e7in uygundur. Bu toz \u00f6rt\u00fcleri, ekilebilen tohumlar i\u00e7eren geri d\u00f6n\u00fc\u015ft\u00fcr\u00fclm\u00fc\u015f ka\u011f\u0131ttan yap\u0131lm\u0131\u015ft\u0131r ve geleneksel mum toz \u00f6rt\u00fclerine s\u00fcrd\u00fcr\u00fclebilir bir alternatif olarak kullan\u0131labilir.<\/p>\n<p>\u00d6zellikle at\u0131klar\u0131 azaltman\u0131n ve \u00e7evre \u00fczerindeki etkilerini en aza indirmenin yollar\u0131n\u0131 arayan \u00e7evre bilincine sahip t\u00fcketiciler i\u00e7in uygundurlar. Ayr\u0131ca, s\u00fcrd\u00fcr\u00fclebilirli\u011fe \u00f6ncelik veren i\u015fletmeler, \u00e7evre dostu ambalajlar\u0131n\u0131n bir par\u00e7as\u0131 olarak tohum ka\u011f\u0131t mum toz \u00f6rt\u00fcs\u00fc kullanabilir, bu da marka imajlar\u0131n\u0131 geli\u015ftirmeye ve \u00e7evreye duyarl\u0131 m\u00fc\u015fterilere hitap etmeye yard\u0131mc\u0131 olabilir.<\/p>\n<p>Genel olarak, tohum ka\u011f\u0131t mum toz \u00f6rt\u00fcleri, s\u00fcrd\u00fcr\u00fclebilirli\u011fi i\u015flevsellik ve estetikle birle\u015ftirmek isteyen herkes i\u00e7in m\u00fckemmel bir se\u00e7imdir.<\/p><\/p>","protected":false},"excerpt":{"rendered":"<p><span style=\"font-family: 'PingFang SC', 'Microsoft YaHei', sans-serif;font-size: 16px\">Boyutlar<\/span><\/p>\n<p style=\"font-size: 1rem;line-height: 1.75rem\"><span style=\"font-family: 'PingFang SC', 'Microsoft YaHei', sans-serif;font-size: 16px\">Kutu Boyutu: L.20 H.9 D.15cm<\/span><\/p>\n<p style=\"font-size: 1rem;line-height: 1.75rem\"><span style=\"font-family: 'PingFang SC', 'Microsoft YaHei', sans-serif;font-size: 16px\">Mum Saks\u0131lar\u0131 x 2: D.6 H.5cm<\/span><\/p>\n<p><span style=\"font-family: 'PingFang SC', 'Microsoft YaHei', sans-serif;font-size: 16px\">Den imal edilmi\u015f<\/span><\/p>\n<p style=\"font-size: 1rem;line-height: 1.75rem\"><span style=\"font-family: 'PingFang SC', 'Microsoft YaHei', sans-serif;font-size: 16px\">Mumlar: 100% \u00e7evre dostu geri d\u00f6n\u00fc\u015ft\u00fcr\u00fclebilir ambalaj\u0131m\u0131zda s\u00fcrd\u00fcr\u00fclebilir ve etik kaynakl\u0131 do\u011fal i\u00e7erikler<\/span><\/p>\n<p style=\"font-size: 1rem;line-height: 1.75rem\"><span style=\"font-family: 'PingFang SC', 'Microsoft YaHei', sans-serif;font-size: 16px\">Tencereler: En iyi porselenden el yap\u0131m\u0131<\/span><\/p>\n<p style=\"font-size: 1rem;line-height: 1.75rem\"><span style=\"font-family: 'PingFang SC', 'Microsoft YaHei', sans-serif;font-size: 16px\">Tohum ka\u011f\u0131d\u0131 mum toz kapaklar\u0131, tohum ka\u011f\u0131d\u0131 i\u00e7eren bir t\u00fcr \u00e7evre dostu mum ambalaj\u0131d\u0131r. Bu kapaklar, mumu tozdan ve d\u00f6k\u00fcnt\u00fcden korumak i\u00e7in kullan\u0131l\u0131r ve ayn\u0131 zamanda art\u0131k ihtiya\u00e7 duyulmad\u0131\u011f\u0131nda tohum ka\u011f\u0131d\u0131n\u0131n ekilebilmesi gibi bir katma de\u011fer sa\u011flar.<\/span><\/p><\/p>","protected":false},"featured_media":18028,"comment_status":"closed","ping_status":"closed","template":"","meta":[],"product_cat":[225],"product_tag":[785,355,781,787,779,786,780,784,783,782],"acf":[],"_links":{"self":[{"href":"https:\/\/www.garden-kit.com\/tr\/wp-json\/wp\/v2\/product\/6829"}],"collection":[{"href":"https:\/\/www.garden-kit.com\/tr\/wp-json\/wp\/v2\/product"}],"about":[{"href":"https:\/\/www.garden-kit.com\/tr\/wp-json\/wp\/v2\/types\/product"}],"replies":[{"embeddable":true,"href":"https:\/\/www.garden-kit.com\/tr\/wp-json\/wp\/v2\/comments?post=6829"}],"wp:featuredmedia":[{"embeddable":true,"href":"https:\/\/www.garden-kit.com\/tr\/wp-json\/wp\/v2\/media\/18028"}],"wp:attachment":[{"href":"https:\/\/www.garden-kit.com\/tr\/wp-json\/wp\/v2\/media?parent=6829"}],"wp:term":[{"taxonomy":"product_cat","embeddable":true,"href":"https:\/\/www.garden-kit.com\/tr\/wp-json\/wp\/v2\/product_cat?post=6829"},{"taxonomy":"product_tag","embeddable":true,"href":"https:\/\/www.garden-kit.com\/tr\/wp-json\/wp\/v2\/product_tag?post=6829"}],"curies":[{"name":"wp","href":"https:\/\/api.w.org\/{rel}","templated":true}]}}