{"id":6834,"date":"2022-11-11T18:37:41","date_gmt":"2022-11-11T10:37:41","guid":{"rendered":"https:\/\/www.garden-kit.com\/product\/home-and-hygge-soy-wax-melt-making-kit\/"},"modified":"2024-03-07T10:32:51","modified_gmt":"2024-03-07T02:32:51","slug":"home-and-hygge-soy-wax-melt-making-kit","status":"publish","type":"product","link":"https:\/\/www.garden-kit.com\/tr\/product\/home-and-hygge-soy-wax-melt-making-kit\/","title":{"rendered":"Home Ve Hygge Soya Balmumu Eritme Kiti"},"content":{"rendered":"<h3 style=\"font-size: 19px\">\u00dcr\u00fcn A\u00e7\u0131klamas\u0131<\/h3>\n<p style=\"line-height: 1.5\"><span style=\"font-family: 'PingFang SC', 'Microsoft YaHei', sans-serif;font-size: 16px\">Ev ve Hygge Soya Wax Melts Yap\u0131m Kiti<\/span><\/p>\n<p><span style=\"font-family: 'PingFang SC', 'Microsoft YaHei', sans-serif;font-size: 16px\">\u00c7evre dostu soya mumu eritme DIY kitimizle kendi aromaterapi esansiyel ya\u011f\u0131 soya mumu eritmelerinizi yap\u0131n. Ba\u015flamak i\u00e7in ihtiyac\u0131n\u0131z olan her \u015feyle yeni ba\u015flayanlar i\u00e7in m\u00fckemmel<\/span><\/p>\n<h3 style=\"font-size: 19px\">Varyasyonlar<\/h3>\n<p style=\"line-height: 1.5\"><span style=\"font-family: 'PingFang SC', 'Microsoft YaHei', sans-serif;font-size: 16px\">G\u00fczel, \u00e7evre dostu, s\u00fcrd\u00fcr\u00fclebilir bile\u015fenlerimizi ve kullan\u0131m\u0131 kolay talimatlar\u0131m\u0131z\u0131 kullanarak kendi do\u011fal soya balmumu eriyiklerinizi yap\u0131n.<\/span><\/p>\n<p style=\"line-height: 1.5\"><span style=\"font-family: 'PingFang SC', 'Microsoft YaHei', sans-serif;font-size: 16px\">Ev ve Hygge soya mumu eriyik yap\u0131m kitlerimiz, kendinizi rahat ve mutlu hissetmek ve evinizde sakinlik ve rahatl\u0131k hissi uyand\u0131rmak istedi\u011finiz zamanlar i\u00e7indir.<\/span><\/p>\n<p style=\"line-height: 1.5\"><span style=\"font-family: 'PingFang SC', 'Microsoft YaHei', sans-serif;font-size: 16px\">\u00d6zel olarak se\u00e7ilmi\u015f darjeeling ve yasemin ya\u011flar\u0131, sakinle\u015ftirici, rahat ve davetkar bir ev yaratmak i\u00e7in \u00f6zel olarak harmanlanm\u0131\u015ft\u0131r. Balmumu eriyik yap\u0131m kitlerimizin t\u00fcm\u00fc 100% geri d\u00f6n\u00fc\u015ft\u00fcr\u00fclebilir ambalaj ve do\u011fal i\u00e7eriklerle \u00e7evre dostu, vegan ve s\u00fcrd\u00fcr\u00fclebilirdir.<\/span><\/p>\n<p style=\"line-height: 1.5\"><span style=\"font-family: 'PingFang SC', 'Microsoft YaHei', sans-serif;font-size: 16px\">Nas\u0131l \u00e7al\u0131\u015f\u0131yor?<\/span><\/p>\n<p style=\"line-height: 1.5\"><span style=\"font-family: 'PingFang SC', 'Microsoft YaHei', sans-serif;font-size: 16px\">Kutuya 15 esansiyel ya\u011fl\u0131 do\u011fal soya mumu eriyi\u011fi yapmak i\u00e7in her \u015fey dahildir, t\u00fcm malzemeler tart\u0131lm\u0131\u015ft\u0131r, bu nedenle tek yapman\u0131z gereken basit, kullan\u0131m\u0131 kolay talimatlar\u0131m\u0131z\u0131 takip etmektir.<\/span><\/p>\n<p style=\"line-height: 1.5\"><span style=\"font-family: 'PingFang SC', 'Microsoft YaHei', sans-serif;font-size: 16px\">Kit \u015funlar\u0131 i\u00e7erir: 100% do\u011fal soya mumu, geri d\u00f6n\u00fc\u015ft\u00fcr\u00fclebilir mum eriyik kal\u0131b\u0131, u\u00e7ucu ya\u011flar, kurutulmu\u015f \u00e7i\u00e7ekler, tam talimatlar, Pozitif al\u0131nt\u0131 kitap\u00e7\u0131\u011f\u0131<\/span><\/p>\n<p style=\"line-height: 1.5\"><span style=\"font-family: 'PingFang SC', 'Microsoft YaHei', sans-serif;font-size: 16px\">Vejetaryenler ve veganlar i\u00e7in uygundur<\/span><\/p>\n<p style=\"line-height: 1.5\"><span style=\"font-family: 'PingFang SC', 'Microsoft YaHei', sans-serif;font-size: 16px\">Mutfak termometresi \u2013 iste\u011fe ba\u011fl\u0131 ekstra<\/span><\/p>\n<p style=\"line-height: 1.5\"><span style=\"font-family: 'PingFang SC', 'Microsoft YaHei', sans-serif;font-size: 16px\">Kitinizi ki\u015fiselle\u015ftirin:<\/span><\/p>\n<p style=\"line-height: 1.5\"><span style=\"font-family: 'PingFang SC', 'Microsoft YaHei', sans-serif;font-size: 16px\">Kitinizle birlikte ki\u015fiselle\u015ftirilmi\u015f bir hediye kart\u0131 almay\u0131 se\u00e7erseniz, ad\u0131n\u0131z\u0131 ve mesaj\u0131n\u0131z\u0131 girin; biz bunu sizin i\u00e7in \u00f6zel botanik tasar\u0131ml\u0131 hediye kart\u0131m\u0131za el yaz\u0131s\u0131yla yaz\u0131p kit kutusunun i\u00e7ine yerle\u015ftirelim.<\/span><\/p>\n<h3 style=\"font-size: 19px\">Bizim avantaj\u0131m\u0131z<\/h3>\n<p style=\"line-height: 1.5\"><span style=\"font-family: 'PingFang SC', 'Microsoft YaHei', sans-serif;font-size: 16px\">Aromaterapi mumlar\u0131 hammadde olarak parafin mumundan daha g\u00fcvenli ve sa\u011fl\u0131kl\u0131 olan do\u011fal soya fasulyesi mumu kullan\u0131r<\/span><\/p>\n<ol>\n<li style=\"line-height: 1.5\"><span style=\"font-family: 'PingFang SC', 'Microsoft YaHei', sans-serif;font-size: 16px\">Temizlenebilirlik: Soya mumu biyolojik olarak par\u00e7alanabilir, bu nedenle masa \u00f6rt\u00fclerine veya giysilere d\u00f6k\u00fcl\u00fcrse, parafin mumundan daha kolay temizlenme e\u011filimindedir.<\/span><\/li>\n<li style=\"line-height: 1.5\"><span style=\"font-family: 'PingFang SC', 'Microsoft YaHei', sans-serif;font-size: 16px\">Yanma: Soya mumlar\u0131 parafine g\u00f6re daha temiz ve eksiksiz yanar ve bir\u00e7ok parafin mum \u0131s\u0131t\u0131ld\u0131\u011f\u0131nda zararl\u0131 partik\u00fcl madde yayan sentetik kokular ve boyalar i\u00e7erir<\/span><\/li>\n<li style=\"line-height: 1.5\"><span style=\"font-family: 'PingFang SC', 'Microsoft YaHei', sans-serif;font-size: 16px\">Geri d\u00f6n\u00fc\u015f\u00fcm: Soya mumlar\u0131 toksik de\u011fildir, yenilenebilir ve geri d\u00f6n\u00fc\u015ft\u00fcr\u00fclebilir. Ayr\u0131ca, soya mumlar\u0131n\u0131 cam kaplarda yeniden kullanabilirsiniz.<\/span><\/li>\n<li style=\"line-height: 1.5\"><span style=\"font-family: 'PingFang SC', 'Microsoft YaHei', sans-serif;font-size: 16px\">Koku: Soya mumlar\u0131 yava\u015f yand\u0131\u011f\u0131 i\u00e7in, sentetik kokular\u0131n g\u00fc\u00e7l\u00fc bir patlamas\u0131 yerine hafif, da\u011f\u0131n\u0131k bir koku ile u\u00e7ucu ya\u011flar\u0131n\u0131 saatlerce serbest b\u0131rak\u0131rlar. Bitki ve \u00e7i\u00e7ek t\u00fcrevli kokulara sahip mumlar veya \"aromaterapi\" t\u00fcm zamanlar\u0131n favorisidir.<\/span><\/li>\n<li style=\"line-height: 1.5\"><span style=\"font-family: 'PingFang SC', 'Microsoft YaHei', sans-serif;font-size: 16px\">Maliyet: Soya mumlar\u0131 daha pahal\u0131 olma e\u011filimindeyken, daha uzun s\u00fcre yanma e\u011filimindedirler. Yanma s\u00fcresini hesaba katt\u0131\u011f\u0131n\u0131zda soya mumlar\u0131 genellikle kazan\u0131r.<\/span><\/li>\n<li style=\"line-height: 1.5\"><span style=\"font-family: 'PingFang SC', 'Microsoft YaHei', sans-serif;font-size: 16px\">Yemek masas\u0131nda: Parafin mumlar, yiyeceklerin aromas\u0131n\u0131 bast\u0131rabilecek dekstrotoksik kimyasallar salg\u0131lar ve kokusuz soya mumlar\u0131 daha uzun s\u00fcre yanar ve ger\u00e7ekte kulland\u0131\u011f\u0131n\u0131z yiyeceklerin kokusuna veya tad\u0131na m\u00fcdahale etmez<\/span><\/li>\n<li style=\"line-height: 1.5\"><span style=\"font-family: 'PingFang SC', 'Microsoft YaHei', sans-serif;font-size: 16px\">S\u00fcrd\u00fcr\u00fclebilir enerji a\u00e7\u0131s\u0131ndan bak\u0131ld\u0131\u011f\u0131nda; yenilenemeyen petrolden elde edilen parafinin aksine soya fasulyesi yenilenebilir bir kaynakt\u0131r.<\/span><\/li>\n<li style=\"line-height: 1.5\"><span style=\"font-family: 'PingFang SC', 'Microsoft YaHei', sans-serif;font-size: 16px\">Hava kalitesi: Parafin mumu ile kar\u015f\u0131la\u015ft\u0131r\u0131ld\u0131\u011f\u0131nda, tamamen do\u011fal soya fasulyesi mumlar\u0131 siyah duman ve kal\u0131nt\u0131 olmadan daha tam yanar. Bu da evinizdeki genel hava kalitesinin daha iyi olmas\u0131n\u0131 sa\u011flar.<\/span><\/li>\n<\/ol>\n<p>Kendi mumlar\u0131n\u0131z\u0131 yapmak e\u011flenceli, yarat\u0131c\u0131 ve \u00f6d\u00fcllendirici bir deneyimdir. Mum yap\u0131m\u0131na ba\u015flaman\u0131n bir yolu da b\u00fcy\u00fck bir mum yap\u0131m kiti sat\u0131n almakt\u0131r. Bu kitler farkl\u0131 kokularda, renklerde ve boyutlarda \u00e7e\u015fitli mumlar yapmak i\u00e7in ihtiyac\u0131n\u0131z olan her \u015feyi i\u00e7erir.<\/p>\n<h3 style=\"font-size: 19px\">\u0130\u015fte b\u00fcy\u00fck bir mum yap\u0131m kitinin baz\u0131 temel \u00f6zellikleri:<\/h3>\n<p>1. Malzemeler dahildir:<br \/>B\u00fcy\u00fck bir mum yap\u0131m kiti tipik olarak balmumu, fitiller, kaplar, koku ya\u011flar\u0131 ve talimatlar i\u00e7erir. Kit ayr\u0131ca eritme kab\u0131, termometre ve kar\u0131\u015ft\u0131rma aleti gibi aletleri de i\u00e7erebilir. Gerekli t\u00fcm malzemelerin tek bir kitte bulunmas\u0131, yeni ba\u015flayanlar\u0131n mum yap\u0131m\u0131na ba\u015flamas\u0131n\u0131 kolayla\u015ft\u0131r\u0131r.<\/p>\n<p>2. \u00c7e\u015fitlilik:<br \/>B\u00fcy\u00fck mum yap\u0131m kitleri genellikle farkl\u0131 kokular ve renklerle birlikte gelir ve farkl\u0131 ruh hallerine ve durumlara uyacak \u00e7e\u015fitli mumlar olu\u015fturman\u0131za olanak tan\u0131r. Baz\u0131 kitler, benzersiz \u015fekiller ve tasar\u0131mlar olu\u015fturman\u0131za yard\u0131mc\u0131 olacak kal\u0131plar bile i\u00e7erir.<\/p>\n<p>3. Boyut:<br \/>Ad\u0131ndan da anla\u015f\u0131laca\u011f\u0131 gibi, b\u00fcy\u00fck mum yap\u0131m kiti birden fazla veya daha b\u00fcy\u00fck boyutlu mumlar yapmak isteyen ki\u015filer i\u00e7in tasarlanm\u0131\u015ft\u0131r. Bu da mumlar\u0131n\u0131 hediye etmeyi veya pazarlarda satmay\u0131 planlayanlar i\u00e7in m\u00fckemmeldir.<\/p>\n<p>4. Uygun maliyetli:<br \/>B\u00fcy\u00fck bir mum yap\u0131m kiti sat\u0131n almak, genellikle tek tek mum yap\u0131m malzemeleri sat\u0131n almaktan daha uygun maliyetlidir. Pahal\u0131 ekipman veya malzemelere yat\u0131r\u0131m yapmadan mum yap\u0131m\u0131n\u0131 denemenizi sa\u011flar.<\/p>\n<p>5. \u00c7evre dostu:<br \/>B\u00fcy\u00fck bir mum yap\u0131m kiti kullanarak kendi mumlar\u0131n\u0131z\u0131 yapmak, zararl\u0131 kimyasallar i\u00e7erebilen ma\u011fazadan sat\u0131n al\u0131nan mumlara kar\u015f\u0131 \u00e7evre dostu bir alternatiftir. At\u0131klar\u0131 ve \u00e7evresel etkileri azaltmak i\u00e7in do\u011fal malzemeler ve yeniden kullan\u0131labilir kaplar kullanabilirsiniz.<\/p>\n<p>6. E\u011flenceli aktivite:<br \/>Mum yap\u0131m\u0131 tek ba\u015f\u0131n\u0131za veya arkada\u015flar\u0131n\u0131zla ve ailenizle yapabilece\u011finiz e\u011flenceli bir etkinlik olabilir. B\u00fcy\u00fck bir mum yap\u0131m kiti, birlikte vakit ge\u00e7irmek ve g\u00fczel bir \u015fey yaratmak i\u00e7in harika bir f\u0131rsat sunar.<\/p>\n<\/p>\n<p>Mum yap\u0131m\u0131nda yeniyseniz, mumlar\u0131n\u0131z\u0131n iyi sonu\u00e7 vermesini sa\u011flamak i\u00e7in talimatlar\u0131 dikkatle takip etmeniz \u00e7ok \u00f6nemlidir.<\/p>\n<h3 style=\"font-size: 19px\">\u0130\u015fte b\u00fcy\u00fck bir mum yap\u0131m kiti kullan\u0131rken izlenecek baz\u0131 ad\u0131mlar:<\/h3>\n<ol style=\"list-style-type: decimal\">\n<li>\n<p>\u00c7al\u0131\u015fma alan\u0131n\u0131z\u0131 ayarlay\u0131n: Ba\u015flamadan \u00f6nce temiz ve d\u00fczenli bir \u00e7al\u0131\u015fma alan\u0131n\u0131z oldu\u011fundan emin olun. Kitte bulunan t\u00fcm malzemeleri toplay\u0131n ve ula\u015fabilece\u011finiz bir yere koyun.<\/p>\n<\/li>\n<li>\n<p>Balmumunu eritin: A\u011fday\u0131 bir eritme kab\u0131na koyun ve talimatlara g\u00f6re eritin. E\u015fit erimeyi sa\u011flamak i\u00e7in ara s\u0131ra kar\u0131\u015ft\u0131r\u0131n.<\/p>\n<\/li>\n<li>\n<p>Parf\u00fcm ya\u011f\u0131 ve renklendirici ekleyin: Balmumu eridikten sonra koku ya\u011f\u0131 ve istenirse renklendirici ekleyin. E\u015fit \u015fekilde da\u011f\u0131tmak i\u00e7in iyice kar\u0131\u015ft\u0131r\u0131n.<\/p>\n<\/li>\n<li>\n<p>Kaplar\u0131 haz\u0131rlay\u0131n: Fitilleri her bir kab\u0131n alt orta k\u0131sm\u0131na takarak kaplar\u0131 haz\u0131rlay\u0131n. Fitili ortada tutmak i\u00e7in bir fitil tutucu veya kalem kullan\u0131n.<\/p>\n<\/li>\n<li>\n<p>A\u011fday\u0131 d\u00f6k\u00fcn: A\u011fday\u0131 her bir kaba dikkatlice d\u00f6k\u00fcn ve \u00fcstte yakla\u015f\u0131k \u00bd in\u00e7 bo\u015fluk b\u0131rak\u0131n. A\u011fdan\u0131n birka\u00e7 saat so\u011fumas\u0131n\u0131 ve sertle\u015fmesini bekleyin.<\/p>\n<\/li>\n<li>\n<p>Fitili kesin: Mumlar so\u011fuduktan ve sertle\u015ftikten sonra fitili yakla\u015f\u0131k \u00bc in\u00e7 olacak \u015fekilde kesin.<\/p>\n<\/li>\n<li>\n<p>Mumlar\u0131n\u0131z\u0131n tad\u0131n\u0131 \u00e7\u0131kar\u0131n: Mumlar\u0131n\u0131z art\u0131k kullan\u0131ma veya hediye etmeye haz\u0131r! Onlar\u0131 yak\u0131n ve yaratt\u0131klar\u0131 g\u00fczel kokular\u0131n ve ambiyans\u0131n tad\u0131n\u0131 \u00e7\u0131kar\u0131n.<\/p>\n<\/li>\n<\/ol><\/p>","protected":false},"excerpt":{"rendered":"<h2><span style=\"font-family: 'PingFang SC', 'Microsoft YaHei', sans-serif;font-size: 16px\">Genel Bak\u0131\u015f<\/span><\/h2>\n<p><span style=\"font-family: 'PingFang SC', 'Microsoft YaHei', sans-serif;font-size: 16px\"><img decoding=\"async\" loading=\"lazy\" src=\"https:\/\/cutomer-static-bucket.s3.cn-northwest-1.amazonaws.com.cn\/public\/material\/2206293ihquj\/product\/zhinian01_1676529573815.png\" alt=\"\" width=\"24\" height=\"24\" \/>\u00c7in yap\u0131m\u0131<\/span><\/p>\n<p><span style=\"font-family: 'PingFang SC', 'Microsoft YaHei', sans-serif;font-size: 16px\"><img decoding=\"async\" loading=\"lazy\" src=\"https:\/\/cutomer-static-bucket.s3.cn-northwest-1.amazonaws.com.cn\/public\/material\/2206293ihquj\/product\/zhinian02_1676529602935.png\" alt=\"\" width=\"24\" height=\"24\" \/>Ki\u015fiselle\u015ftirme mevcut<\/span><\/p>\n<p><span style=\"font-family: 'PingFang SC', 'Microsoft YaHei', sans-serif;font-size: 16px\"><img decoding=\"async\" loading=\"lazy\" src=\"https:\/\/cutomer-static-bucket.s3.cn-northwest-1.amazonaws.com.cn\/public\/material\/2206293ihquj\/product\/zhinian03_1676529624243.png\" alt=\"\" width=\"24\" height=\"24\" \/>Hediye paketi mevcut<\/span><\/p>\n<h2><span style=\"font-family: 'PingFang SC', 'Microsoft YaHei', sans-serif;font-size: 16px\">Boyutlar<\/span><\/h2>\n<p><span style=\"font-family: 'PingFang SC', 'Microsoft YaHei', sans-serif;font-size: 16px\">Kutu Boyutu: Uzunluk: 20cm x Y\u00fckseklik: 9cm x Derinlik: 15cm<\/span><\/p>\n<h2><span style=\"font-family: 'PingFang SC', 'Microsoft YaHei', sans-serif;font-size: 16px\">Den imal edilmi\u015f<\/span><\/h2>\n<p><span style=\"font-family: 'PingFang SC', 'Microsoft YaHei', sans-serif;font-size: 16px\">100% \u00e7evre dostu geri d\u00f6n\u00fc\u015ft\u00fcr\u00fclebilir ambalaj\u0131m\u0131zda s\u00fcrd\u00fcr\u00fclebilir ve etik kaynakl\u0131 do\u011fal i\u00e7erikler<\/span><\/p>\n<p><span style=\"font-family: 'PingFang SC', 'Microsoft YaHei', sans-serif;font-size: 16px\">Pozitif al\u0131nt\u0131 kraft kit kutusu<\/span><\/p>\n<p><span style=\"font-family: 'PingFang SC', 'Microsoft YaHei', sans-serif;font-size: 16px\">B\u00fcy\u00fck bir mum yap\u0131m kiti tipik olarak balmumu, fitiller, kaplar, koku ya\u011flar\u0131 gibi malzemeleri ve mum yapma talimatlar\u0131n\u0131 i\u00e7erir. Kit ayr\u0131ca eritme potas\u0131, termometre ve kar\u0131\u015ft\u0131rma aleti gibi ara\u00e7lar\u0131 da i\u00e7erebilir. Bu tip kit, birden fazla mumu ayn\u0131 anda yapmak isteyen veya daha b\u00fcy\u00fck boyutlu mumlar yapmak isteyenler i\u00e7in tasarlanm\u0131\u015ft\u0131r.<\/span><\/p><\/p>","protected":false},"featured_media":18018,"comment_status":"open","ping_status":"closed","template":"","meta":[],"product_cat":[225],"product_tag":[401,400,767,403,402,356,768,398,399,769],"acf":[],"_links":{"self":[{"href":"https:\/\/www.garden-kit.com\/tr\/wp-json\/wp\/v2\/product\/6834"}],"collection":[{"href":"https:\/\/www.garden-kit.com\/tr\/wp-json\/wp\/v2\/product"}],"about":[{"href":"https:\/\/www.garden-kit.com\/tr\/wp-json\/wp\/v2\/types\/product"}],"replies":[{"embeddable":true,"href":"https:\/\/www.garden-kit.com\/tr\/wp-json\/wp\/v2\/comments?post=6834"}],"wp:featuredmedia":[{"embeddable":true,"href":"https:\/\/www.garden-kit.com\/tr\/wp-json\/wp\/v2\/media\/18018"}],"wp:attachment":[{"href":"https:\/\/www.garden-kit.com\/tr\/wp-json\/wp\/v2\/media?parent=6834"}],"wp:term":[{"taxonomy":"product_cat","embeddable":true,"href":"https:\/\/www.garden-kit.com\/tr\/wp-json\/wp\/v2\/product_cat?post=6834"},{"taxonomy":"product_tag","embeddable":true,"href":"https:\/\/www.garden-kit.com\/tr\/wp-json\/wp\/v2\/product_tag?post=6834"}],"curies":[{"name":"wp","href":"https:\/\/api.w.org\/{rel}","templated":true}]}}