{"id":6846,"date":"2022-11-11T18:46:28","date_gmt":"2022-11-11T10:46:28","guid":{"rendered":"https:\/\/www.garden-kit.com\/product\/diy-candle-making-kit\/"},"modified":"2024-03-07T10:14:16","modified_gmt":"2024-03-07T02:14:16","slug":"diy-candle-making-kit","status":"publish","type":"product","link":"https:\/\/www.garden-kit.com\/tr\/product\/diy-candle-making-kit\/","title":{"rendered":"DIY \u00c7evre Dostu Mum Yap\u0131m\u0131 Kiti"},"content":{"rendered":"<h3 style=\"margin: 0px 0px 15px;font-size: 19px\">Ad\u0131m Ad\u0131m Talimatlar<\/h3>\n<p style=\"margin: 0px 0px 15px\">Ad\u0131m 1<br \/>Fitili al\u0131n ve alttaki yap\u0131\u015fkan\u0131 \u00e7\u0131kar\u0131n ve fitili yap\u0131\u015fkan taraf\u0131 a\u015fa\u011f\u0131 gelecek \u015fekilde cam adak kutusunun i\u00e7ine yerle\u015ftirin<\/p>\n<p style=\"margin: 0px 0px 15px\">Ad\u0131m 2<br \/>Cam \u00f6l\u00e7\u00fc kab\u0131na 200 g mum eriyi\u011fi ekleyin<\/p>\n<p style=\"margin: 0px 0px 15px\">Ad\u0131m 3<br \/>Cam s\u00fcrahiyi bir sos tenceresine koyun, balmumunun \u00fczerini yar\u0131ya kadar \u00f6rtecek \u015fekilde birka\u00e7 cm su ekleyin<\/p>\n<p style=\"margin: 0px 0px 15px\">Ad\u0131m 4<br \/>Sos tenceresini oca\u011fa koyun ve balmumu eriyene kadar k\u0131s\u0131k ate\u015fte kaynamaya b\u0131rak\u0131n.<\/p>\n<p style=\"margin: 0px 0px 15px\">Ad\u0131m 5<br \/>Balmumu kar\u0131\u015f\u0131m\u0131n\u0131za se\u00e7ti\u011finiz esansiyel ya\u011fdan birka\u00e7 damla ekleyin. Ne kadar \u00e7ok damla eklerseniz, koku o kadar g\u00fc\u00e7l\u00fc olur. A\u015f\u0131r\u0131ya ka\u00e7may\u0131n!<\/p>\n<p style=\"margin: 0px 0px 15px\">Ad\u0131m 6<br \/>Tahta \u00e7ubu\u011fu kullanarak balmumu ve ya\u011f\u0131 birlikte kar\u0131\u015ft\u0131r\u0131n ve kokunun e\u015fit \u015fekilde da\u011f\u0131lmas\u0131n\u0131 sa\u011flay\u0131n<\/p>\n<p style=\"margin: 0px 0px 15px\">Ad\u0131m 7<br \/>Konumunu sabitlemek i\u00e7in fitili yemek \u00e7ubuklar\u0131n\u0131n aras\u0131na (k\u0131rmadan) yerle\u015ftirin<\/p>\n<p style=\"margin: 0px 0px 15px\">Ad\u0131m 8<br \/>Kokulu balmumu kar\u0131\u015f\u0131m\u0131n\u0131z\u0131 metal kaba d\u00f6k\u00fcn<\/p>\n<p style=\"margin: 0px 0px 15px\">Ad\u0131m 9<br \/>Balmumunun sertle\u015fmesine izin verin ve ev yap\u0131m\u0131 mumunuz yakmaya veya hediye etmeye haz\u0131r olsun<\/p>\n<h3 style=\"font-size: 19px\">\u00c7evre Dostu Mum Yap\u0131m Kitinin Avantajlar\u0131<\/h3>\n<ol>\n<li><span style=\"font-size: 16px;font-family: 'PingFang SC', 'Microsoft YaHei', sans-serif\">S\u00fcrd\u00fcr\u00fclebilir Malzemeler: \u00c7evre dostu mum yap\u0131m kitleri, \u00e7evre i\u00e7in g\u00fcvenli olan do\u011fal ve s\u00fcrd\u00fcr\u00fclebilir kaynakl\u0131 bile\u015fenler i\u00e7erir.<\/span><\/li>\n<li><span style=\"font-size: 16px;font-family: 'PingFang SC', 'Microsoft YaHei', sans-serif\">Toksik de\u011fildir: \u00c7evre dostu mum yap\u0131m kitlerinde kullan\u0131lan malzemeler toksik de\u011fildir ve yand\u0131\u011f\u0131nda zararl\u0131 kimyasallar a\u00e7\u0131\u011fa \u00e7\u0131karmaz.<\/span><\/li>\n<li><span style=\"font-size: 16px;font-family: 'PingFang SC', 'Microsoft YaHei', sans-serif\">\u00d6zelle\u015ftirilebilir: Bu kitler, mumunuzun kokusunu, rengini ve \u015feklini tercihinize g\u00f6re \u00f6zelle\u015ftirmenize olanak tan\u0131r.<\/span><\/li>\n<li><span style=\"font-size: 16px;font-family: 'PingFang SC', 'Microsoft YaHei', sans-serif\">Uygun Maliyetli: Bir kit kullanarak evde mum yapmak, bir ma\u011fazadan y\u00fcksek kaliteli mumlar sat\u0131n almaktan daha uygun maliyetli olabilir.<\/span><\/li>\n<li><span style=\"font-size: 16px;font-family: 'PingFang SC', 'Microsoft YaHei', sans-serif\">E\u011fitici: \u00c7evre dostu mum yap\u0131m kitleri, s\u00fcrd\u00fcr\u00fclebilirlik ve \u00e7evre dostu \u00fcr\u00fcnler se\u00e7menin \u00f6nemini \u00f6\u011fretmek i\u00e7in bir e\u011fitim arac\u0131 olarak kullan\u0131labilir.<\/span><\/li>\n<\/ol>\n<h3 style=\"font-size: 19px\">\u00c7evre Dostu Mum Yap\u0131m Kiti Nas\u0131l Kullan\u0131l\u0131r?<\/h3>\n<p><span style=\"font-size: 16px;font-family: 'PingFang SC', 'Microsoft YaHei', sans-serif\">\u00c7evre dostu bir mum yap\u0131m kiti kullanmak basit ve anla\u015f\u0131l\u0131rd\u0131r:<\/span><\/p>\n<ol>\n<li><span style=\"font-size: 16px;font-family: 'PingFang SC', 'Microsoft YaHei', sans-serif\">\u00c7al\u0131\u015fma Alan\u0131n\u0131 Kurun: Temiz, kuru ve d\u00fcz y\u00fczeyli bir \u00e7al\u0131\u015fma alan\u0131 olu\u015fturun. Bu, mum yap\u0131m s\u00fcrecini kolayl\u0131kla ger\u00e7ekle\u015ftirmenize yard\u0131mc\u0131 olacakt\u0131r.<\/span><\/li>\n<li><span style=\"font-size: 16px;font-family: 'PingFang SC', 'Microsoft YaHei', sans-serif\">Balmumunu Eritin: Kitte verilen talimatlar\u0131 izleyerek balmumunu \u00e7ift kazanda veya mikrodalgada eritin.<\/span><\/li>\n<li><span style=\"font-size: 16px;font-family: 'PingFang SC', 'Microsoft YaHei', sans-serif\">Koku Ekleyin: \u00d6nerilen miktara uyarak u\u00e7ucu ya\u011flar kullanarak koku ekleyin.<\/span><\/li>\n<li><span style=\"font-size: 16px;font-family: 'PingFang SC', 'Microsoft YaHei', sans-serif\">Kavanozlar\u0131 Haz\u0131rlay\u0131n: Kitle birlikte verilen talimatlar\u0131 izleyerek fitili yap\u0131\u015ft\u0131r\u0131c\u0131 veya yap\u0131\u015fkan bantla tutturarak kavanozlar\u0131 haz\u0131rlay\u0131n.<\/span><\/li>\n<li><span style=\"font-size: 16px;font-family: 'PingFang SC', 'Microsoft YaHei', sans-serif\">Balmumunu Kavanozlara D\u00f6k\u00fcn: Erimi\u015f balmumunu haz\u0131rlanan kavanozlara dikkatlice d\u00f6k\u00fcn ve \u00f6nerilen seviyeye kadar doldurun.<\/span><\/li>\n<li><span style=\"font-size: 16px;font-family: 'PingFang SC', 'Microsoft YaHei', sans-serif\">So\u011fumaya B\u0131rak\u0131n ve Fitilleri Kesin: Mumlar\u0131n so\u011fumas\u0131n\u0131 bekleyin ve fitilleri uygun uzunlukta kesin.<\/span><\/li>\n<li><span style=\"font-size: 16px;font-family: 'PingFang SC', 'Microsoft YaHei', sans-serif\">Keyfini \u00e7\u0131kar\u0131n: Mumlar so\u011fuduktan ve sertle\u015ftikten sonra tad\u0131n\u0131 \u00e7\u0131karmaya haz\u0131r!<\/span><\/li>\n<\/ol>\n<h3 style=\"font-size: 19px\">\u00c7evre Dostu Mum Yap\u0131m Kiti i\u00e7in \u00d6nlemler<\/h3>\n<p><span style=\"font-size: 16px;font-family: 'PingFang SC', 'Microsoft YaHei', sans-serif\">Bir mum yap\u0131m kitiyle \u00e7al\u0131\u015f\u0131rken, kendi g\u00fcvenli\u011finizi ve \u00e7evrenizdekilerin g\u00fcvenli\u011fini sa\u011flamak i\u00e7in \u00f6nlemler alman\u0131z \u00f6nemlidir. \u0130\u015fte ak\u0131lda tutulmas\u0131 gereken baz\u0131 genel \u00f6nlemler:<\/span><\/p>\n<ol>\n<li><span style=\"font-size: 16px;font-family: 'PingFang SC', 'Microsoft YaHei', sans-serif\">Talimatlar\u0131 takip edin: \u00c7evre dostu kitte verilen talimatlar\u0131 dikkatlice okuyun ve uygulay\u0131n. Farkl\u0131 kitlerde farkl\u0131 talimatlar olabilir, bu nedenle talimatlar\u0131 tam olarak verilen \u015fekilde takip etmek \u00f6nemlidir.<\/span><\/li>\n<li><span style=\"font-size: 16px;font-family: 'PingFang SC', 'Microsoft YaHei', sans-serif\">\u0130yi havaland\u0131r\u0131lm\u0131\u015f bir alan kullan\u0131n: Mum yap\u0131m\u0131 balmumunun eritilmesini i\u00e7erebilir ve bu da duman \u00e7\u0131karabilir. Dumanlar\u0131 solumaktan ka\u00e7\u0131nmak i\u00e7in iyi havaland\u0131r\u0131lm\u0131\u015f bir alanda \u00e7al\u0131\u015ft\u0131\u011f\u0131n\u0131zdan emin olun. M\u00fcmk\u00fcnse a\u00e7\u0131k bir pencerenin yak\u0131n\u0131nda \u00e7al\u0131\u015f\u0131n veya hava sirk\u00fclasyonunu art\u0131rmak i\u00e7in bir fan kullan\u0131n.<\/span><\/li>\n<li><span style=\"font-size: 16px;font-family: 'PingFang SC', 'Microsoft YaHei', sans-serif\">Uygun koruyucu ekipman kullan\u0131n: Eldiven ve g\u00f6zl\u00fck gibi uygun koruyucu giysiler giyerek cildinizi ve g\u00f6zlerinizi koruyun. Bu, s\u0131cak balmumu veya di\u011fer malzemelerden kaynaklanan yan\u0131k ve yaralanmalar\u0131 \u00f6nlemeye yard\u0131mc\u0131 olabilir.<\/span><\/li>\n<li><span style=\"font-size: 16px;font-family: 'PingFang SC', 'Microsoft YaHei', sans-serif\">Is\u0131 kaynaklar\u0131 konusunda dikkatli olun: Mum yap\u0131m\u0131nda genellikle set \u00fcst\u00fc ocak, s\u0131cak tabak veya mum \u0131s\u0131t\u0131c\u0131lar\u0131 gibi \u0131s\u0131 kaynaklar\u0131 kullan\u0131l\u0131r. Yan\u0131klar\u0131 veya yang\u0131nlar\u0131 \u00f6nlemek i\u00e7in \u0131s\u0131 kaynaklar\u0131yla \u00e7al\u0131\u015f\u0131rken dikkatli olun ve g\u00fcvenlik y\u00f6nergelerine uyun. Bir \u0131s\u0131 kayna\u011f\u0131n\u0131 asla g\u00f6zetimsiz b\u0131rakmay\u0131n.<\/span><\/li>\n<li><span style=\"font-size: 16px;font-family: 'PingFang SC', 'Microsoft YaHei', sans-serif\">\u00c7ocuklar\u0131 ve evcil hayvanlar\u0131 uzak tutun: Mum yap\u0131m\u0131 s\u0131cak malzemeler ve keskin aletler i\u00e7erebilir, bu nedenle kazalar\u0131 \u00f6nlemek i\u00e7in \u00e7ocuklar\u0131 ve evcil hayvanlar\u0131 \u00e7al\u0131\u015fma alan\u0131n\u0131zdan uzak tutman\u0131z \u00f6nemlidir.<\/span><\/li>\n<li><span style=\"font-size: 16px;font-family: 'PingFang SC', 'Microsoft YaHei', sans-serif\">Uygun kaplar kullan\u0131n: Mum yap\u0131m\u0131 i\u00e7in \u00f6zel olarak tasarlanm\u0131\u015f ve \u0131s\u0131ya dayan\u0131kl\u0131 kaplar kullan\u0131n. Eriyebilecek veya alev alabilecek plastik veya yan\u0131c\u0131 kaplar kullanmaktan ka\u00e7\u0131n\u0131n.<\/span><\/li>\n<li><span style=\"font-size: 16px;font-family: 'PingFang SC', 'Microsoft YaHei', sans-serif\">Koku ya\u011flar\u0131 ve boyalar konusunda dikkatli olun: \u00c7evre dostu mum yap\u0131m kitiniz koku ya\u011flar\u0131 veya boyalar i\u00e7eriyorsa, bunlar\u0131 talimatlara g\u00f6re kullan\u0131n ve cildinizle veya g\u00f6zlerinizle do\u011frudan temastan ka\u00e7\u0131n\u0131n. Baz\u0131 koku ya\u011flar\u0131 cilt tahri\u015fine veya alerjik reaksiyonlara neden olabilir.<\/span><\/li>\n<li><span style=\"font-size: 16px;font-family: 'PingFang SC', 'Microsoft YaHei', sans-serif\">D\u00fczg\u00fcn bir \u015fekilde temizleyin: Kayma ve d\u00fc\u015fmeleri \u00f6nlemek i\u00e7in d\u00f6k\u00fclme veya damlamalar\u0131 derhal temizleyin. Balmumu art\u0131klar\u0131 veya kullan\u0131lm\u0131\u015f kaplar gibi at\u0131k malzemeleri uygun \u015fekilde ve yerel y\u00f6netmeliklere g\u00f6re bertaraf edin.<\/span><\/li>\n<li><span style=\"font-size: 16px;font-family: 'PingFang SC', 'Microsoft YaHei', sans-serif\">Yang\u0131n tehlikelerine kar\u015f\u0131 dikkatli olun: Mumlar\u0131n\u0131z yap\u0131ld\u0131ktan sonra yang\u0131n tehlikelerine kar\u015f\u0131 dikkatli olun. Mumu yakmadan \u00f6nce fitili daima \u00f6nerilen uzunlukta kesin ve yanan bir mumu asla g\u00f6zetimsiz b\u0131rakmay\u0131n.<\/span><\/li>\n<li><span style=\"font-size: 16px;font-family: 'PingFang SC', 'Microsoft YaHei', sans-serif\">Kendinizi e\u011fitin: Mum yap\u0131m\u0131nda yeniyseniz, kendinizi s\u00fcre\u00e7 ve en iyi uygulamalar hakk\u0131nda e\u011fitmek i\u00e7in zaman ay\u0131r\u0131n. Potansiyel tehlikeleri ve bunlarla nas\u0131l ba\u015fa \u00e7\u0131kaca\u011f\u0131n\u0131z\u0131 \u00f6\u011frenin ve gerekirse deneyimli mum \u00fcreticilerinden rehberlik isteyin.<\/span><\/li>\n<\/ol>\n<p><span style=\"font-size: 16px;font-family: 'PingFang SC', 'Microsoft YaHei', sans-serif\">\u00c7evre dostu mum yap\u0131m kitleri, \u00e7evre dostu ve s\u00fcrd\u00fcr\u00fclebilir malzemeler kullanarak kendi \u00f6zelle\u015ftirilmi\u015f mumlar\u0131n\u0131z\u0131 yaratman\u0131n harika bir yoludur. Bu kitler, evde mum yapmak i\u00e7in gerekli t\u00fcm malzemeleri ve talimatlar\u0131 sa\u011flayarak bunu kolay ve uygun maliyetli hale getirir. \u00c7evre dostu mum yap\u0131m kitleri, yarat\u0131c\u0131l\u0131\u011f\u0131 ve ki\u015fiselle\u015ftirmeyi te\u015fvik ederken s\u00fcrd\u00fcr\u00fclebilirli\u011fi ve toksik olmayan i\u00e7erikleri de destekler. Kitle birlikte verilen talimatlar\u0131 izleyerek, \u00e7evre i\u00e7in g\u00fcvenli ve kullan\u0131m\u0131 keyifli g\u00fczel ve ho\u015f kokulu mumlar yapabilirsiniz.<\/span><span style=\"font-size: 16px;font-family: 'PingFang SC', 'Microsoft YaHei', sans-serif\"><\/span><\/p>\n<h3 style=\"font-size: 19px\">\u00c7evre dostu mum yap\u0131m kiti nedir ve onu \u00e7evre dostu yapan nedir?<\/h3>\n<p>\u00c7evre dostu mum yap\u0131m kiti, \u00e7evresel olarak s\u00fcrd\u00fcr\u00fclebilir ve toksik olmayan malzemeler kullanarak mum yapmak i\u00e7in malzemeler ve talimatlar i\u00e7eren bir kittir.<\/p>\n<p>Kit tipik olarak \u015funlar\u0131 i\u00e7erir&nbsp;<a>do\u011fal mumlar<\/a>gibi&nbsp;<a>soya balmumu<\/a>&nbsp;veya balmumunun yan\u0131 s\u0131ra&nbsp;<a>do\u011fal koku ya\u011flar\u0131<\/a>&nbsp;ve do\u011fal malzemelerden yap\u0131lm\u0131\u015f fitiller. Baz\u0131 \u00e7evre dostu mum yap\u0131m kitleri yeniden kullan\u0131labilir kaplar, biyolojik olarak par\u00e7alanabilir ambalajlar ve \u00e7evre a\u00e7\u0131s\u0131ndan s\u00fcrd\u00fcr\u00fclebilir di\u011fer malzemeleri de i\u00e7erebilir.<\/p>\n<p>Bu kitleri \u00e7evre dostu yapan \u015fey, do\u011fal ve toksik olmayan bile\u015fenler kullanarak, at\u0131klar\u0131 azaltarak ve s\u00fcrd\u00fcr\u00fclebilirli\u011fi te\u015fvik ederek \u00e7evre \u00fczerindeki etkiyi en aza indirecek \u015fekilde tasarlanm\u0131\u015f olmalar\u0131d\u0131r. Geleneksel \u00fcr\u00fcnlere harika bir alternatif&nbsp;<a>mum yap\u0131m kitleri<\/a>&nbsp;genellikle parafin mumu kullan\u0131l\u0131r,&nbsp;<a>senteti\u0307k koku ya\u011flari<\/a>ve di\u011fer yenilenemeyen ve potansiyel olarak zararl\u0131 malzemeler.<\/p>\n<h3 style=\"font-size: 19px\">Mevcut \u00e7evre dostu mum yap\u0131m kitlerinin farkl\u0131 t\u00fcrleri nelerdir?<\/h3>\n<p>Her biri belirli ihtiya\u00e7lar ve tercihler i\u00e7in tasarlanm\u0131\u015f birka\u00e7 farkl\u0131 t\u00fcrde \u00e7evre dostu mum yap\u0131m kiti mevcuttur. \u0130\u015fte en yayg\u0131n t\u00fcrlerden baz\u0131lar\u0131:<\/p>\n<ol style=\"list-style-type: decimal\">\n<li>\n<p>Soya mumu mum yap\u0131m kitleri: Bu kitler \u015funlar\u0131 i\u00e7erir&nbsp;<a>do\u011fal soya mumu<\/a>yenilenebilir bir kaynakt\u0131r ve biyolojik olarak par\u00e7alanabilir.&nbsp;<a>Soya mumlar\u0131<\/a>&nbsp;temiz yanar ve uzun yanma s\u00fcresine sahiptir.<\/p>\n<\/li>\n<li>\n<p>Balmumu mum yap\u0131m kitleri: Bu kitler, ayn\u0131 zamanda yenilenebilir bir kaynak olan ve biyolojik olarak par\u00e7alanabilen do\u011fal balmumu i\u00e7erir.&nbsp;<a>Balmumu mumlar<\/a>&nbsp;do\u011fal bir&nbsp;<a>bal kokusu<\/a>&nbsp;ve havay\u0131 temizlemeye yard\u0131mc\u0131 olabilecek negatif iyonlar \u00fcretir.<\/p>\n<\/li>\n<li>\n<p>Hindistan cevizi mumu mum yap\u0131m kitleri: Bu kitler \u015funlar\u0131 i\u00e7erir&nbsp;<a>do\u011fal hi\u0307ndi\u0307stan cevi\u0307zi\u0307 balmumu<\/a>s\u00fcrd\u00fcr\u00fclebilir ve yenilenebilir bir kaynakt\u0131r.&nbsp;<a>Hindistan cevizi mumu mumlar<\/a>&nbsp;kremsi bir dokuya ve temiz bir yanmaya sahiptir.<\/p>\n<\/li>\n<li>\n<p>U\u00e7ucu ya\u011f mum yap\u0131m kitleri: Bu kitler \u015funlar\u0131 i\u00e7erir&nbsp;<a>do\u011fal u\u00e7ucu ya\u011flar<\/a>bitkilerden elde edilir ve tedavi edici \u00f6zelliklere sahiptir.&nbsp;<a>Temel<\/a>&nbsp;Ya\u011f mumlar\u0131 do\u011fal ve rahatlat\u0131c\u0131 bir aroma sa\u011flayabilir.<\/p>\n<\/li>\n<li>\n<p>Vegan&nbsp;<a>mum yap\u0131m kitleri<\/a>: Bu kitler, hayvansal kaynakl\u0131 hi\u00e7bir bile\u015fen i\u00e7ermeyen do\u011fal bitki bazl\u0131 mumlar ve fitiller i\u00e7erir. Vegan ya\u015fam tarz\u0131n\u0131 benimseyenler i\u00e7in m\u00fckemmel bir se\u00e7imdir.<\/p>\n<\/li>\n<li>\n<p>\u0130leri d\u00f6n\u00fc\u015f\u00fcml\u00fc mum yap\u0131m kitleri: Bu kitler, kullan\u0131lm\u0131\u015f mum mumu veya geri d\u00f6n\u00fc\u015ft\u00fcr\u00fclm\u00fc\u015f cam kaplar gibi yeniden kullan\u0131lm\u0131\u015f veya ileri d\u00f6n\u00fc\u015ft\u00fcr\u00fclm\u00fc\u015f malzemeler i\u00e7erir. At\u0131klar\u0131 azaltmak ve s\u00fcrd\u00fcr\u00fclebilirli\u011fi te\u015fvik etmek isteyenler i\u00e7in harika bir se\u00e7imdir.<\/p>\n<\/li>\n<\/ol>\n<p>\u00c7evre dostu mum yap\u0131m kitinin se\u00e7imi, kitte kullan\u0131lan belirli i\u00e7erik ve malzemelerin yan\u0131 s\u0131ra bireysel tercihlere de ba\u011fl\u0131 olacakt\u0131r. De\u011ferlerinizle uyumlu ve s\u00fcrd\u00fcr\u00fclebilirli\u011fi te\u015fvik eden bir kit se\u00e7mek \u00f6nemlidir.<\/p>\n<h3 style=\"font-size: 19px\">\u0130htiya\u00e7lar\u0131n\u0131z i\u00e7in do\u011fru \u00e7evre dostu mum yap\u0131m kitini nas\u0131l se\u00e7ersiniz?<\/h3>\n<p>\u0130htiya\u00e7lar\u0131n\u0131z i\u00e7in do\u011fru \u00e7evre dostu mum yap\u0131m kitini se\u00e7erken g\u00f6z \u00f6n\u00fcnde bulundurman\u0131z gereken \u00e7e\u015fitli fakt\u00f6rler vard\u0131r. \u0130\u015fte ak\u0131lda tutulmas\u0131 gereken baz\u0131 temel fakt\u00f6rler:<\/p>\n<ol style=\"list-style-type: decimal\">\n<li>\n<p>A\u011fda t\u00fcr\u00fc: Kitte kullan\u0131lan balmumu t\u00fcr\u00fcn\u00fc g\u00f6z \u00f6n\u00fcnde bulundurun. Soya mumu, balmumu ve hindistan cevizi mumu \u00e7evre dostu mum yap\u0131m\u0131 i\u00e7in pop\u00fcler se\u00e7eneklerdir. Her balmumu t\u00fcr\u00fcn\u00fcn kendine \u00f6zg\u00fc \u00f6zellikleri vard\u0131r, \u00f6rne\u011fin <a>yanma s\u00fcresi<\/a>&nbsp;Ve&nbsp;<a>koku atmak<\/a>Bu nedenle ihtiya\u00e7lar\u0131n\u0131za en uygun olan\u0131 se\u00e7in.<\/p>\n<\/li>\n<li>\n<p>Koku ya\u011flar\u0131: E\u011fer isterseniz&nbsp;<a>kokulu mumlar<\/a>Kitte kullan\u0131lan koku ya\u011flar\u0131n\u0131n t\u00fcr\u00fcn\u00fc g\u00f6z \u00f6n\u00fcnde bulundurun. A\u015fa\u011f\u0131dakileri kullanan kitleri aray\u0131n&nbsp;<a>do\u011fal koku ya\u011flar\u0131<\/a>&nbsp;yap\u0131lm\u0131\u015f&nbsp;<a>u\u00e7ucu ya\u011flar<\/a>&nbsp;veya bitki \u00f6zleri.<\/p>\n<\/li>\n<li>\n<p><a>Fitil malzemesi<\/a>: Kitte kullan\u0131lan fitil t\u00fcr\u00fcn\u00fc g\u00f6z \u00f6n\u00fcnde bulundurun. A\u015fa\u011f\u0131dakileri kullanan bir kit se\u00e7in&nbsp;<a>do\u011fal fitiller<\/a>&nbsp;pamuk, kenevir veya di\u011fer do\u011fal malzemelerden yap\u0131lm\u0131\u015f.<\/p>\n<\/li>\n<li>\n<p><a>Konteyner se\u00e7enekleri<\/a>: Kitle birlikte gelen kap se\u00e7eneklerini g\u00f6z \u00f6n\u00fcnde bulundurun. At\u0131klar\u0131 azaltmak i\u00e7in yeniden kullan\u0131labilir veya biyolojik olarak par\u00e7alanabilir kaplar i\u00e7eren kitleri aray\u0131n.<\/p>\n<\/li>\n<li>\n<p>Kullan\u0131m kolayl\u0131\u011f\u0131: Kiti kullanmak i\u00e7in gereken deneyim d\u00fczeyini g\u00f6z \u00f6n\u00fcnde bulundurun. A\u00e7\u0131k ve takip etmesi kolay talimatlar\u0131n yan\u0131 s\u0131ra gerekli t\u00fcm malzemeleri i\u00e7eren bir kit aray\u0131n.<\/p>\n<\/li>\n<li>\n<p>Fiyat: Kitin fiyat\u0131n\u0131 g\u00f6z \u00f6n\u00fcnde bulundurun. B\u00fct\u00e7enize uygun olan\u0131 bulmak i\u00e7in farkl\u0131 kitleri kar\u015f\u0131la\u015ft\u0131r\u0131n.<\/p>\n<\/li>\n<\/ol>\n<p>Bu fakt\u00f6rleri g\u00f6z \u00f6n\u00fcnde bulundurarak, ihtiya\u00e7lar\u0131n\u0131za uyan ve s\u00fcrd\u00fcr\u00fclebilirli\u011fi destekleyen \u00e7evre dostu bir mum yap\u0131m kiti se\u00e7ebilirsiniz.<\/p>\n<h3 style=\"font-size: 19px\">\u00c7evre dostu bir mum yap\u0131m kiti kullanman\u0131n faydalar\u0131 nelerdir?<\/h3>\n<p>\u00c7evre dostu bir mum yap\u0131m kiti kullanman\u0131n a\u015fa\u011f\u0131dakiler de dahil olmak \u00fczere \u00e7e\u015fitli faydalar\u0131 vard\u0131r:<\/p>\n<ol style=\"list-style-type: decimal\">\n<li>\n<p>\u00c7evresel olarak s\u00fcrd\u00fcr\u00fclebilir: \u00c7evre dostu&nbsp;<a>mum yap\u0131m kitleri<\/a>&nbsp;gibi do\u011fal ve yenilenebilir kaynaklar\u0131 kullanmak&nbsp;<a>soya balmumu<\/a>balmumu ve&nbsp;<a>hindistan cevizi mumu<\/a>biyolojik olarak par\u00e7alanabilir ve \u00e7evresel olarak s\u00fcrd\u00fcr\u00fclebilirdir. Bu t\u00fcr malzemelerin kullan\u0131lmas\u0131 s\u00fcrd\u00fcr\u00fclebilirli\u011fi te\u015fvik etmekte ve mum yap\u0131m\u0131n\u0131n \u00e7evresel etkisini azaltmaktad\u0131r.<\/p>\n<\/li>\n<li>\n<p>Toksik de\u011fildir: \u00c7evre dostu mum yap\u0131m kitleri kullan\u0131m\u0131&nbsp;<a>do\u011fal koku ya\u011flar\u0131<\/a>&nbsp;ve fitiller toksik olmayan ve zararl\u0131 kimyasallar i\u00e7ermeyen do\u011fal malzemelerden yap\u0131lm\u0131\u015ft\u0131r. Bu da onlar\u0131 hem \u00e7evre hem de mumlar\u0131 kullananlar i\u00e7in daha g\u00fcvenli ve sa\u011fl\u0131kl\u0131 bir se\u00e7enek haline getirmektedir.<\/p>\n<\/li>\n<li>\n<p>Y\u00fcksek kaliteli mumlar: \u00c7evre dostu mum yap\u0131m kitleri, temiz ve e\u015fit \u015fekilde yanan, uzun yanma s\u00fcresine ve do\u011fal kokuya sahip y\u00fcksek kaliteli mumlar \u00fcretir. Ayr\u0131ca genellikle elle d\u00f6k\u00fcl\u00fcrler, bu da ki\u015fisel bir dokunu\u015f katar ve her mumun benzersiz olmas\u0131n\u0131 sa\u011flar.<\/p>\n<\/li>\n<li>\n<p>Yarat\u0131c\u0131 bir \u00e7\u0131k\u0131\u015f noktas\u0131: Mum yap\u0131m\u0131 yarat\u0131c\u0131 ve rahatlat\u0131c\u0131 bir faaliyet olabilir. \u00c7evre dostu mum yap\u0131m kitleri, kendi mumlar\u0131n\u0131z\u0131 s\u00fcrd\u00fcr\u00fclebilir ve \u00e7evre dostu bir \u015fekilde olu\u015fturman\u0131za ve ayn\u0131 zamanda yarat\u0131c\u0131l\u0131\u011f\u0131n\u0131z\u0131 ifade etmenize olanak tan\u0131r.<\/p>\n<\/li>\n<li>\n<p>Uygun maliyetli: \u00c7evre dostu bir mum yap\u0131m kiti ile kendi mumlar\u0131n\u0131z\u0131 yapmak, ma\u011fazadan sat\u0131n al\u0131nan pahal\u0131 mumlar\u0131 sat\u0131n almak yerine uygun maliyetli bir alternatif olabilir. Kit, gerekli t\u00fcm malzemeleri i\u00e7erir ve istedi\u011finiz kadar mum yapabilirsiniz.<\/p>\n<\/li>\n<\/ol>\n<p>Genel olarak, \u00e7evre dostu bir mum yap\u0131m kiti kullanmak, s\u00fcrd\u00fcr\u00fclebilirli\u011fi te\u015fvik etmek, y\u00fcksek kaliteli mumlar olu\u015fturmak ve yarat\u0131c\u0131 ve rahatlat\u0131c\u0131 bir hobinin tad\u0131n\u0131 \u00e7\u0131karmak i\u00e7in harika bir yoldur.<\/p>\n<h3 style=\"font-size: 19px\">\u00c7evre dostu bir mum yap\u0131m kiti kullanmak ve \u00e7evre dostu mumlar yaratmak i\u00e7in baz\u0131 ipu\u00e7lar\u0131 nelerdir?<\/h3>\n<p>\u0130\u015fte \u00e7evre dostu bir mum yap\u0131m kiti kullanmak ve \u00e7evre dostu mumlar yaratmak i\u00e7in baz\u0131 ipu\u00e7lar\u0131:<\/p>\n<ol style=\"list-style-type: decimal\">\n<li>\n<p>Talimatlar\u0131 dikkatle izleyin: En iyi sonu\u00e7lar\u0131 elde etti\u011finizden emin olmak i\u00e7in kitle birlikte verilen talimatlar\u0131 dikkatle izleyin. Bu ayn\u0131 zamanda mumun kalitesini veya \u00e7evre dostu olmas\u0131n\u0131 tehlikeye atabilecek herhangi bir hatadan ka\u00e7\u0131nman\u0131za yard\u0131mc\u0131 olacakt\u0131r.<\/p>\n<\/li>\n<li>\n<p>Do\u011fal kokular kullan\u0131n: Sentetik kokular yerine u\u00e7ucu ya\u011flar gibi do\u011fal kokular kullan\u0131n. U\u00e7ucu ya\u011flar bitkilerden elde edilir ve zararl\u0131 kimyasallar i\u00e7erebilen sentetik kokulara do\u011fal bir alternatiftir.<\/p>\n<\/li>\n<li>\n<p>Kullan\u0131m&nbsp;<a>do\u011fal fitiller<\/a>: Pamuk, kenevir veya di\u011fer do\u011fal malzemelerden yap\u0131lm\u0131\u015f do\u011fal fitiller kullan\u0131n. Metal veya ba\u015fka maddeler i\u00e7eren fitillerden ka\u00e7\u0131n\u0131n.&nbsp;<a>senteti\u0307k malzemeler<\/a>\u00c7\u00fcnk\u00fc bunlar yand\u0131\u011f\u0131nda zararl\u0131 kimyasallar a\u00e7\u0131\u011fa \u00e7\u0131karabilir.<\/p>\n<\/li>\n<li>\n<p>\u00c7evre dostu kaplar se\u00e7in: Cam, seramik veya metal gibi yeniden kullan\u0131labilen veya geri d\u00f6n\u00fc\u015ft\u00fcr\u00fclebilen \u00e7evre dostu kaplar se\u00e7in. Biyolojik olarak par\u00e7alanamayan ve \u00e7evre kirlili\u011fine katk\u0131da bulunabilen plastik kaplar\u0131 kullanmaktan ka\u00e7\u0131n\u0131n.<\/p>\n<\/li>\n<li>\n<p>S\u00fcrd\u00fcr\u00fclebilir ambalaj kullan\u0131n: Biyolojik olarak par\u00e7alanabilen po\u015fetler gibi s\u00fcrd\u00fcr\u00fclebilir ambalajlar kullan\u0131n veya&nbsp;<a>geri d\u00f6n\u00fc\u015ft\u00fcr\u00fclm\u00fc\u015f ka\u011f\u0131t<\/a>at\u0131klar\u0131 azaltmak ve s\u00fcrd\u00fcr\u00fclebilirli\u011fi te\u015fvik etmek.<\/p>\n<\/li>\n<li>\n<p>Enerji kullan\u0131m\u0131n\u0131za dikkat edin: Mum yaparken enerji kullan\u0131m\u0131n\u0131za dikkat edin ve enerji tasarruflu cihazlar ve ayd\u0131nlatma kullanmaya \u00e7al\u0131\u015f\u0131n. Bu, enerji t\u00fcketiminizi azaltmaya yard\u0131mc\u0131 olacakt\u0131r.&nbsp;<a>karbon ayak izi<\/a>&nbsp;ve mum yap\u0131m s\u00fcrecinizi daha \u00e7evre dostu hale getirin.<\/p>\n<\/li>\n<li>\n<p>At\u0131klar\u0131 uygun \u015fekilde bertaraf edin: Fazla balmumu veya kullan\u0131lm\u0131\u015f malzemeler gibi mum yap\u0131m s\u00fcrecinden kaynaklanan t\u00fcm at\u0131klar\u0131 uygun \u015fekilde at\u0131n. At\u0131klar\u0131 azaltmak i\u00e7in bu malzemeleri geri d\u00f6n\u00fc\u015ft\u00fcr\u00fcn veya sorumlu bir \u015fekilde at\u0131n.<\/p>\n<\/li>\n<\/ol>\n<p>Bu ipu\u00e7lar\u0131n\u0131 takip ederek, g\u00fcvenli, s\u00fcrd\u00fcr\u00fclebilir ve \u00e7evre dostu \u00e7evre dostu mum yap\u0131m kiti yapabilirsiniz.<\/p><\/p>","protected":false},"excerpt":{"rendered":"<p>Bu Tatil sezonunda birlikte ge\u00e7irece\u011fimiz zaman\u0131 en iyi \u015fekilde de\u011ferlendirin. Kendin Yap \u00e7evre dostu mum yap\u0131m\u0131 kitlerimiz, herkesi aileyle \u00e7ok fazla vakit ge\u00e7irmekten korkmamaya, bunu benimsemeye te\u015fvik edecek! Seti aileniz i\u00e7in bir aktivite olarak veya \u00f6zel biri i\u00e7in d\u00fc\u015f\u00fcnceli bir hediye olarak al\u0131n. Ev yap\u0131m\u0131 mumlar\u0131n\u0131z\u0131 birine hediye edin veya kendinize saklay\u0131n!<\/p>\n<p>Setin i\u00e7indekiler: Eko mum, fitiller, do\u011fal kokulu ya\u011flar (lavanta, g\u00fcl, nane), cam \u00f6l\u00e7\u00fcm kab\u0131, fitili kar\u0131\u015ft\u0131rmak ve sabitlemek i\u00e7in \u00e7ubuklar ve kapakl\u0131 metal kaplar.<\/p>\n<p>El yaz\u0131s\u0131 notu (iste\u011fe ba\u011fl\u0131)<\/p>\n<p>bu bir hediye mi? K\u0131sa bir mesaj yaz\u0131n ve el yaz\u0131s\u0131yla yaz\u0131lm\u0131\u015f g\u00fczel bir kart ekleyelim<\/p>\n<p>\u00c7evre dostu mum yapma seti, \u00e7evre dostu ve s\u00fcrd\u00fcr\u00fclebilir malzemeler kullanarak mum yapmak i\u00e7in gereken eksiksiz bir malzeme ve talimatlar setidir. Bu kitler soya mumu, balmumu, u\u00e7ucu ya\u011flar, fitiller, kavanozlar veya kaplar ve di\u011fer mum yap\u0131m\u0131 malzemelerini i\u00e7erebilir.<\/p>","protected":false},"featured_media":17820,"comment_status":"closed","ping_status":"closed","template":"","meta":[],"product_cat":[225],"product_tag":[811,815,358,812,814,813,810,817,816],"acf":[],"_links":{"self":[{"href":"https:\/\/www.garden-kit.com\/tr\/wp-json\/wp\/v2\/product\/6846"}],"collection":[{"href":"https:\/\/www.garden-kit.com\/tr\/wp-json\/wp\/v2\/product"}],"about":[{"href":"https:\/\/www.garden-kit.com\/tr\/wp-json\/wp\/v2\/types\/product"}],"replies":[{"embeddable":true,"href":"https:\/\/www.garden-kit.com\/tr\/wp-json\/wp\/v2\/comments?post=6846"}],"wp:featuredmedia":[{"embeddable":true,"href":"https:\/\/www.garden-kit.com\/tr\/wp-json\/wp\/v2\/media\/17820"}],"wp:attachment":[{"href":"https:\/\/www.garden-kit.com\/tr\/wp-json\/wp\/v2\/media?parent=6846"}],"wp:term":[{"taxonomy":"product_cat","embeddable":true,"href":"https:\/\/www.garden-kit.com\/tr\/wp-json\/wp\/v2\/product_cat?post=6846"},{"taxonomy":"product_tag","embeddable":true,"href":"https:\/\/www.garden-kit.com\/tr\/wp-json\/wp\/v2\/product_tag?post=6846"}],"curies":[{"name":"wp","href":"https:\/\/api.w.org\/{rel}","templated":true}]}}