{"id":6859,"date":"2022-11-11T18:53:57","date_gmt":"2022-11-11T10:53:57","guid":{"rendered":"https:\/\/www.garden-kit.com\/product\/party-6-color-tie-dye-kit\/"},"modified":"2024-03-07T10:33:04","modified_gmt":"2024-03-07T02:33:04","slug":"party-6-color-tie-dye-kit","status":"publish","type":"product","link":"https:\/\/www.garden-kit.com\/tr\/product\/party-6-color-tie-dye-kit\/","title":{"rendered":"Parti 6 Renkli Batik \u00c7anta Seti"},"content":{"rendered":"<p><span style=\"font-family: 'PingFang SC', 'Microsoft YaHei', sans-serif;font-size: 16px\" class=\"a-list-item\">Tulip Party Pack 6-Renkli Tek Ad\u0131ml\u0131 Batik Kiti, temel g\u00f6kku\u015fa\u011f\u0131 paletinde (K\u0131rm\u0131z\u0131, Turuncu, Sar\u0131, Ye\u015fil, Turkuaz, Mor) alt\u0131 (16 fl. oz.) Tek Ad\u0131ml\u0131 Boyan\u0131n yan\u0131 s\u0131ra eldivenler, lastik bantlar ve bir proje k\u0131lavuzu i\u00e7erir. 72 projeye kadar boyar. T\u00fcm Tulip One-Step Boyalar\u0131 toksik de\u011fildir ve her ya\u015ftan veya deneyim seviyesinden zanaatkarlar i\u00e7in g\u00fcvenlidir. Tek Ad\u0131mda Boyalar, do\u011fal elyaf kuma\u015flar \u00fczerinde en iyi ve en parlak olacak \u015fekilde form\u00fcle edilmi\u015ftir. Boyalar makinede y\u0131kamak i\u00e7in g\u00fcvenlidir - renkler tekrarlanan y\u0131kamalarda koyu kal\u0131r.<\/span><\/p>\n<p><span style=\"font-family: 'PingFang SC', 'Microsoft YaHei', sans-serif;font-size: 16px\" class=\"a-list-item\"><\/span><\/p>\n<ul>\n<li><span style=\"font-family: 'PingFang SC', 'Microsoft YaHei', sans-serif;font-size: 16px\" class=\"a-list-item\">Kit, 72&#039;ye kadar proje olu\u015fturmaya yetecek kadar boya i\u00e7erir<\/span><\/li>\n<li><span style=\"font-family: 'PingFang SC', 'Microsoft YaHei', sans-serif;font-size: 16px\" class=\"a-list-item\">En \u00e7ok satan batik renkleri jumbo boyutlu bir kitte<\/span><\/li>\n<li><span style=\"font-family: 'PingFang SC', 'Microsoft YaHei', sans-serif;font-size: 16px\" class=\"a-list-item\">6 adet 16 oz'luk ekstra b\u00fcy\u00fck \u015fi\u015fe y\u00fcksek konsantrasyonlu, toksik olmayan Tek Ad\u0131ml\u0131 Boya i\u00e7erir. Etkinle\u015ftirmek i\u00e7in sadece su ekleyin<\/span><\/li>\n<li><span style=\"font-family: 'PingFang SC', 'Microsoft YaHei', sans-serif;font-size: 16px\" class=\"a-list-item\">Aralar\u0131ndan se\u00e7im yapabilece\u011finiz 8&#039;den fazla batik g\u00f6r\u00fcn\u00fcm\u00fc i\u00e7eren ad\u0131m ad\u0131m teknik k\u0131lavuzu i\u00e7erir<\/span><\/li>\n<li><span style=\"font-family: 'PingFang SC', 'Microsoft YaHei', sans-serif;font-size: 16px\" class=\"a-list-item\">Boyalar\u0131n makinede y\u0131kanmas\u0131 g\u00fcvenlidir; tekrarlanan y\u0131kamalarda renkler parlak ve koyu kal\u0131r<\/span><\/li>\n<\/ul>\n<p><span style=\"font-family: 'PingFang SC', 'Microsoft YaHei', sans-serif;font-size: 16px\" class=\"a-list-item\"><\/span><\/p>\n<p><span style=\"font-family: 'PingFang SC', 'Microsoft YaHei', sans-serif;font-size: 16px\" class=\"a-list-item\">Proje say\u0131s\u0131, giysinin boyutuna ve kullan\u0131lan boya miktar\u0131na ba\u011fl\u0131 olarak de\u011fi\u015fecektir. Boyalar y\u0131kamadan \u00f6nce nemli kuma\u015f \u00fczerinde daha koyu g\u00f6r\u00fcnecek ve y\u0131kamadan sonra do\u011fal olarak a\u00e7\u0131lacakt\u0131r. Boyalar y\u0131kamadan \u00f6nce nemli kuma\u015f \u00fczerinde daha koyu g\u00f6r\u00fcnecek ve y\u0131kamadan sonra do\u011fal olarak a\u00e7\u0131lacakt\u0131r.<\/span><span class=\"a-list-item\" style=\"font-size: 16px;font-family: 'PingFang SC', 'Microsoft YaHei', sans-serif\"><\/span><span style=\"font-family: 'PingFang SC', 'Microsoft YaHei', sans-serif;font-size: 16px\" class=\"a-list-item\"><\/span><\/p>\n<h3 style=\"font-size: 19px\">Bize nas\u0131l?<\/h3>\n<ol>\n<li><span style=\"font-family: 'PingFang SC', 'Microsoft YaHei', sans-serif;font-size: 16px\" class=\"a-list-item\">\u00c7al\u0131\u015fma y\u00fczeyini plastik bir masa \u00f6rt\u00fcs\u00fc veya \u00e7\u00f6p torbalar\u0131 ile koruyun. Bir kat ka\u011f\u0131t havlu ile \u00f6rt\u00fcn.<\/span><\/li>\n<li><span style=\"font-family: 'PingFang SC', 'Microsoft YaHei', sans-serif;font-size: 16px\" class=\"a-list-item\">Ha\u015f\u0131l s\u00f6kmek i\u00e7in kuma\u015f\u0131 \u00f6nceden y\u0131kay\u0131n. Yumu\u015fat\u0131c\u0131 veya kurutucu kullanmay\u0131n.<\/span><\/li>\n<li><span style=\"font-family: 'PingFang SC', 'Microsoft YaHei', sans-serif;font-size: 16px\" class=\"a-list-item\">\u0130stedi\u011finiz tekni\u011fi se\u00e7in. Islak tekni\u011fi kullan\u0131yorsan\u0131z, do\u011frudan y\u0131kay\u0131c\u0131dan kullan\u0131n. Kuru tekni\u011fi kullan\u0131yorsan\u0131z, \u00f6nce kuma\u015f\u0131 kurutucuda kurutun.<\/span><\/li>\n<li><span style=\"font-family: 'PingFang SC', 'Microsoft YaHei', sans-serif;font-size: 16px\" class=\"a-list-item\">Lastik eldiven giyerek boya \u015fi\u015fesine su ekleyin ve \u00e7izgiye kadar doldurun. Kapa\u011f\u0131 s\u0131k\u0131ca yerine tak\u0131n. Boya \u00e7\u00f6z\u00fclene kadar \u00e7alkalay\u0131n. Yo\u011fun renkler i\u00e7in tam g\u00fc\u00e7 kullan\u0131n. Daha a\u00e7\u0131k bir renk tonu i\u00e7in, gerekirse ekstra bir \u015fi\u015fe kullanarak daha fazla su ekleyin.<\/span><\/li>\n<li><span style=\"font-family: 'PingFang SC', 'Microsoft YaHei', sans-serif;font-size: 16px\" class=\"a-list-item\">Boyan\u0131n k\u0131r\u0131\u015f\u0131kl\u0131klara ve k\u0131vr\u0131mlara n\u00fcfuz etti\u011finden emin olmak i\u00e7in boyay\u0131 kuma\u015fa uygulay\u0131n. Kuma\u015f\u0131 a\u015f\u0131r\u0131 doygun hale getirmeyin. Boya renkleri birbirine \u00e7ok yak\u0131n uygulan\u0131rsa, renkler bulan\u0131kla\u015fabilir. Boyan\u0131n arka tarafa n\u00fcfuz etti\u011finden emin olmak i\u00e7in kuma\u015f par\u00e7as\u0131n\u0131n arka taraf\u0131n\u0131 kontrol edin. E\u011fer ge\u00e7memi\u015fse, kuma\u015f\u0131 dikkatlice ters \u00e7evirin ve boya ekleyin. <\/span><\/li>\n<li><span style=\"font-family: 'PingFang SC', 'Microsoft YaHei', sans-serif;font-size: 16px\" class=\"a-list-item\">Boyanm\u0131\u015f kuma\u015f\u0131 nemli tutmak i\u00e7in plastik bir \u00f6rt\u00fc ile \u00f6rt\u00fcn. En yo\u011fun renkler i\u00e7in 6-8 saat veya daha uzun s\u00fcre bekletin. Boyal\u0131 kuma\u015f\u0131, t\u00fcm ekstra boya \u00e7\u0131kana ve su berrak akana kadar \u0131l\u0131k suda tamamen durulay\u0131n - kullan\u0131lm\u0131\u015fsa lastik bantlar\u0131 \u00e7\u0131kar\u0131n.<\/span><\/li>\n<li><span style=\"font-family: 'PingFang SC', 'Microsoft YaHei', sans-serif;font-size: 16px\" class=\"a-list-item\">\u00c7ama\u015f\u0131r makinesini kuma\u015fa uygun en s\u0131cak su ve az miktarda \u00e7ama\u015f\u0131r sabunu ile b\u00fcy\u00fck y\u00fck ayar\u0131na kadar doldurun. Ayr\u0131 y\u0131kay\u0131n ve kurutun. 8. \u0130lk birka\u00e7 y\u0131kamada ayr\u0131 y\u0131kay\u0131n. Boyal\u0131 kuma\u015f\u0131n di\u011fer e\u015fyalar\u0131n \u00fczerinde \u0131slak kalmas\u0131na izin vermeyin.<\/span><\/li>\n<\/ol>\n<h3 style=\"font-size: 19px\">Batik boya torbas\u0131 kitini kullanmayla ilgili \u00f6nlemler<\/h3>\n<p>Batik boya torbas\u0131 kitini kullanmak i\u00e7in baz\u0131 \u00f6nlemler \u015funlard\u0131r:<\/p>\n<ol>\n<li>Eldiven giyin: Batik da\u011f\u0131n\u0131k olabilir ve kitte kullan\u0131lan boyalar cildinizi lekeleyebilir. Bu nedenle kiti kullan\u0131rken eldiven giymeniz tavsiye edilir.<\/li>\n<li>\u00c7al\u0131\u015fma alan\u0131n\u0131z\u0131 koruyun: Batik boya y\u00fczeyleri de lekeleyebilir, bu nedenle korumal\u0131 bir y\u00fczey \u00fczerinde \u00e7al\u0131\u015ft\u0131\u011f\u0131n\u0131zdan emin olun. \u00c7al\u0131\u015fma alan\u0131n\u0131z\u0131 korumak i\u00e7in plastik tabakalar, gazeteler veya karton kullanabilirsiniz.<\/li>\n<li>Kiti iyi havaland\u0131r\u0131lan bir alanda kullan\u0131n: Boyama i\u015fleminde kullan\u0131lan kimyasallar, solunmas\u0131 halinde zararl\u0131 olabilecek dumanlar \u00e7\u0131karabilir. Bu nedenle kiti iyi havaland\u0131r\u0131lm\u0131\u015f bir alanda kulland\u0131\u011f\u0131n\u0131zdan emin olun.<\/li>\n<li>Talimatlar\u0131 dikkatlice izleyin: Her batik kiti farkl\u0131d\u0131r, bu nedenle talimatlar\u0131 dikkatlice okudu\u011funuzdan ve uygulad\u0131\u011f\u0131n\u0131zdan emin olun. Bu, kitten en iyi sonu\u00e7lar\u0131 alman\u0131z\u0131 sa\u011flayacakt\u0131r.<\/li>\n<li>Torbay\u0131 iyice durulay\u0131n: Torbay\u0131 boyad\u0131ktan sonra fazla boyay\u0131 gidermek i\u00e7in iyice durulay\u0131n. Torbay\u0131 durulamak i\u00e7in hortum veya lavabo kullanabilirsiniz, ancak bunu boyan\u0131n hi\u00e7bir \u015feyi lekelemeyece\u011fi belirlenmi\u015f bir alanda yapt\u0131\u011f\u0131n\u0131zdan emin olun.<\/li>\n<li>Torbay\u0131 ayr\u0131 y\u0131kay\u0131n: Torbay\u0131 y\u0131karken di\u011fer giysilerden ayr\u0131 y\u0131kay\u0131n, \u00e7\u00fcnk\u00fc boya di\u011fer giysilere akabilir ve lekeleyebilir.<\/li>\n<\/ol>\n<h3 style=\"font-size: 19px\">Batik boya torbas\u0131 kitinin avantajlar\u0131<\/h3>\n<p>Bir batik boya torbas\u0131 kitinin a\u015fa\u011f\u0131dakiler de dahil olmak \u00fczere \u00e7e\u015fitli avantajlar\u0131 vard\u0131r:<\/p>\n<ol style=\"list-style-type: decimal\">\n<li>\n<p>Yarat\u0131c\u0131l\u0131k ve E\u011flence: Kravat boyama, ki\u015fili\u011finizi ifade etmenize ve benzersiz tasar\u0131mlar yaratman\u0131za olanak tan\u0131yan e\u011flenceli ve yarat\u0131c\u0131 bir aktivitedir. Batik \u00e7anta seti ile tarz\u0131n\u0131z\u0131 yans\u0131tan, kendinize \u00f6zel \u00e7antan\u0131z\u0131 yapabilirsiniz.<\/p>\n<\/li>\n<li>\n<p>Uygun fiyatl\u0131: Batik boya \u00e7antas\u0131 kitleri genellikle \u00e7ok uygun fiyatl\u0131d\u0131r ve boyalar, eldivenler ve talimatlar da dahil olmak \u00fczere ba\u015flaman\u0131z i\u00e7in ihtiyac\u0131n\u0131z olan her \u015feyi size sa\u011flar.<\/p>\n<\/li>\n<li>\n<p>Kullan\u0131m\u0131 Kolay: Kravat boyama, minimum ekipman gerektiren ve evinizin rahatl\u0131\u011f\u0131nda yap\u0131labilen basit bir i\u015flemdir. Batik \u00e7anta seti ile g\u00fczel tasar\u0131mlar yaratmak i\u00e7in \u00f6nceden herhangi bir deneyime ihtiyac\u0131n\u0131z yok.<\/p>\n<\/li>\n<li>\n<p>\u00d6zelle\u015ftirilebilir: Batik boyama, ki\u015fili\u011finizi yans\u0131tan benzersiz tasar\u0131mlar olu\u015fturman\u0131za olanak tan\u0131r. Batik \u00e7anta seti ile kendi renklerinizi ve desenlerinizi se\u00e7erek benzersiz bir \u00e7anta olu\u015fturabilirsiniz.<\/p>\n<\/li>\n<li>\n<p>\u00c7evre Dostu: Kravat boyama, do\u011fal boyalar ve geri d\u00f6n\u00fc\u015ft\u00fcr\u00fclm\u00fc\u015f malzemelerle yap\u0131labilecek s\u00fcrd\u00fcr\u00fclebilir ve \u00e7evre dostu bir faaliyettir. Batik \u00e7anta kitiyle eski bir \u00e7antay\u0131 yeniden de\u011ferlendirebilir ve ona yeni bir hayat verebilirsiniz.<\/p>\n<\/li>\n<\/ol>\n<h3 style=\"font-size: 19px\">Batik boya torbas\u0131 kiti i\u00e7in SSS<\/h3>\n<p>1. S: Batik boya torbas\u0131 seti nedir?<br \/>C: Batik boya \u00e7antas\u0131 seti, bir kuma\u015f \u00e7anta \u00fczerinde kendi benzersiz batik boya tasar\u0131mlar\u0131n\u0131z\u0131 olu\u015fturman\u0131za olanak tan\u0131yan bir dizi malzemedir.<\/p>\n<p>2. Soru: Batik boya \u00e7antas\u0131 kitinde genellikle ne bulunur?<br \/>C: Batik boya \u00e7antas\u0131 kiti genellikle d\u00fcz bir kuma\u015f \u00e7anta, boya, eldiven, lastik bantlar ve talimatlar i\u00e7erir.<\/p>\n<p>3. S: Batik boya \u00e7antas\u0131 kitini nas\u0131l kullan\u0131r\u0131m?<br \/>C: \u00d6ncelikle \u00e7al\u0131\u015fma alan\u0131n\u0131z\u0131 haz\u0131rlaman\u0131z ve eldivenleri giymeniz gerekecek. Daha sonra paket lasti\u011fini kullanarak \u00e7antan\u0131n \u00fczerinde istedi\u011finiz deseni olu\u015fturacaks\u0131n\u0131z. Daha sonra boyay\u0131 talimatlara g\u00f6re kar\u0131\u015ft\u0131r\u0131n ve torbaya uygulay\u0131n. Boyan\u0131n \u00f6nerilen s\u00fcre boyunca kurumas\u0131n\u0131 bekleyin, ard\u0131ndan torbay\u0131 durulay\u0131n ve y\u0131kay\u0131n.<\/p>\n<p>4. S: Batik boya torbas\u0131 kitlerinin kullan\u0131m\u0131 g\u00fcvenli midir?<br \/>C: Evet, batik boya torbas\u0131 kitlerinin kullan\u0131m\u0131 genellikle g\u00fcvenlidir ancak boyayla \u00e7al\u0131\u015f\u0131rken talimatlar\u0131 dikkatlice takip etmek ve gerekli \u00f6nlemleri almak \u00f6nemlidir.<\/p>\n<p>5. S: Batik \u00e7anta kitini, birlikte verilen \u00e7antan\u0131n yan\u0131 s\u0131ra ba\u015fka kuma\u015flarda da kullanabilir miyim?<br \/>C: Evet, batik kitlerini di\u011fer kuma\u015flarda da kullanabilirsiniz ancak boyamaya uygun kuma\u015flar se\u00e7ti\u011finizden ve talimatlar\u0131 dikkatli bir \u015fekilde uygulad\u0131\u011f\u0131n\u0131zdan emin olun.<\/p>\n<p>6. S: Batik \u00e7anta kitini yeniden kullanabilir miyim?<br \/>C: Hay\u0131r, batik kitleri genellikle tek kullan\u0131ml\u0131k olarak tasarlanm\u0131\u015ft\u0131r ve yeniden kullan\u0131ld\u0131\u011f\u0131nda ayn\u0131 \u015fekilde \u00e7al\u0131\u015fmayabilir. Ancak batik boyamaya kendi ba\u015f\u0131n\u0131za devam etmek i\u00e7in ek boya ve di\u011fer malzemeleri sat\u0131n alabilirsiniz.<\/p>\n<p>7. Soru: Batik \u00e7anta kitini kullanarak batik \u00e7antay\u0131 tamamlamak ne kadar s\u00fcrer?<br \/>C: Batik boya \u00e7antas\u0131n\u0131 batik \u00e7antas\u0131 kiti kullanarak tamamlamak i\u00e7in gereken s\u00fcre de\u011fi\u015febilir, ancak genellikle ba\u015flang\u0131\u00e7tan biti\u015fe kadar birka\u00e7 saat s\u00fcrer.<\/p>\n<\/p>\n<p>Batik \u00e7anta kitleri \u00e7ok y\u00f6nl\u00fc uygulamalar sunarak bireylerin \u00e7antalar\u0131n\u0131 \u00e7e\u015fitli \u015fekillerde \u00f6zelle\u015ftirirken yarat\u0131c\u0131l\u0131klar\u0131n\u0131 ke\u015ffetmelerine olanak tan\u0131r. \u0130\u015fte batik \u00e7anta kitleri i\u00e7in \u00e7e\u015fitli uygulamalar:<\/p>\n<p><strong>Moda ve Stil:<\/strong><\/p>\n<ul>\n<li>Ki\u015fiselle\u015ftirilmi\u015f Aksesuarlar: Batik \u00e7anta kitleri ki\u015fiselle\u015ftirilmi\u015f aksesuarlar\u0131n yarat\u0131lmas\u0131n\u0131 sa\u011flar. Kullan\u0131c\u0131lar benzersiz batik desenlere sahip bez \u00e7antalar, s\u0131rt \u00e7antalar\u0131 veya keseler tasarlayarak tarzlar\u0131na bireysellik katabilirler.<\/li>\n<li>Moda \u0130fadeleri: \u00c7antalar\u0131n batik desenlerle \u00f6zelle\u015ftirilmesi, bireylerin moda ifadeleri olu\u015fturmas\u0131na olanak tan\u0131r. Bu benzersiz tasar\u0131ml\u0131 \u00e7antalar k\u0131yafetleri tamamlayabilir, ki\u015fisel tarz\u0131 ve yarat\u0131c\u0131l\u0131\u011f\u0131 sergileyebilir.<\/li>\n<\/ul>\n<p><strong>Sanatsal \u0130fade:<\/strong><\/p>\n<ul>\n<li>Sanat Projeleri: Batik \u00e7anta kitleri sanat projeleri i\u00e7in m\u00fckemmeldir. Sanatsal ifade i\u00e7in bir tuval g\u00f6revi g\u00f6r\u00fcrler ve kullan\u0131c\u0131lar\u0131n farkl\u0131 boya teknikleri, renk kombinasyonlar\u0131 ve desenleri denemelerine olanak tan\u0131rlar.<\/li>\n<li>\u0130\u015f\u00e7ilik ve Kendin Yap: Bu kitler el i\u015fi ve kendin yap merakl\u0131lar\u0131 i\u00e7in idealdir. Yarat\u0131c\u0131l\u0131k i\u00e7in bir \u00e7\u0131k\u0131\u015f noktas\u0131 sunarak, kullan\u0131labilecek veya hediye edilebilecek el yap\u0131m\u0131, t\u00fcr\u00fcn\u00fcn tek \u00f6rne\u011fi \u00e7antalar\u0131n olu\u015fturulmas\u0131n\u0131 sa\u011flarlar.<\/li>\n<\/ul>\n<p><strong>Pratik Uygulamalar:<\/strong><\/p>\n<ul>\n<li>Hediyeler ve Hat\u0131ra E\u015fyalar\u0131: El yap\u0131m\u0131 batik \u00e7antalar d\u00fc\u015f\u00fcnceli hediyeler veya hat\u0131ra e\u015fyalar\u0131d\u0131r. Manevi de\u011fer ta\u015f\u0131rlar ve belirli durumlar veya ki\u015filer i\u00e7in ki\u015fiselle\u015ftirilebilirler.<\/li>\n<li>Pazar veya Al\u0131\u015fveri\u015f \u00c7antalar\u0131: Bu kitlerden olu\u015fturulan batik \u00e7antalar, pazar veya al\u0131\u015fveri\u015f \u00e7antalar\u0131 i\u00e7in pratik ve \u00e7evre dostu alternatifler olabilir. \u00d6zelle\u015ftirilmi\u015f bez \u00e7antalar, tek kullan\u0131ml\u0131k plastiklere olan ba\u011f\u0131ml\u0131l\u0131\u011f\u0131 azalt\u0131rken \u015f\u0131k olabilir.<\/li>\n<\/ul>\n<p><strong>Grup Faaliyetleri ve Etkinlikler:<\/strong><\/p>\n<ul>\n<li>Grup Etkinlikleri: Batik \u00e7anta kitleri partiler, ekip kurma etkinlikleri veya yaz kamplar\u0131 gibi grup etkinlikleri i\u00e7in m\u00fckemmeldir. Kat\u0131l\u0131mc\u0131lar aras\u0131nda i\u015fbirli\u011fini ve yarat\u0131c\u0131l\u0131\u011f\u0131 te\u015fvik eder.<\/li>\n<li>Etkinlik \u00dcr\u00fcnleri: \u00d6zel batik \u00e7antalar festivaller, at\u00f6lye \u00e7al\u0131\u015fmalar\u0131 veya ba\u011f\u0131\u015f toplama etkinlikleri gibi etkinlikler i\u00e7in ticari \u00fcr\u00fcn olarak kullan\u0131labilir. Unutulmaz hat\u0131ralar yarat\u0131r ve topluluk duygusunu te\u015fvik ederler.<\/li>\n<\/ul>\n<p><strong>\u00d6\u011frenme ve E\u011fitim Ama\u00e7lar\u0131:<\/strong><\/p>\n<ul>\n<li>Sanat E\u011fitimi: Batik \u00e7anta kitleri sanat e\u011fitiminde kullan\u0131labilir. \u00d6\u011frencilere renk teorisini, kuma\u015f boyama tekniklerini ve yarat\u0131c\u0131 s\u00fcreci tan\u0131t\u0131rlar.<\/li>\n<li>Terap\u00f6tik Faaliyetler: Batik \u00e7anta \u00f6zelle\u015ftirme ile u\u011fra\u015fman\u0131n terap\u00f6tik faydalar\u0131 olabilir. S\u00fcre\u00e7 rahatlat\u0131c\u0131 ve stres giderici olabilir, sanat yoluyla rahatlamak isteyen bireyler i\u00e7in yarat\u0131c\u0131 bir \u00e7\u0131k\u0131\u015f noktas\u0131 sunar.<\/li>\n<\/ul>\n<p><strong>\u00c7evre Dostu Giri\u015fimler:<\/strong><\/p>\n<ul>\n<li>\u0130leri D\u00f6n\u00fc\u015f\u00fcm Projeleri: Eski veya d\u00fcz \u00e7antalar\u0131 yenilemek i\u00e7in batik kitleri kullanmak ileri d\u00f6n\u00fc\u015f\u00fcm\u00fc te\u015fvik eder. Mevcut \u00e7antalar\u0131n \u00f6mr\u00fcn\u00fc uzat\u0131r, at\u0131klar\u0131 azalt\u0131r ve \u00e7evre dostu uygulamalara katk\u0131da bulunur.<\/li>\n<li>S\u00fcrd\u00fcr\u00fclebilir Moda: \u00c7antalar\u0131n batik desenlerle \u00f6zelle\u015ftirilmesi s\u00fcrd\u00fcr\u00fclebilir moda trendleriyle uyumludur. Yeniden kullan\u0131m ve ki\u015fiselle\u015ftirmeyi te\u015fvik ederek modaya y\u00f6nelik \u00e7evreye daha duyarl\u0131 bir yakla\u015f\u0131m\u0131 destekler.<\/li>\n<\/ul>","protected":false},"excerpt":{"rendered":"<p>Lale Parti Seti 6 Renkli Batik Seti En \u00e7ok satan batik renklerini b\u00fcy\u00fck boy bir kitte edinin! Tek ad\u0131ml\u0131 boyadan olu\u015fan 6 (16 oz.) temel g\u00f6kku\u015fa\u011f\u0131 paleti (k\u0131rm\u0131z\u0131, sar\u0131, ye\u015fil, turkuaz, mor), art\u0131 eldivenler ve lastik bantlar i\u00e7erir. Basic Rainbow paletinde (k\u0131rm\u0131z\u0131, sar\u0131, ye\u015fil, turkuaz, mor) 6 (16 oz.) tek ad\u0131ml\u0131 boyan\u0131n yan\u0131 s\u0131ra eldivenler ve lastik bantlar i\u00e7erir. Birincil g\u00f6kku\u015fa\u011f\u0131 paletinde (k\u0131rm\u0131z\u0131, turuncu, sar\u0131, ye\u015fil, turkuaz, mor) 6 (16 oz.) tek ad\u0131ml\u0131 boyan\u0131n yan\u0131 s\u0131ra eldivenler, lastik bantlar ve proje k\u0131lavuzu i\u00e7erir. Bu kit gard\u0131robunuza parlak g\u00f6kku\u015fa\u011f\u0131 batik e\u011flencesi katacak!<\/p>\n<p>Bir batik boya \u00e7antas\u0131 seti genellikle kendi benzersiz batik boya \u00e7antan\u0131z\u0131 olu\u015fturmak i\u00e7in gereken t\u00fcm malzemeleri i\u00e7erir. Kitin i\u00e7erisinde d\u00fcz bir kanvas veya pamuklu \u00e7anta, \u00e7e\u015fitli renklerde batik boyalar, ellerinizi koruyacak eldivenler, desen olu\u015fturmak i\u00e7in lastik bantlar veya ip, ba\u011flama ve boyama teknikleri i\u00e7in talimatlar bulunabilir.<\/p><\/p>","protected":false},"featured_media":18019,"comment_status":"closed","ping_status":"closed","template":"","meta":[],"product_cat":[226],"product_tag":[670,674,673,360,676,669,671,675,677,672],"acf":[],"_links":{"self":[{"href":"https:\/\/www.garden-kit.com\/tr\/wp-json\/wp\/v2\/product\/6859"}],"collection":[{"href":"https:\/\/www.garden-kit.com\/tr\/wp-json\/wp\/v2\/product"}],"about":[{"href":"https:\/\/www.garden-kit.com\/tr\/wp-json\/wp\/v2\/types\/product"}],"replies":[{"embeddable":true,"href":"https:\/\/www.garden-kit.com\/tr\/wp-json\/wp\/v2\/comments?post=6859"}],"wp:featuredmedia":[{"embeddable":true,"href":"https:\/\/www.garden-kit.com\/tr\/wp-json\/wp\/v2\/media\/18019"}],"wp:attachment":[{"href":"https:\/\/www.garden-kit.com\/tr\/wp-json\/wp\/v2\/media?parent=6859"}],"wp:term":[{"taxonomy":"product_cat","embeddable":true,"href":"https:\/\/www.garden-kit.com\/tr\/wp-json\/wp\/v2\/product_cat?post=6859"},{"taxonomy":"product_tag","embeddable":true,"href":"https:\/\/www.garden-kit.com\/tr\/wp-json\/wp\/v2\/product_tag?post=6859"}],"curies":[{"name":"wp","href":"https:\/\/api.w.org\/{rel}","templated":true}]}}